{"id":1247,"date":"2021-10-10T13:04:37","date_gmt":"2021-10-10T10:04:37","guid":{"rendered":"https:\/\/drersinaksu.com\/?page_id=1247"},"modified":"2021-10-10T13:16:54","modified_gmt":"2021-10-10T10:16:54","slug":"impressum","status":"publish","type":"page","link":"https:\/\/drersinaksu.com\/de\/impressum\/","title":{"rendered":"Impressum"},"content":{"rendered":"  <div id=\"page-header-1000949504\" class=\"page-header-wrapper\">\n  <div class=\"page-title dark featured-title\">\n\n    \n    <div class=\"page-title-inner container align-center text-center flex-row-col medium-flex-wrap\" >\n              <div class=\"title-wrapper flex-col\">\n          <h1 class=\"entry-title mb-0\">\n            Impressum          <\/h1>\n        <\/div>\n                    <div class=\"title-content flex-col\">\n              <\/div>\n    <\/div>\n\n       <\/div>\n    <\/div>\n  \n<div class=\"row\"  id=\"row-1963567780\">\n\n\t<div id=\"col-1966272346\" class=\"col small-12 large-12\"  >\n\t\t\t\t<div class=\"col-inner\"  >\n\t\t\t\n\t\t\t\n<h4>Angaben gem\u00e4\u00df \u00a7 5 TMG:<\/h4>\n<p><strong>DR. Ersin Aksu Clinic<br \/><\/strong><\/p>\n<p><a href=\"https:\/\/www.google.com\/maps\/dir\/\/Dr.+Ersin+Aksu+Obezite+ve+Diyabet+Cerrahisi+Uzman%C4%B1+Mansuro%C4%9Flu+Mahallesi+1593%2F1+Sokak+No:2C+Lider+Centrio+A+Blok+114C+35535+Bayrakl%C4%B1%2F%C4%B0zmir\/@38.45174,27.180996,14z\/data=!4m5!4m4!1m0!1m2!1m1!1s0x14b963aed13c8223:0xd00267f539ea1b68\" target=\"_blank\" rel=\"noopener\">Mansuro\u011flu Mahallesi 1593\/1 Sokak No:2C Lider Centrio A Blok 114C, 35535 Bayrakl\u0131\/\u0130zmir Turkie<\/a><\/p>\n<p><strong>Kontakt<\/strong><br \/>Telefon: <a href=\"tel:+905320547692\">+90 532 054 76 92<\/a><br \/>E-Mail: <a href=\"mailto:info@drersinaksu.com\">info@drersinaksu.com<\/a><br \/>Internet: www.drersinaksu.com<\/p>\n<p><strong>Gesch\u00e4ftsf\u00fchrung:<\/strong><br \/>Dr. Ersin Aksu<\/p>\n<p><strong>Dr. Ersin Aksu Clinic<\/strong><br \/>Sitz der Gesellschaft: \u0130zmir<br \/>Registergericht: Bornova Vd. Ba\u015fkanl\u0131\u011f\u0131<br \/>USt.ID: 11725780078<\/p>\n<p><strong>Inhaltlich Verantwortliche gem\u00e4\u00df \u00a7 55 Abs. 2 RStV:<\/strong><br \/>Dr. Ersin Aksu<\/p>\n<p><strong>Urheberrecht<\/strong><\/p>\n<p>Die durch den Betreiber dieser Webseite erstellten Inhalte und Werke auf den Seiten der Webseite unterliegen dem deutschen Urheberrecht. Die Vervielf\u00e4ltigung, Bearbeitung, Verbreitung und jede Art der Verwertung au\u00dferhalb der durch das Urheberrecht explizit erlaubten Verwendungen erfordern die schriftliche Zustimmung des Zust\u00e4ndigen. Soweit diese Webseite Inhalte enth\u00e4lt, die nicht vom Betreiber der Webseite erstellt wurden, wird den Urheberrechten Dritter Rechnung getragen und Inhalte Dritter sind entsprechend gekennzeichnet. Sollten Sie auf eine Urheberrechtsverletzung aufmerksam werden, bitten wir um einen Hinweis. Bei Bekanntwerden von Rechtsverletzungen werden wir die entsprechenden Inhalte umgehend entfernen.<\/p>\n<p><strong>Widerspruch Werbe-E-Mails<\/strong><\/p>\n<p>Der Nutzung von Kontaktdaten (die im Rahmen der Impressumspflicht ver\u00f6ffentlicht wurden) zur \u00dcbersendung von nicht ausdr\u00fccklich angeforderter Werbung und Informationen wird hiermit widersprochen. Der Seitenbetreiber beh\u00e4lt sich rechtliche Schritte bei unverlangter Zusendung von Werbeinformationen, insbesondere bei Spam-E-Mails, vor.<\/p>\n<p><strong>Informationen zu Streitbeilegungsverfahren<\/strong><\/p>\n<p>Wir sind weder bereit noch verpflichtet, an einem Streitbeilegungsverfahren vor einer Verbraucherschlichtungsstelle teilzunehmen. Zur Plattform der EU-Kommission zur Online-Streitbeilegung gelangen Sie hier:\u00a0<a href=\"http:\/\/www.ec.europa.eu\/consumers\/odr\" target=\"_blank\" rel=\"noopener\">www.ec.europa.eu\/consumers\/odr<\/a><\/p>\n<p>Die zust\u00e4ndige \u00c4rztekammer und g\u00fcltige Berufsordnung kann den Unterseiten der \u00c4rzte entnommen werden. Trotz sorgf\u00e4ltiger inhaltlicher Kontrollen \u00fcbernimmt die Dr. Ersin Aksu Clinic keine Haftung f\u00fcr die Inhalte der verlinkten Webseiten. F\u00fcr deren Inhalte sind ausschlie\u00dflich deren Betreiber verantwortlich.<\/p>\n<p>Alle Inhalte dieser Webseite (Texte, Fotos, Illustrationen etc.) sind urheberrechtlich gesch\u00fctzt und d\u00fcrfen ausschlie\u00dfich nach vorheriger schriftlicher Genehmigung der Dr. Ersin Aksu Clinic verwendet werden. Dies gilt f\u00fcr jede Art der Reproduktion, sei es schriftlich, optisch, akustisch oder als Wiedergabe in Form von Film- oder Fotoaufnahmen. Jede Zuwiderhandlung wird juristisch verfolgt.<\/p>\n\t\t<\/div>\n\t\t\t\t\t<\/div>\n\n\t\n\n<style>\n#row-1963567780 > .col > .col-inner {\n  padding: 20px 0px 0px 0px;\n}\n<\/style>\n<\/div>\n","protected":false},"excerpt":{"rendered":"","protected":false},"author":1,"featured_media":0,"parent":0,"menu_order":0,"comment_status":"closed","ping_status":"closed","template":"","meta":{"footnotes":""},"class_list":["post-1247","page","type-page","status-publish","hentry"],"_links":{"self":[{"href":"https:\/\/drersinaksu.com\/de\/wp-json\/wp\/v2\/pages\/1247","targetHints":{"allow":["GET"]}}],"collection":[{"href":"https:\/\/drersinaksu.com\/de\/wp-json\/wp\/v2\/pages"}],"about":[{"href":"https:\/\/drersinaksu.com\/de\/wp-json\/wp\/v2\/types\/page"}],"author":[{"embeddable":true,"href":"https:\/\/drersinaksu.com\/de\/wp-json\/wp\/v2\/users\/1"}],"replies":[{"embeddable":true,"href":"https:\/\/drersinaksu.com\/de\/wp-json\/wp\/v2\/comments?post=1247"}],"version-history":[{"count":0,"href":"https:\/\/drersinaksu.com\/de\/wp-json\/wp\/v2\/pages\/1247\/revisions"}],"wp:attachment":[{"href":"https:\/\/drersinaksu.com\/de\/wp-json\/wp\/v2\/media?parent=1247"}],"curies":[{"name":"wp","href":"https:\/\/api.w.org\/{rel}","templated":true}]}}