{"id":377,"date":"2021-09-06T06:05:00","date_gmt":"2021-09-06T06:05:00","guid":{"rendered":"https:\/\/drersinaksu.asoundfiction.com\/ueber-meine\/"},"modified":"2022-04-18T16:05:13","modified_gmt":"2022-04-18T14:05:13","slug":"uber-mich","status":"publish","type":"page","link":"https:\/\/drersinaksu.com\/de\/uber-mich\/","title":{"rendered":"\u00dcber Mich"},"content":{"rendered":"  <div id=\"page-header-218175541\" class=\"page-header-wrapper\">\n  <div class=\"page-title dark featured-title\">\n\n    \n    <div class=\"page-title-inner container align-center text-center flex-row-col medium-flex-wrap\" >\n              <div class=\"title-wrapper flex-col\">\n          <h1 class=\"entry-title mb-0\">\n            \u00dcber Mich          <\/h1>\n        <\/div>\n                    <div class=\"title-content flex-col\">\n        <ul class=\"nav sm-touch-scroll nav-line nav-uppercase text-center nav-center\"><li class=\"nav-single-page hidden\"><\/li><\/ul>      <\/div>\n    <\/div>\n\n       <\/div>\n    <\/div>\n  \n\n\t<section class=\"section\" id=\"section_2029805025\">\n\t\t<div class=\"section-bg fill\" >\n\t\t\t\t\t\t\t\t\t\n\t\t\t\n\n\t\t<\/div>\n\n\t\t\n\n\t\t<div class=\"section-content relative\">\n\t\t\t\n\t<div id=\"gap-17795062\" class=\"gap-element clearfix\" style=\"display:block; height:auto;\">\n\t\t\n<style>\n#gap-17795062 {\n  padding-top: 30px;\n}\n<\/style>\n\t<\/div>\n\t\n<div class=\"row align-equal align-center\"  id=\"row-496314239\">\n\n\t<div id=\"col-371283595\" class=\"col medium-6 small-12 large-6\"  >\n\t\t\t\t<div class=\"col-inner\"  >\n\t\t\t\n\t\t\t\n\t<div class=\"img has-hover x md-x lg-x y md-y lg-y\" id=\"image_793977844\">\n\t\t\t\t\t\t\t\t<div class=\"img-inner box-shadow-2 box-shadow-3-hover dark\" >\n\t\t\t<img loading=\"lazy\" decoding=\"async\" width=\"570\" height=\"700\" src=\"https:\/\/drersinaksu.com\/wp-content\/uploads\/2021\/08\/ersin-aksu-hakkimda.webp\" class=\"attachment-original size-original\" alt=\"\" srcset=\"https:\/\/drersinaksu.com\/wp-content\/uploads\/2021\/08\/ersin-aksu-hakkimda.webp 570w, https:\/\/drersinaksu.com\/wp-content\/uploads\/2021\/08\/ersin-aksu-hakkimda-244x300.webp 244w\" sizes=\"auto, (max-width: 570px) 100vw, 570px\" \/>\t\t\t\t\t\t\n\t\t\t\t\t<\/div>\n\t\t\t\t\t\t\t\t\n<style>\n#image_793977844 {\n  width: 100%;\n}\n<\/style>\n\t<\/div>\n\t\n<h4><strong><span style=\"color: #206a5d;\">Dr.Ersin Aksu <\/span><\/strong><\/h4>\n<p><span style=\"color: #000000;\">Adipositas- und Diabetes-Chirurg<\/span><\/p>\n\t\t<\/div>\n\t\t\t\t\t<\/div>\n\n\t\n\n\t<div id=\"col-1796425678\" class=\"col medium-6 small-12 large-6\"  >\n\t\t\t\t<div class=\"col-inner text-center\"  >\n\t\t\t\n\t\t\t\n\t<div id=\"text-2723049838\" class=\"text\">\n\t\t\n<div class=\"about-title mb-20\">\n<h1><span style=\"color: #206a5d;\">ZU MEINER PERSON <\/span><\/h1>\n<p><span style=\"color: #000000;\">Ich bin 1976 in Balikesir geboren. Meinen Mittelschul- und Oberstufenabschluss habe ich in Istanbul vollbracht. 2003 habe ich meinen Medizinabschluss in der Capa Medizin Fakult\u00e4t erhalten. <\/span><\/p>\n<p><span style=\"color: #000000;\">Um meine Erfahrungen und auch meinen medizinischen Werdegang erfolgreich gestalten zu k\u00f6nnen, habe ich meine Fachausbildung in der renommiertesten Fachhochschule &#8211; Cerrahpasa Medizin Fakult\u00e4t &#8211; auf allgemein Chirurgie absolviert.<\/span>\u00a0<\/p>\n<p><span style=\"color: #000000;\">Die allgemeinen Erfahrungen in der Cerrahpasa Fakult\u00e4t, so wie die zahlreichen teilgenommenen Adipositas Operationen und metabolischen Operationen, haben mich dazu verleitet, mich in diesem Fachgebiete zu spezialisieren. Nach meinem erfolgreichen Abschluss der Fachspezialisierung in der Cerrahpasa Medizin Fakult\u00e4t habe ich meine Pflichtarbeitszeit in Manisa abgearbeitet. Danach fiel meine Auswahl auf Izmir, wo ich bis lang meine Berufung aus\u00fcbe.<\/span><\/p>\n<p><span style=\"color: #000000;\">Dank der vielen Erfahrungen, die ich w\u00e4hrend meines beruflichen Werdegangs und w\u00e4hrend meiner Berufung selbst gesammelt habe, war es mir m\u00f6glich eine neue Methode f\u00fcr die Adipositas-Chirurgie zu entwickeln. Mit der 3-Loch-Chirurgie ist es mir m\u00f6glich die Operationen im metabolischen Bereich, ohne andere Organe zu verletzen, durchzuf\u00fchren. Somit sind s\u00e4mtliche Komplikationen, die bei der klassischen Methode entstehen k\u00f6nnen, ausgeschlossen.<\/span>\u00a0<\/p>\n<\/div>\n\t\t\n<style>\n#text-2723049838 {\n  text-align: left;\n}\n<\/style>\n\t<\/div>\n\t\n\t<div id=\"gap-763527930\" class=\"gap-element clearfix\" style=\"display:block; height:auto;\">\n\t\t\n<style>\n#gap-763527930 {\n  padding-top: 30px;\n}\n<\/style>\n\t<\/div>\n\t\n<a data-animate=\"fadeInLeft\" href=\"\/de\/kontakt\/\" class=\"button secondary lowercase\" style=\"border-radius:21px;\">\n\t\t<span>Kontakt<\/span>\n\t<\/a>\n\n\t\t<\/div>\n\t\t\t\t\t<\/div>\n\n\t\n\n<style>\n#row-496314239 > .col > .col-inner {\n  padding: 20px 20px 20px 20px;\n}\n<\/style>\n<\/div>\n\t\t<\/div>\n\n\t\t\n<style>\n#section_2029805025 {\n  padding-top: 30px;\n  padding-bottom: 30px;\n  background-color: rgb(249, 249, 246);\n}\n<\/style>\n\t<\/section>\n\t\n\n\t<section class=\"section\" id=\"section_1788462617\">\n\t\t<div class=\"section-bg fill\" >\n\t\t\t\t\t\t\t\t\t\n\t\t\t\n\n\t\t<\/div>\n\n\t\t\n\n\t\t<div class=\"section-content relative\">\n\t\t\t\n<div class=\"row\"  id=\"row-1889733115\">\n\n\t<div id=\"col-801234265\" class=\"col medium-6 small-12 large-6\"  >\n\t\t\t\t<div class=\"col-inner\"  >\n\t\t\t\n\t\t\t\n<div class=\"video video-fit mb\" style=\"padding-top:56.25%;\"><p><iframe loading=\"lazy\" title=\"Haben Sie Probleme mit Ihrem Gewicht?\" width=\"1020\" height=\"574\" src=\"https:\/\/www.youtube.com\/embed\/yW8xmvPi5ao?feature=oembed\" frameborder=\"0\" allow=\"accelerometer; autoplay; clipboard-write; encrypted-media; gyroscope; picture-in-picture\" allowfullscreen><\/iframe><\/p>\n<\/div>\n\t\t<\/div>\n\t\t\t\t\t<\/div>\n\n\t\n\n\t<div id=\"col-697276970\" class=\"col medium-6 small-12 large-6\"  >\n\t\t\t\t<div class=\"col-inner\"  >\n\t\t\t\n\t\t\t\n<div class=\"video video-fit mb\" style=\"padding-top:56.25%;\"><p><iframe loading=\"lazy\" title=\"\u00c7ocuklu\u011fumun Ge\u00e7ti\u011fi K\u00f6ye Gittik - Meine Kindheit\" width=\"1020\" height=\"574\" src=\"https:\/\/www.youtube.com\/embed\/qwXfMsgGeOc?feature=oembed\" frameborder=\"0\" allow=\"accelerometer; autoplay; clipboard-write; encrypted-media; gyroscope; picture-in-picture\" allowfullscreen><\/iframe><\/p>\n<\/div>\n\t\t<\/div>\n\t\t\t\t\t<\/div>\n\n\t\n<\/div>\n\t\t<\/div>\n\n\t\t\n<style>\n#section_1788462617 {\n  padding-top: 30px;\n  padding-bottom: 30px;\n}\n<\/style>\n\t<\/section>\n\t\n","protected":false},"excerpt":{"rendered":"","protected":false},"author":1,"featured_media":0,"parent":0,"menu_order":0,"comment_status":"closed","ping_status":"closed","template":"page-blank.php","meta":{"footnotes":""},"class_list":["post-377","page","type-page","status-publish","hentry"],"_links":{"self":[{"href":"https:\/\/drersinaksu.com\/de\/wp-json\/wp\/v2\/pages\/377","targetHints":{"allow":["GET"]}}],"collection":[{"href":"https:\/\/drersinaksu.com\/de\/wp-json\/wp\/v2\/pages"}],"about":[{"href":"https:\/\/drersinaksu.com\/de\/wp-json\/wp\/v2\/types\/page"}],"author":[{"embeddable":true,"href":"https:\/\/drersinaksu.com\/de\/wp-json\/wp\/v2\/users\/1"}],"replies":[{"embeddable":true,"href":"https:\/\/drersinaksu.com\/de\/wp-json\/wp\/v2\/comments?post=377"}],"version-history":[{"count":0,"href":"https:\/\/drersinaksu.com\/de\/wp-json\/wp\/v2\/pages\/377\/revisions"}],"wp:attachment":[{"href":"https:\/\/drersinaksu.com\/de\/wp-json\/wp\/v2\/media?parent=377"}],"curies":[{"name":"wp","href":"https:\/\/api.w.org\/{rel}","templated":true}]}}