{"id":381,"date":"2021-09-06T06:08:44","date_gmt":"2021-09-06T06:08:44","guid":{"rendered":"https:\/\/drersinaksu.asoundfiction.com\/adipositas-chirurgie\/"},"modified":"2022-05-24T16:34:10","modified_gmt":"2022-05-24T14:34:10","slug":"adipositas-chirurgie","status":"publish","type":"page","link":"https:\/\/drersinaksu.com\/de\/adipositas-chirurgie\/","title":{"rendered":"Adipositas-Chirurgie"},"content":{"rendered":"  <div id=\"page-header-799951881\" class=\"page-header-wrapper\">\n  <div class=\"page-title dark featured-title\">\n\n    \n    <div class=\"page-title-inner container align-center text-center flex-row-col medium-flex-wrap\" >\n              <div class=\"title-wrapper flex-col\">\n          <h1 class=\"entry-title mb-0\">\n            Adipositas-Chirurgie          <\/h1>\n        <\/div>\n                    <div class=\"title-content flex-col\">\n        <ul class=\"nav sm-touch-scroll nav-line nav-uppercase text-center nav-center\"><li class=\"nav-single-page hidden\"><\/li><\/ul>      <\/div>\n    <\/div>\n\n       <\/div>\n    <\/div>\n  \n\n\t<section class=\"section\" id=\"section_1585749063\">\n\t\t<div class=\"section-bg fill\" >\n\t\t\t\t\t\t\t\t\t\n\t\t\t\n\n\t\t<\/div>\n\n\t\t\n\n\t\t<div class=\"section-content relative\">\n\t\t\t\n<div class=\"row align-middle\"  id=\"row-2057894\">\n\n\t<div id=\"col-886275813\" class=\"col medium-6 small-12 large-6\"  >\n\t\t\t\t<div class=\"col-inner\"  >\n\t\t\t\n\t\t\t\n<div class=\"video video-fit mb asf_video\" style=\"padding-top:56.25%;\"><p><iframe loading=\"lazy\" title=\"Schlauchmagen Operation in der T\u00fcrkei. Worauf achten ?\" width=\"1020\" height=\"574\" src=\"https:\/\/www.youtube.com\/embed\/Z97VlnLZu4g?feature=oembed&#038;enablejsapi=1&#038;origin=https:\/\/drersinaksu.com\" frameborder=\"0\" allow=\"accelerometer; autoplay; clipboard-write; encrypted-media; gyroscope; picture-in-picture; web-share\" referrerpolicy=\"strict-origin-when-cross-origin\" allowfullscreen><\/iframe><\/p>\n<\/div>\n\t\t<\/div>\n\t\t\t\t\t<\/div>\n\n\t\n\n\t<div id=\"col-1639459701\" class=\"col medium-6 small-12 large-6\"  >\n\t\t\t\t<div class=\"col-inner text-left\"  >\n\t\t\t\n\t\t\t\n\t<div id=\"text-2656241178\" class=\"text\">\n\t\t\n<h2 style=\"text-align: center;\"><span class=\"fancy-underline\"><span style=\"color: #206a5d;\">Was ist Adipositas ?<\/span><\/span><\/h2>\n<p><span style=\"color: #000000;\">Adipositas, auch als &#8222;\u00dcbergewicht&#8220; im Volksmunde bekannt, ist eine Ansammlung von \u00fcberm\u00e4\u00dfigem Fett im K\u00f6rper, welches auch die Gesundheit beeintr\u00e4chtigt. Die Fettzellen produzieren hormonale und chemische Stoffe die das gesamte K\u00f6persystem beeinflussen. Manche dieser Stoffe verursachen eine Steigerung des Appetits, des S\u00e4ttigungsgef\u00fchls und somit eine Steigerung des Adipositas. Die Zunahme an Gewicht ist eine gro\u00dfe Gefahr f\u00fcr unsere Gesundheit. Sie f\u00fchrt oftmals auch zu einer Einschr\u00e4nkung der Bewegungen und ist leider ein Grund f\u00fcr ernsthafte Erkrankungen.<\/span><\/p>\n\t\t\n<style>\n#text-2656241178 {\n  text-align: left;\n}\n<\/style>\n\t<\/div>\n\t\n<a href=\"https:\/\/drersinaksu.com\/de\/body-mass-index-bmi\/\" class=\"button secondary is-outline\" style=\"border-radius:10px;\">\n\t\t<span>BMI Berechnen<\/span>\n\t<\/a>\n\n\t\t<\/div>\n\t\t\t\t\t<\/div>\n\n\t\n<\/div>\n\t\t<\/div>\n\n\t\t\n<style>\n#section_1585749063 {\n  padding-top: 45px;\n  padding-bottom: 45px;\n  background-color: rgb(249, 249, 246);\n}\n<\/style>\n\t<\/section>\n\t\n\t<div id=\"gap-1682544997\" class=\"gap-element clearfix\" style=\"display:block; height:auto;\">\n\t\t\n<style>\n#gap-1682544997 {\n  padding-top: 30px;\n}\n<\/style>\n\t<\/div>\n\t\n<div class=\"row align-equal\"  id=\"row-1356139654\">\n\n\t<div id=\"col-1352434188\" class=\"col medium-4 small-12 large-4\"  >\n\t\t\t\t<div class=\"col-inner box-shadow-3\"  >\n\t\t\t\n\t\t\t\n\n\t<a class=\"plain\" href=\"https:\/\/drersinaksu.com\/de\/schlauchmagen-operation\/\" >\t<div class=\"icon-box featured-box icon-box-center text-center\"  >\n\t\t\t\t\t<div class=\"icon-box-img\" style=\"width: 80px\">\n\t\t\t\t<div class=\"icon\">\n\t\t\t\t\t<div class=\"icon-inner\" >\n\t\t\t\t\t\t<img loading=\"lazy\" decoding=\"async\" width=\"300\" height=\"300\" src=\"https:\/\/drersinaksu.com\/wp-content\/uploads\/2021\/08\/cerrahi-operasyon-300x300.png\" class=\"attachment-medium size-medium\" alt=\"\" srcset=\"https:\/\/drersinaksu.com\/wp-content\/uploads\/2021\/08\/cerrahi-operasyon-300x300.png 300w, https:\/\/drersinaksu.com\/wp-content\/uploads\/2021\/08\/cerrahi-operasyon-150x150.png 150w, https:\/\/drersinaksu.com\/wp-content\/uploads\/2021\/08\/cerrahi-operasyon.png 501w\" sizes=\"auto, (max-width: 300px) 100vw, 300px\" \/>\t\t\t\t\t<\/div>\n\t\t\t\t<\/div>\n\t\t\t<\/div>\n\t\t\t\t<div class=\"icon-box-text last-reset\">\n\t\t\t\t\t\t\t\t\t\n<h3><a href=\"https:\/\/drersinaksu.com\/de\/schlauchmagen-operation\/\"><span style=\"color: #206a5d;\">Schlauchmagen-Operation<\/span><\/a><\/h3>\n<p><span style=\"color: #000000;\">In der Adipositas Chirurgie, ist es heutzutage die meist angewandte Methode. Diese ist verbreitet auch als Magenverkleinerung bekannt.<\/span><\/p>\n\t<div id=\"gap-542358340\" class=\"gap-element clearfix\" style=\"display:block; height:auto;\">\n\t\t\n<style>\n#gap-542358340 {\n  padding-top: 20px;\n}\n<\/style>\n\t<\/div>\n\t\n<a href=\"https:\/\/drersinaksu.com\/de\/schlauchmagen-operation\/\" class=\"button secondary is-underline lowercase\" >\n\t\t<span>Mehr \u0130nformationen<\/span>\n\t<\/a>\n\n\t\t<\/div>\n\t<\/div>\n\t<\/a>\n\t\n\t\t<\/div>\n\t\t\t\t\n<style>\n#col-1352434188 > .col-inner {\n  padding: 10px 10px 10px 10px;\n  border-radius: 25px;\n}\n<\/style>\n\t<\/div>\n\n\t\n\n\t<div id=\"col-1491837525\" class=\"col medium-4 small-12 large-4\"  >\n\t\t\t\t<div class=\"col-inner box-shadow-3\"  >\n\t\t\t\n\t\t\t\n\n\t<a class=\"plain\" href=\"https:\/\/drersinaksu.com\/de\/adipositas-chirurgie\/adipositas\/\" >\t<div class=\"icon-box featured-box icon-box-center text-center\"  >\n\t\t\t\t\t<div class=\"icon-box-img\" style=\"width: 80px\">\n\t\t\t\t<div class=\"icon\">\n\t\t\t\t\t<div class=\"icon-inner\" >\n\t\t\t\t\t\t<img loading=\"lazy\" decoding=\"async\" width=\"300\" height=\"300\" src=\"https:\/\/drersinaksu.com\/wp-content\/uploads\/2021\/08\/ameliyatsiz-zayiflama-300x300.png\" class=\"attachment-medium size-medium\" alt=\"\" srcset=\"https:\/\/drersinaksu.com\/wp-content\/uploads\/2021\/08\/ameliyatsiz-zayiflama-300x300.png 300w, https:\/\/drersinaksu.com\/wp-content\/uploads\/2021\/08\/ameliyatsiz-zayiflama-150x150.png 150w, https:\/\/drersinaksu.com\/wp-content\/uploads\/2021\/08\/ameliyatsiz-zayiflama.png 501w\" sizes=\"auto, (max-width: 300px) 100vw, 300px\" \/>\t\t\t\t\t<\/div>\n\t\t\t\t<\/div>\n\t\t\t<\/div>\n\t\t\t\t<div class=\"icon-box-text last-reset\">\n\t\t\t\t\t\t\t\t\t\n<h3><a href=\"\/de\/ohne-Operationen-abnehmen\"><span style=\"color: #206a5d;\">Adipositas<\/span><\/a><\/h3>\n<p><span style=\"color: #000000;\">Adipositas, auch als \u201e\u00dcbergewicht\u201c im Volksmunde bekannt, ist eine Ansammlung von \u00fcberm\u00e4\u00dfigem Fett im K\u00f6rper, welches auch die Gesundheit beeintr\u00e4chtigt.<\/span><\/p>\n<a href=\"https:\/\/drersinaksu.com\/de\/adipositas-chirurgie\/adipositas\/\" class=\"button secondary is-underline lowercase\" >\n\t\t<span>Mehr \u0130nformationen<\/span>\n\t<\/a>\n\n\t\t<\/div>\n\t<\/div>\n\t<\/a>\n\t\n\t\t<\/div>\n\t\t\t\t\n<style>\n#col-1491837525 > .col-inner {\n  padding: 10px 10px 10px 10px;\n  border-radius: 25px;\n}\n<\/style>\n\t<\/div>\n\n\t\n\n\t<div id=\"col-1547374011\" class=\"col medium-4 small-12 large-4\"  >\n\t\t\t\t<div class=\"col-inner box-shadow-3\"  >\n\t\t\t\n\t\t\t\n\n\t<a class=\"plain\" href=\"\/de\/adipositas-chirurgie\/magen-bypass\/\" >\t<div class=\"icon-box featured-box icon-box-center text-center\"  >\n\t\t\t\t\t<div class=\"icon-box-img\" style=\"width: 80px\">\n\t\t\t\t<div class=\"icon\">\n\t\t\t\t\t<div class=\"icon-inner\" >\n\t\t\t\t\t\t<img loading=\"lazy\" decoding=\"async\" width=\"300\" height=\"300\" src=\"https:\/\/drersinaksu.com\/wp-content\/uploads\/2021\/12\/gastrik-bypass-icon-300x300.png\" class=\"attachment-medium size-medium\" alt=\"\" srcset=\"https:\/\/drersinaksu.com\/wp-content\/uploads\/2021\/12\/gastrik-bypass-icon-300x300.png 300w, https:\/\/drersinaksu.com\/wp-content\/uploads\/2021\/12\/gastrik-bypass-icon-150x150.png 150w, https:\/\/drersinaksu.com\/wp-content\/uploads\/2021\/12\/gastrik-bypass-icon.png 500w\" sizes=\"auto, (max-width: 300px) 100vw, 300px\" \/>\t\t\t\t\t<\/div>\n\t\t\t\t<\/div>\n\t\t\t<\/div>\n\t\t\t\t<div class=\"icon-box-text last-reset\">\n\t\t\t\t\t\t\t\t\t\n<h3><a href=\"\/de\/adipositas-chirurgie\/magen-bypass\/\"><span style=\"color: #206a5d;\">Magen-Bypass<\/span><\/a><\/h3>\n<p><span style=\"color: #000000;\">Bypass bedeutet die Verwendung einer Verkn\u00fcpfung. Magenbypass bedeutet, in der allgemeinen Chirurgie einen \u00dcbergang vom Magen zum Darm zu schaffen.\u00a0<\/span><\/p>\n<a href=\"\/de\/adipositas-chirurgie\/magen-bypass\/\" class=\"button secondary is-underline lowercase\" >\n\t\t<span>Mehr \u0130nformationen<\/span>\n\t<\/a>\n\n\t\t<\/div>\n\t<\/div>\n\t<\/a>\n\t\n\t\t<\/div>\n\t\t\t\t\n<style>\n#col-1547374011 > .col-inner {\n  padding: 10px 10px 10px 10px;\n  border-radius: 25px;\n}\n<\/style>\n\t<\/div>\n\n\t\n<\/div>\n\t<div id=\"gap-1858932738\" class=\"gap-element clearfix\" style=\"display:block; height:auto;\">\n\t\t\n<style>\n#gap-1858932738 {\n  padding-top: 30px;\n}\n<\/style>\n\t<\/div>\n\t\n","protected":false},"excerpt":{"rendered":"","protected":false},"author":1,"featured_media":0,"parent":0,"menu_order":0,"comment_status":"closed","ping_status":"closed","template":"page-blank.php","meta":{"footnotes":""},"class_list":["post-381","page","type-page","status-publish","hentry"],"_links":{"self":[{"href":"https:\/\/drersinaksu.com\/de\/wp-json\/wp\/v2\/pages\/381","targetHints":{"allow":["GET"]}}],"collection":[{"href":"https:\/\/drersinaksu.com\/de\/wp-json\/wp\/v2\/pages"}],"about":[{"href":"https:\/\/drersinaksu.com\/de\/wp-json\/wp\/v2\/types\/page"}],"author":[{"embeddable":true,"href":"https:\/\/drersinaksu.com\/de\/wp-json\/wp\/v2\/users\/1"}],"replies":[{"embeddable":true,"href":"https:\/\/drersinaksu.com\/de\/wp-json\/wp\/v2\/comments?post=381"}],"version-history":[{"count":0,"href":"https:\/\/drersinaksu.com\/de\/wp-json\/wp\/v2\/pages\/381\/revisions"}],"wp:attachment":[{"href":"https:\/\/drersinaksu.com\/de\/wp-json\/wp\/v2\/media?parent=381"}],"curies":[{"name":"wp","href":"https:\/\/api.w.org\/{rel}","templated":true}]}}