{"id":385,"date":"2021-09-06T06:14:47","date_gmt":"2021-09-06T06:14:47","guid":{"rendered":"https:\/\/drersinaksu.asoundfiction.com\/adipositas-chirurgie\/magen-bypass\/"},"modified":"2022-05-31T09:55:32","modified_gmt":"2022-05-31T07:55:32","slug":"magen-bypass","status":"publish","type":"page","link":"https:\/\/drersinaksu.com\/de\/adipositas-chirurgie\/magen-bypass\/","title":{"rendered":"Magen-Bypass"},"content":{"rendered":"  <div id=\"page-header-1920172914\" class=\"page-header-wrapper\">\n  <div class=\"page-title dark featured-title\">\n\n    \n    <div class=\"page-title-inner container align-center text-center flex-row-col medium-flex-wrap\" >\n              <div class=\"title-wrapper flex-col\">\n          <h1 class=\"entry-title mb-0\">\n            Magen-Bypass          <\/h1>\n        <\/div>\n                    <div class=\"title-content flex-col\">\n        <ul class=\"nav sm-touch-scroll nav-line nav-uppercase text-center nav-center\"><li class=\"nav-single-page hidden\"><\/li><\/ul>      <\/div>\n    <\/div>\n\n       <\/div>\n    <\/div>\n  \n\t<div id=\"gap-1530281721\" class=\"gap-element clearfix\" style=\"display:block; height:auto;\">\n\t\t\n<style>\n#gap-1530281721 {\n  padding-top: 30px;\n}\n<\/style>\n\t<\/div>\n\t\n\n\t<section class=\"section\" id=\"section_306172482\">\n\t\t<div class=\"section-bg fill\" >\n\t\t\t\t\t\t\t\t\t\n\t\t\t\n\n\t\t<\/div>\n\n\t\t\n\n\t\t<div class=\"section-content relative\">\n\t\t\t\n<div class=\"row align-center\" style=\"max-width:1500px\" id=\"row-21143589\">\n\n\t<div id=\"col-355523975\" class=\"col medium-12 small-12 large-6\"  >\n\t\t\t\t<div class=\"col-inner\"  >\n\t\t\t\n\t\t\t\n<div class=\"section-title pos-rel mb-45\">\n<div class=\"section-text pos-rel\"><strong><span style=\"color: #206a5d; font-size: 23.04px;\">Magen-Bypass<\/span><\/strong><\/div>\n<\/div>\n<div>\u00a0<\/div>\n<div class=\"service-details-text mb-30\">\n<div class=\"service-details-text mb-30\"><span style=\"color: #000000;\">Bypass bedeutet die Verwendung einer Verkn\u00fcpfung. Magenbypass bedeutet, in der allgemeinen Chirurgie einen \u00dcbergang vom Magen zum Darm zu schaffen. Es ist eine Methode, die bei verschiedenen Krankheiten angewendet wird, die den Magenausgang behindern. Im Sinnder der Adipositas-Chirurgie ist der Magenbypass ein chirurgischer Eingriff, bei der dem gr\u00f6\u00dfte Teil des Magens verhindert wird und die aufgenommene Nahrung mit fast nur der H\u00e4lfte des Darms verdaut wird.<\/span><\/div>\n<div>\u00a0<\/div>\n<\/div>\n<div>\n<h3><span style=\"color: #206a5d;\">Bei wem ist die Magen-Bypass-Operation durchf\u00fchrbar?<\/span><\/h3>\n<p><span style=\"color: #000000;\">Es kann bei Patienten mit Adipositas angewendet werden, die nicht in der Lage sind, eigenst\u00e4ndig Gewicht zu verlieren, oder die eine gewichtsbedingte Insulinresisteny und oder Gelenkbeschwerden haben. Obwohl es bis vor f\u00fcnf Jahren die h\u00e4ufiste chirgurische Methode war, wurde die H\u00e4ufigkeit der Anwendung verringert, da der Schlauchmagen immer beliebter wurde.<\/span>(Es wird jetzt als zweite Operation (Revisionschirurgie) bei Patienten eingesetzt, die nach dem Schlauchmagen an Gewicht zunehmen.)<\/p>\n<h3><span style=\"color: #206a5d;\">Wie wird die Magen-Bypass-Operation durchgef\u00fchrt?<\/span><\/h3>\n<p><span style=\"color: #000000;\">Der gesamte Eingriff wird laparoskopisch (geschlossen) durchgef\u00fchrt. Die laparoskopische Operation wird durchgef\u00fchrt, indem viele kleine Schnitte gemacht werden. Die durch die Schnitte platzierten Portkatheder werden verwendet, um den Bauchraum mit den Handwerkzeugen zu erreichen. Eine der Schnitte dient zum Einf\u00fchren des chirurgischen Teleskops (Videokamera) und die Anderen zum Einf\u00fchren der spezialiersten chirurgieschen Instrumente. Der Chirurg beobachtet die Operation auf dem Videomonitor. Mit Erfahrung kann ein erfahrener laparoskopischer Chirurg viele Eingriffe durchf\u00fchren, genau wie bei einer offenen Operation.<\/span><\/p>\n<\/div>\n\t\t<\/div>\n\t\t\t\t\t<\/div>\n\n\t\n\n\t<div id=\"col-31571305\" class=\"col medium-10 small-12 large-6 medium-col-first\"  >\n\t\t\t\t<div class=\"col-inner\"  >\n\t\t\t\n\t\t\t\n\t<div class=\"img has-hover x md-x lg-x y md-y lg-y\" id=\"image_79883567\">\n\t\t\t\t\t\t\t\t<div class=\"img-inner image-cover dark\" style=\"padding-top:95%;\">\n\t\t\t<img loading=\"lazy\" decoding=\"async\" width=\"463\" height=\"481\" src=\"https:\/\/drersinaksu.com\/wp-content\/uploads\/2021\/09\/sss1-01.jpeg\" class=\"attachment-original size-original\" alt=\"\" srcset=\"https:\/\/drersinaksu.com\/wp-content\/uploads\/2021\/09\/sss1-01.jpeg 463w, https:\/\/drersinaksu.com\/wp-content\/uploads\/2021\/09\/sss1-01-289x300.jpeg 289w\" sizes=\"auto, (max-width: 463px) 100vw, 463px\" \/>\t\t\t\t\t\t\n\t\t\t\t\t<\/div>\n\t\t\t\t\t\t\t\t\n<style>\n#image_79883567 {\n  width: 100%;\n}\n@media (min-width:850px) {\n  #image_79883567 {\n    width: 100%;\n  }\n}\n<\/style>\n\t<\/div>\n\t\n\t\t<\/div>\n\t\t\t\t\t<\/div>\n\n\t\n<\/div>\n\t\t<\/div>\n\n\t\t\n<style>\n#section_306172482 {\n  padding-top: 30px;\n  padding-bottom: 30px;\n  background-color: rgb(255, 255, 255);\n}\n<\/style>\n\t<\/section>\n\t\n\n\t<section class=\"section\" id=\"section_1728999847\">\n\t\t<div class=\"section-bg fill\" >\n\t\t\t\t\t\t\t\t\t\n\t\t\t\n\n\t\t<\/div>\n\n\t\t\n\n\t\t<div class=\"section-content relative\">\n\t\t\t\n\t<div id=\"gap-1044663277\" class=\"gap-element clearfix hide-for-small\" style=\"display:block; height:auto;\">\n\t\t\n<style>\n#gap-1044663277 {\n  padding-top: 20px;\n}\n<\/style>\n\t<\/div>\n\t\n<div class=\"row align-equal align-center\" style=\"max-width:1500px\" id=\"row-1349131295\">\n\n\t<div id=\"col-1898274655\" class=\"col medium-4 small-12 large-4\"  >\n\t\t\t\t<div class=\"col-inner\"  >\n\t\t\t\n\t\t\t\n<p><strong><span style=\"font-size: 160%;\">1- Beratung<\/span><br \/><\/strong>Wir beraten Sie pers\u00f6nlich oder telefonisch bez\u00fcglich der\u00a0<strong>magen bypass<\/strong>\u00a0in R\u00fccksprache mit unserem Partnerchirurgen.<\/p>\n\t\t<\/div>\n\t\t\t\t\n<style>\n#col-1898274655 > .col-inner {\n  padding: 5px 0px 0px 5px;\n}\n<\/style>\n\t<\/div>\n\n\t\n\n\t<div id=\"col-930933570\" class=\"col medium-4 small-12 large-4\"  >\n\t\t\t\t<div class=\"col-inner\"  >\n\t\t\t\n\t\t\t\n<p><strong><span style=\"font-size: 160%;\">2 &#8211; Behandlung<\/span><br \/>\n<\/strong>Die Behandlung erfolgt nach detaillierter Aufkl\u00e4rung und verschiedenen Untersuchungen von unserem Spezialisten.<\/p>\n\t\t<\/div>\n\t\t\t\t\n<style>\n#col-930933570 > .col-inner {\n  padding: 5px 0px 0px 5px;\n  border-radius: 18px;\n}\n<\/style>\n\t<\/div>\n\n\t\n\n\t<div id=\"col-232054717\" class=\"col medium-4 small-12 large-4\"  >\n\t\t\t\t<div class=\"col-inner\"  >\n\t\t\t\n\t\t\t\n<p><span style=\"font-size: 160%;\"><strong>3 &#8211; Erfolg<\/strong><\/span><br \/>\nMit einer detaillierten Ern\u00e4hrungsberatung starten Sie in Ihr neues Leben \u2013 und wir sind stets an Ihrer Seite. Schritt f\u00fcr Schritt, bis zum gew\u00fcnschten Erfolg.<\/p>\n\t\t<\/div>\n\t\t\t\t\n<style>\n#col-232054717 > .col-inner {\n  padding: 0px 0px 0px 5px;\n  border-radius: 18px;\n}\n@media (min-width:850px) {\n  #col-232054717 > .col-inner {\n    padding: 0px 0px 0px 5px;\n  }\n}\n<\/style>\n\t<\/div>\n\n\t\n\n\t<div id=\"col-578116006\" class=\"col medium-10 small-12 large-6\"  >\n\t\t\t\t<div class=\"col-inner\"  >\n\t\t\t\n\t\t\t\n\t<div class=\"img has-hover x md-x lg-x y md-y lg-y\" id=\"image_1347193511\">\n\t\t\t\t\t\t\t\t<div class=\"img-inner image-cover dark\" style=\"padding-top:73%;\">\n\t\t\t<img loading=\"lazy\" decoding=\"async\" width=\"1920\" height=\"1280\" src=\"https:\/\/drersinaksu.com\/wp-content\/uploads\/2021\/08\/dr-ersin-aksu-ameliyatsiz-zayiflama-slider.jpeg\" class=\"attachment-original size-original\" alt=\"\" srcset=\"https:\/\/drersinaksu.com\/wp-content\/uploads\/2021\/08\/dr-ersin-aksu-ameliyatsiz-zayiflama-slider.jpeg 1920w, https:\/\/drersinaksu.com\/wp-content\/uploads\/2021\/08\/dr-ersin-aksu-ameliyatsiz-zayiflama-slider-300x200.jpeg 300w, https:\/\/drersinaksu.com\/wp-content\/uploads\/2021\/08\/dr-ersin-aksu-ameliyatsiz-zayiflama-slider-1024x683.jpeg 1024w, https:\/\/drersinaksu.com\/wp-content\/uploads\/2021\/08\/dr-ersin-aksu-ameliyatsiz-zayiflama-slider-768x512.jpeg 768w, https:\/\/drersinaksu.com\/wp-content\/uploads\/2021\/08\/dr-ersin-aksu-ameliyatsiz-zayiflama-slider-1536x1024.jpeg 1536w\" sizes=\"auto, (max-width: 1920px) 100vw, 1920px\" \/>\t\t\t\t\t\t\n\t\t\t\t\t<\/div>\n\t\t\t\t\t\t\t\t\n<style>\n#image_1347193511 {\n  width: 100%;\n}\n<\/style>\n\t<\/div>\n\t\n\t\t<\/div>\n\t\t\t\t\t<\/div>\n\n\t\n\n\t<div id=\"col-149814124\" class=\"col medium-12 small-12 large-6\"  >\n\t\t\t\t<div class=\"col-inner\"  >\n\t\t\t\n\t\t\t\n<div class=\"row\"  id=\"row-1185624976\">\n\n\t<div id=\"col-815773985\" class=\"col small-12 large-12\"  >\n\t\t\t\t<div class=\"col-inner\"  >\n\t\t\t\n\t\t\t\n\t<div id=\"gap-1305271289\" class=\"gap-element clearfix hide-for-small\" style=\"display:block; height:auto;\">\n\t\t\n<style>\n#gap-1305271289 {\n  padding-top: 35px;\n}\n<\/style>\n\t<\/div>\n\t\n<h3><span style=\"color: #206a5d;\">Was sind die Nachteile der Magen-Bypass-Operation im Gegesatz zur Schlauchmagen-Operation?<\/span><\/h3>\n<ul>\n<li><span style=\"color: #000000;\">Es f\u00fchrt zu l\u00e4ngerfristigen Vitamin- und Mineralstoffmangel (insbesondere Vitamin B12, Eisen, Kalzium und Folat). <\/span><\/li>\n<li><span style=\"color: #000000;\">Ern\u00e4hrungsempfehlungen erfordern eine lebenslange Vitamin-Mineral-Erg\u00e4nzung und Nachsorge. Bei einer erneuerten Zunahme, sind die Revisionschirurgie-Optionen eingeschr\u00e4nkter. <\/span><\/li>\n<li><span style=\"color: #000000;\">Wenn es Probelme gibgt, besteht keine M\u00f6glichkeit einer Intervention in Galleng\u00e4nge und Pankreasg\u00e4nge mit Endoskopie. <\/span><\/li>\n<li><span style=\"color: #000000;\">Operationen wir ERCP und Biopsie k\u00f6nnen nicht durfchgef\u00fchrt werden. Es besteht keine M\u00f6glichkeit mehr das geschlossene Magengewebe endoskopisch zu kontrollieren. <\/span><\/li>\n<li><span style=\"color: #000000;\">Die Appetitkormon sekretierende Teil des Magen wird nicht ausgeschlossen, daher ist die Appetitminderung geringer als bei der Schlauchmagen-Operation.<\/span><\/li>\n<\/ul>\n\t\t<\/div>\n\t\t\t\t\n<style>\n#col-815773985 > .col-inner {\n  margin: -26px 0px 0px 0px;\n}\n<\/style>\n\t<\/div>\n\n\t\n<\/div>\n<div class=\"row\"  id=\"row-550472276\">\n\n\t<div id=\"col-988250493\" class=\"col small-12 large-12\"  >\n\t\t\t\t<div class=\"col-inner\"  >\n\t\t\t\n\t\t\t\n<p><a href=\"https:\/\/drersinaksu.com\/de\/uber-mich\/\"><span style=\"font-weight: 400;\">Op. Dr. Ersin Aksu<\/span><\/a><span style=\"font-weight: 400;\"> und sein erfahrenes Team streben stets mit einer strengen pr\u00e4- und postoperativen Nachsorge einen hohen Erfolg an. Ihre Zufriedenheit ist unser Erfolg. F\u00fcr weitere <\/span><span style=\"font-weight: 400;\">Informationen<\/span><span style=\"font-weight: 400;\"> k\u00f6nnen Sie uns <a href=\"https:\/\/drersinaksu.com\/de\/kontakt\/\">kontaktieren<\/a> und unsere <\/span><a href=\"https:\/\/www.instagram.com\/op.dr.ersinaksu\/\" target=\"_blank\" rel=\"noopener\"><span style=\"font-weight: 400;\">Instagram<\/span><\/a><span style=\"font-weight: 400;\"> und <\/span><a href=\"https:\/\/www.youtube.com\/channel\/UCONzNwe-j34MGkAjaPgD5dg\" target=\"_blank\" rel=\"noopener\"><span style=\"font-weight: 400;\">YouTube<\/span><\/a><span style=\"font-weight: 400;\"> Seiten besuchen.<\/span><\/p>\n\t\t<\/div>\n\t\t\t\t\n<style>\n#col-988250493 > .col-inner {\n  margin: -25px 0px 0px 0px;\n}\n<\/style>\n\t<\/div>\n\n\t\n<\/div>\n\t\t<\/div>\n\t\t\t\t\n<style>\n#col-149814124 > .col-inner {\n  padding: 10px 5px 10px 10px;\n}\n<\/style>\n\t<\/div>\n\n\t\n<\/div>\n\t\t<\/div>\n\n\t\t\n<style>\n#section_1728999847 {\n  padding-top: 30px;\n  padding-bottom: 30px;\n  background-color: rgba(245, 245, 245, 0.68);\n}\n<\/style>\n\t<\/section>\n\t\n<div class=\"row align-equal\"  id=\"row-1286195283\">\n\n\t<div id=\"col-1712188762\" class=\"col medium-6 small-12 large-6\"  >\n\t\t\t\t<div class=\"col-inner box-shadow-1\"  >\n\t\t\t\n\t\t\t\n\n\t<a class=\"plain\" href=\"https:\/\/drersinaksu.com\/de\/adipositas-chirurgie\/adipositas\/\">\t<div class=\"icon-box featured-box icon-box-left text-left\"  >\n\t\t\t\t\t<div class=\"icon-box-img\" style=\"width: 80px\">\n\t\t\t\t<div class=\"icon\">\n\t\t\t\t\t<div class=\"icon-inner\" >\n\t\t\t\t\t\t<img loading=\"lazy\" decoding=\"async\" width=\"300\" height=\"300\" src=\"https:\/\/drersinaksu.com\/wp-content\/uploads\/2021\/08\/ameliyatsiz-zayiflama-300x300.png\" class=\"attachment-medium size-medium\" alt=\"\" srcset=\"https:\/\/drersinaksu.com\/wp-content\/uploads\/2021\/08\/ameliyatsiz-zayiflama-300x300.png 300w, https:\/\/drersinaksu.com\/wp-content\/uploads\/2021\/08\/ameliyatsiz-zayiflama-150x150.png 150w, https:\/\/drersinaksu.com\/wp-content\/uploads\/2021\/08\/ameliyatsiz-zayiflama.png 501w\" sizes=\"auto, (max-width: 300px) 100vw, 300px\" \/>\t\t\t\t\t<\/div>\n\t\t\t\t<\/div>\n\t\t\t<\/div>\n\t\t\t\t<div class=\"icon-box-text last-reset\">\n\t\t\t\t\t\t\t\t\t\n\t<div id=\"text-418748205\" class=\"text\">\n\t\t\n<h3>Adipositas<\/h3>\n<p>Adipositas, auch als \u201e\u00dcbergewicht\u201c im Volksmunde bekannt, ist eine Ansammlung von \u00fcberm\u00e4\u00dfigem Fett im K\u00f6rper, welches auch die Gesundheit beeintr\u00e4chtigt.<\/p>\n\t\t\n<style>\n#text-418748205 {\n  text-align: center;\n}\n<\/style>\n\t<\/div>\n\t\n<a href=\"https:\/\/drersinaksu.com\/de\/adipositas-chirurgie\/adipositas\/\" class=\"button primary is-link lowercase expand\">\n\t\t<span>Mehr \u0130nformationen<\/span>\n\t<i class=\"icon-angle-right\" aria-hidden=\"true\"><\/i><\/a>\n\n\t\t<\/div>\n\t<\/div>\n\t<\/a>\n\t\n\t<div id=\"gap-71239540\" class=\"gap-element clearfix\" style=\"display:block; height:auto;\">\n\t\t\n<style>\n#gap-71239540 {\n  padding-top: 30px;\n}\n<\/style>\n\t<\/div>\n\t\n\n\t<a class=\"plain\" href=\"https:\/\/drersinaksu.com\/de\/schlauchmagen-operation\/\">\t<div class=\"icon-box featured-box icon-box-left text-left\"  >\n\t\t\t\t\t<div class=\"icon-box-img\" style=\"width: 80px\">\n\t\t\t\t<div class=\"icon\">\n\t\t\t\t\t<div class=\"icon-inner\" >\n\t\t\t\t\t\t<img loading=\"lazy\" decoding=\"async\" width=\"300\" height=\"300\" src=\"https:\/\/drersinaksu.com\/wp-content\/uploads\/2021\/08\/cerrahi-operasyon-300x300.png\" class=\"attachment-medium size-medium\" alt=\"\" srcset=\"https:\/\/drersinaksu.com\/wp-content\/uploads\/2021\/08\/cerrahi-operasyon-300x300.png 300w, https:\/\/drersinaksu.com\/wp-content\/uploads\/2021\/08\/cerrahi-operasyon-150x150.png 150w, https:\/\/drersinaksu.com\/wp-content\/uploads\/2021\/08\/cerrahi-operasyon.png 501w\" sizes=\"auto, (max-width: 300px) 100vw, 300px\" \/>\t\t\t\t\t<\/div>\n\t\t\t\t<\/div>\n\t\t\t<\/div>\n\t\t\t\t<div class=\"icon-box-text last-reset\">\n\t\t\t\t\t\t\t\t\t\n\t<div id=\"text-3223076476\" class=\"text\">\n\t\t\n<h3>Schlauchmagen Operation<\/h3>\n<p><span style=\"color: #000000;\">In der Adipositas Chirurgie, ist es heutzutage die meist angewandte Methode. <\/span><\/p>\n\t\t\n<style>\n#text-3223076476 {\n  text-align: center;\n}\n<\/style>\n\t<\/div>\n\t\n<a href=\"https:\/\/drersinaksu.com\/de\/schlauchmagen-operation\/\" class=\"button primary is-link lowercase expand\">\n\t\t<span>Mehr \u0130nformationen<\/span>\n\t<i class=\"icon-angle-right\" aria-hidden=\"true\"><\/i><\/a>\n\n\t\t<\/div>\n\t<\/div>\n\t<\/a>\n\t\n\t\t<\/div>\n\t\t\t\t\n<style>\n#col-1712188762 > .col-inner {\n  padding: 24px 10px 24px 10px;\n  border-radius: 5px;\n}\n<\/style>\n\t<\/div>\n\n\t\n\n\t<div id=\"col-1099133219\" class=\"col medium-6 small-12 large-6\"  >\n\t\t\t\t<div class=\"col-inner box-shadow-1\"  >\n\t\t\t\n\t\t\t\n<div class=\"container section-title-container\" style=\"margin-bottom:0px;\"><h3 class=\"section-title section-title-center\"><b aria-hidden=\"true\"><\/b><span class=\"section-title-main\" >Informationen Bekommen<\/span><b aria-hidden=\"true\"><\/b><\/h3><\/div>\n<div id=\"quform-21e6f9\" class=\"quform quform-10 quform-support-page-caching\"><form id=\"quform-form-21e6f9\" class=\"quform-form quform-form-10\" action=\"\/de\/wp-json\/wp\/v2\/pages\/385#quform-21e6f9\" method=\"post\" enctype=\"multipart\/form-data\" novalidate=\"novalidate\" data-options=\"{&quot;id&quot;:10,&quot;uniqueId&quot;:&quot;21e6f9&quot;,&quot;theme&quot;:&quot;&quot;,&quot;ajax&quot;:true,&quot;logic&quot;:{&quot;logic&quot;:[],&quot;dependents&quot;:[],&quot;elementIds&quot;:[],&quot;dependentElementIds&quot;:[],&quot;animate&quot;:true},&quot;currentPageId&quot;:1,&quot;errorsIcon&quot;:&quot;&quot;,&quot;updateFancybox&quot;:true,&quot;hasPages&quot;:false,&quot;pages&quot;:[1],&quot;pageProgressType&quot;:&quot;tabs&quot;,&quot;tooltipsEnabled&quot;:true,&quot;tooltipClasses&quot;:&quot;qtip-quform-dark qtip-shadow&quot;,&quot;tooltipMy&quot;:&quot;left center&quot;,&quot;tooltipAt&quot;:&quot;right center&quot;,&quot;isRtl&quot;:false,&quot;scrollOffset&quot;:-50,&quot;scrollSpeed&quot;:800}\"><button class=\"quform-default-submit\" name=\"quform_submit\" type=\"submit\" value=\"submit\" aria-hidden=\"true\" tabindex=\"-1\"><\/button><div class=\"quform-form-inner quform-form-inner-10\"><input type=\"hidden\" name=\"quform_form_id\" value=\"10\" \/><input type=\"hidden\" name=\"quform_form_uid\" value=\"21e6f9\" \/><input type=\"hidden\" name=\"quform_count\" value=\"1\" \/><input type=\"hidden\" name=\"form_url\" value=\"https:\/\/drersinaksu.com\/de\/wp-json\/wp\/v2\/pages\/385\" \/><input type=\"hidden\" name=\"referring_url\" value=\"\" \/><input type=\"hidden\" name=\"post_id\" value=\"\" \/><input type=\"hidden\" name=\"post_title\" value=\"\" \/><input type=\"hidden\" name=\"quform_current_page_id\" value=\"1\" \/><input type=\"hidden\" name=\"quform_loaded\" value=\"1775270325|a32f3e369cc5b87f611c93840c0c2497\" \/><input type=\"hidden\" name=\"quform_csrf_token\" value=\"dYGPOtBcdEByKlqn0sfygvjgwk0IFqHIqGwQVX4P\" \/><div class=\"quform-elements quform-elements-10 quform-cf quform-responsive-elements-phone-landscape\"><div class=\"quform-element quform-element-page quform-page-1 quform-page-10_1 quform-cf quform-group-style-plain quform-first-page quform-last-page quform-current-page\"><div class=\"quform-child-elements\"><div class=\"quform-element quform-element-text quform-element-10_5 quform-cf quform-element-optional\"><div class=\"quform-spacer\"><div class=\"quform-label quform-label-10_5\"><label class=\"quform-label-text\" for=\"quform_10_5_21e6f9\">Name<\/label><\/div><div class=\"quform-inner quform-inner-text quform-inner-10_5\"><div class=\"quform-input quform-input-text quform-input-10_5 quform-cf quform-has-field-icon-left\"><input type=\"text\" id=\"quform_10_5_21e6f9\" name=\"quform_10_5\" class=\"quform-field quform-field-text quform-field-10_5 asf-form-icon\" \/><span class=\"quform-field-icon quform-field-icon-left\"><i class=\"fa fa-user\"><\/i><\/span><\/div><\/div><\/div><\/div><div class=\"quform-element quform-element-email quform-element-10_16 quform-cf quform-element-optional\"><div class=\"quform-spacer\"><div class=\"quform-label quform-label-10_16\"><label class=\"quform-label-text\" for=\"quform_10_16_21e6f9\">E - mail<\/label><\/div><div class=\"quform-inner quform-inner-email quform-inner-10_16\"><div class=\"quform-input quform-input-email quform-input-10_16 quform-cf quform-has-field-icon-left\"><input type=\"email\" id=\"quform_10_16_21e6f9\" name=\"quform_10_16\" class=\"quform-field quform-field-email quform-field-10_16\" \/><span class=\"quform-field-icon quform-field-icon-left\"><i class=\"fa fa-envelope\"><\/i><\/span><\/div><\/div><\/div><\/div><div class=\"quform-element quform-element-textarea quform-element-10_543484 quform-sr-only quform-cf\" style=\"clip: rect(1px, 1px, 1px, 1px); clip-path: inset(50%); position: absolute !important; height: 1px; width: 1px; overflow: hidden;\"><div class=\"quform-spacer\"><div class=\"quform-label quform-label-10_543484\"><label class=\"quform-label-text\" for=\"quform_10_543484_21e6f9\">Your Website<span class=\"quform-required\">*<\/span><\/label><\/div><div class=\"quform-inner quform-inner-10_543484\"><textarea id=\"quform_10_543484_21e6f9\" name=\"quform_10_543484\" class=\"quform-field quform-field-textarea quform-field-10_543484\" tabindex=\"-1\" autocomplete=\"new-password\"><\/textarea><\/div><\/div><\/div><div class=\"quform-element quform-element-text quform-element-10_15 quform-cf quform-element-optional\"><div class=\"quform-spacer\"><div class=\"quform-label quform-label-10_15\"><label class=\"quform-label-text\" for=\"quform_10_15_21e6f9\">Telefon<\/label><\/div><div class=\"quform-inner quform-inner-text quform-inner-10_15\"><div class=\"quform-input quform-input-text quform-input-10_15 quform-cf quform-has-field-icon-left\"><input type=\"text\" id=\"quform_10_15_21e6f9\" name=\"quform_10_15\" class=\"quform-field quform-field-text quform-field-10_15\" \/><span class=\"quform-field-icon quform-field-icon-left\"><i class=\"fa fa-phone\"><\/i><\/span><\/div><\/div><\/div><\/div><div class=\"quform-element quform-element-submit quform-element-10_18 quform-cf quform-button-style-theme quform-button-width-full\"><div class=\"quform-button-submit quform-button-submit-default quform-button-submit-10_18\"><button name=\"quform_submit\" type=\"submit\" class=\"quform-submit\" value=\"submit\"><span class=\"quform-button-text quform-button-submit-text\">Absenden<\/span><\/button><\/div><div class=\"quform-loading quform-loading-position-left quform-loading-type-spinner-1\"><div class=\"quform-loading-inner\"><div class=\"quform-loading-spinner\"><div class=\"quform-loading-spinner-inner\"><\/div><\/div><\/div><\/div><\/div><\/div><\/div><\/div><\/div><\/form><\/div>\n\t\t<\/div>\n\t\t\t\t\n<style>\n#col-1099133219 > .col-inner {\n  padding: 24px 10px 24px 10px;\n  border-radius: 5px;\n}\n<\/style>\n\t<\/div>\n\n\t\n<\/div>\n\n\t<div id=\"gap-1432318907\" class=\"gap-element clearfix\" style=\"display:block; height:auto;\">\n\t\t\n<style>\n#gap-1432318907 {\n  padding-top: 75px;\n}\n<\/style>\n\t<\/div>\n\t\n","protected":false},"excerpt":{"rendered":"","protected":false},"author":1,"featured_media":0,"parent":381,"menu_order":3,"comment_status":"closed","ping_status":"closed","template":"","meta":{"footnotes":""},"class_list":["post-385","page","type-page","status-publish","hentry"],"_links":{"self":[{"href":"https:\/\/drersinaksu.com\/de\/wp-json\/wp\/v2\/pages\/385","targetHints":{"allow":["GET"]}}],"collection":[{"href":"https:\/\/drersinaksu.com\/de\/wp-json\/wp\/v2\/pages"}],"about":[{"href":"https:\/\/drersinaksu.com\/de\/wp-json\/wp\/v2\/types\/page"}],"author":[{"embeddable":true,"href":"https:\/\/drersinaksu.com\/de\/wp-json\/wp\/v2\/users\/1"}],"replies":[{"embeddable":true,"href":"https:\/\/drersinaksu.com\/de\/wp-json\/wp\/v2\/comments?post=385"}],"version-history":[{"count":0,"href":"https:\/\/drersinaksu.com\/de\/wp-json\/wp\/v2\/pages\/385\/revisions"}],"up":[{"embeddable":true,"href":"https:\/\/drersinaksu.com\/de\/wp-json\/wp\/v2\/pages\/381"}],"wp:attachment":[{"href":"https:\/\/drersinaksu.com\/de\/wp-json\/wp\/v2\/media?parent=385"}],"curies":[{"name":"wp","href":"https:\/\/api.w.org\/{rel}","templated":true}]}}