{"id":388,"date":"2021-09-06T06:23:29","date_gmt":"2021-09-06T06:23:29","guid":{"rendered":"https:\/\/drersinaksu.asoundfiction.com\/adipositas-chirurgie\/adipositas\/"},"modified":"2022-05-31T09:29:23","modified_gmt":"2022-05-31T07:29:23","slug":"adipositas","status":"publish","type":"page","link":"https:\/\/drersinaksu.com\/de\/adipositas-chirurgie\/adipositas\/","title":{"rendered":"Adipositas"},"content":{"rendered":"  <div id=\"page-header-1729433072\" class=\"page-header-wrapper\">\n  <div class=\"page-title dark featured-title\">\n\n    \n    <div class=\"page-title-inner container align-center text-center flex-row-col medium-flex-wrap\" >\n              <div class=\"title-wrapper flex-col\">\n          <h1 class=\"entry-title mb-0\">\n            Adipositas          <\/h1>\n        <\/div>\n                    <div class=\"title-content flex-col\">\n        <ul class=\"nav sm-touch-scroll nav-line nav-uppercase text-center nav-center\"><li class=\"nav-single-page hidden\"><\/li><\/ul>      <\/div>\n    <\/div>\n\n       <\/div>\n    <\/div>\n  \n\t<div id=\"gap-675142119\" class=\"gap-element clearfix\" style=\"display:block; height:auto;\">\n\t\t\n<style>\n#gap-675142119 {\n  padding-top: 30px;\n}\n<\/style>\n\t<\/div>\n\t\n\n\t<section class=\"section\" id=\"section_1174629422\">\n\t\t<div class=\"section-bg fill\" >\n\t\t\t\t\t\t\t\t\t\n\t\t\t\n\n\t\t<\/div>\n\n\t\t\n\n\t\t<div class=\"section-content relative\">\n\t\t\t\n<div class=\"row align-center\" style=\"max-width:1500px\" id=\"row-1655205537\">\n\n\t<div id=\"col-1128222554\" class=\"col medium-12 small-12 large-6\"  >\n\t\t\t\t<div class=\"col-inner\"  >\n\t\t\t\n\t\t\t\n<h2><span style=\"color: #206a5d;\">Was ist Adipositas?<\/span><\/h2>\n<p>Adipositas, auch als \u201e\u00dcbergewicht\u201c im Volksmunde bekannt, ist eine Ansammlung von \u00fcberm\u00e4\u00dfigem Fett im K\u00f6rper, welches auch die Gesundheit beeintr\u00e4chtigt. Die Fettzellen produzieren hormonale und chemische Stoffe die das gesamte K\u00f6persystem beeinflussen. Manche dieser Stoffe verursachen eine Steigerung des Appetits, des S\u00e4ttigungsgef\u00fchls und somit eine Steigerung des Adipositas. Die Zunahme an Gewicht ist eine gro\u00dfe Gefahr f\u00fcr unsere Gesundheit. Sie f\u00fchrt oftmals auch zu einer Einschr\u00e4nkung der Bewegungen und ist leider ein Grund f\u00fcr ernsthafte Erkrankungen.<\/p>\n<h3><span style=\"color: #206a5d;\">Gr\u00fcnde f\u00fcr Adipositas?<\/span><\/h3>\n<p><span style=\"color: #000000;\">Adipositas wird zumeist bei Personen mit kalorienreicher Ern\u00e4hrung und Bewegungslosigkeit im Alltag gesehen. Nat\u00fcrlich k\u00f6nnen auch genetische Zuneigung, endokrinologische Erkrankungen, sowie auch psychische Erkrankungen in Zusammenhang mit verwendeten Medikamenten, einen Grund darstellen. <\/span><\/p>\n<p><span style=\"color: #000000;\">Im jetzigen Zeitalter und der sich immer weiterentwickelnden Technologie, wird von Tag zu Tag die Muskelkraft nicht mehr ben\u00f6tigt. Insbesondere, \u00f6ffentliche oder auch private Verkehrsmittel tragen einen gro\u00dfen Beitrag dazu bei, dass sich Adipositas immer mehr verbreitet. <\/span><\/p>\n<p><span style=\"color: #000000;\">Der moderne Lebensstil und insbesondere das Gro\u00dfstadtleben haben einen Nachteil. Die Zeit zum Essen im Alltag ist zumeist begrenzt, weshalb die Auswahl der Nahrungsmittel zumeist auf kalorienreiche Ern\u00e4hrung (Fast-Food) f\u00e4llt. Laut verschiedener Studien ist bekannt, dass sich die Fettleibigkeit aufgrund von kalorienreicher und fettiger Ern\u00e4hrung verbreitet hat.<\/span><\/p>\n<h3>\u00a0<\/h3>\n\t\t<\/div>\n\t\t\t\t\t<\/div>\n\n\t\n\n\t<div id=\"col-838137178\" class=\"col medium-10 small-12 large-6 medium-col-first\"  >\n\t\t\t\t<div class=\"col-inner\"  >\n\t\t\t\n\t\t\t\n\t<div class=\"img has-hover x md-x lg-x y md-y lg-y\" id=\"image_892150775\">\n\t\t\t\t\t\t\t\t<div class=\"img-inner image-cover dark\" style=\"padding-top:83%;\">\n\t\t\t<img loading=\"lazy\" decoding=\"async\" width=\"463\" height=\"481\" src=\"https:\/\/drersinaksu.com\/wp-content\/uploads\/2021\/09\/sss1-01.jpeg\" class=\"attachment-original size-original\" alt=\"\" srcset=\"https:\/\/drersinaksu.com\/wp-content\/uploads\/2021\/09\/sss1-01.jpeg 463w, https:\/\/drersinaksu.com\/wp-content\/uploads\/2021\/09\/sss1-01-289x300.jpeg 289w\" sizes=\"auto, (max-width: 463px) 100vw, 463px\" \/>\t\t\t\t\t\t\n\t\t\t\t\t<\/div>\n\t\t\t\t\t\t\t\t\n<style>\n#image_892150775 {\n  width: 100%;\n}\n<\/style>\n\t<\/div>\n\t\n\t\t<\/div>\n\t\t\t\t\t<\/div>\n\n\t\n<\/div>\n\t\t<\/div>\n\n\t\t\n<style>\n#section_1174629422 {\n  padding-top: 30px;\n  padding-bottom: 30px;\n  background-color: rgb(255, 255, 255);\n}\n<\/style>\n\t<\/section>\n\t\n\n\t<section class=\"section\" id=\"section_640695055\">\n\t\t<div class=\"section-bg fill\" >\n\t\t\t\t\t\t\t\t\t\n\t\t\t\n\n\t\t<\/div>\n\n\t\t\n\n\t\t<div class=\"section-content relative\">\n\t\t\t\n\t<div id=\"gap-1409370552\" class=\"gap-element clearfix hide-for-small\" style=\"display:block; height:auto;\">\n\t\t\n<style>\n#gap-1409370552 {\n  padding-top: 20px;\n}\n<\/style>\n\t<\/div>\n\t\n<div class=\"row align-equal align-center\" style=\"max-width:1500px\" id=\"row-698450533\">\n\n\t<div id=\"col-1905274877\" class=\"col medium-4 small-12 large-4\"  >\n\t\t\t\t<div class=\"col-inner\"  >\n\t\t\t\n\t\t\t\n<p><strong><span style=\"font-size: 160%;\">1- Beratung<\/span><br \/><\/strong>Wir beraten Sie pers\u00f6nlich oder telefonisch bez\u00fcglich der\u00a0<strong>Adipositas<\/strong>\u00a0in R\u00fccksprache mit unserem Partnerchirurgen.<\/p>\n\t\t<\/div>\n\t\t\t\t\n<style>\n#col-1905274877 > .col-inner {\n  padding: 0px 0px 0px 5px;\n}\n<\/style>\n\t<\/div>\n\n\t\n\n\t<div id=\"col-1000741023\" class=\"col medium-4 small-12 large-4\"  >\n\t\t\t\t<div class=\"col-inner\"  >\n\t\t\t\n\t\t\t\n<p><strong><span style=\"font-size: 160%;\">2 &#8211; Behandlung<\/span><br \/><\/strong>Die Behandlung erfolgt nach detaillierter Aufkl\u00e4rung und verschiedenen Untersuchungen von unserem Spezialisten.<\/p>\n\t\t<\/div>\n\t\t\t\t\n<style>\n#col-1000741023 > .col-inner {\n  padding: 0px 0px 0px 5px;\n  border-radius: 18px;\n}\n<\/style>\n\t<\/div>\n\n\t\n\n\t<div id=\"col-2088585839\" class=\"col medium-4 small-12 large-4\"  >\n\t\t\t\t<div class=\"col-inner\"  >\n\t\t\t\n\t\t\t\n<p><span style=\"font-size: 160%;\"><strong>3 &#8211; Erfolg<\/strong><\/span><br \/>\nMit einer detaillierten Ern\u00e4hrungsberatung starten Sie in Ihr neues Leben \u2013 und wir sind stets an Ihrer Seite. Schritt f\u00fcr Schritt, bis zum gew\u00fcnschten Erfolg.<\/p>\n\t\t<\/div>\n\t\t\t\t\n<style>\n#col-2088585839 > .col-inner {\n  padding: 5px 0px 0px 5px;\n  margin: -7px 0px 0px 0px;\n  border-radius: 18px;\n}\n@media (min-width:850px) {\n  #col-2088585839 > .col-inner {\n    padding: 0px 0px 0px 5px;\n  }\n}\n<\/style>\n\t<\/div>\n\n\t\n\n\t<div id=\"col-1833073989\" class=\"col medium-10 small-12 large-6\"  >\n\t\t\t\t<div class=\"col-inner\"  >\n\t\t\t\n\t\t\t\n\t<div class=\"img has-hover x md-x lg-x y md-y lg-y\" id=\"image_997545559\">\n\t\t\t\t\t\t\t\t<div class=\"img-inner image-cover dark\" style=\"padding-top:73%;\">\n\t\t\t<img loading=\"lazy\" decoding=\"async\" width=\"1920\" height=\"1280\" src=\"https:\/\/drersinaksu.com\/wp-content\/uploads\/2021\/08\/dr-ersin-aksu-ameliyatsiz-zayiflama-slider.jpeg\" class=\"attachment-original size-original\" alt=\"\" srcset=\"https:\/\/drersinaksu.com\/wp-content\/uploads\/2021\/08\/dr-ersin-aksu-ameliyatsiz-zayiflama-slider.jpeg 1920w, https:\/\/drersinaksu.com\/wp-content\/uploads\/2021\/08\/dr-ersin-aksu-ameliyatsiz-zayiflama-slider-300x200.jpeg 300w, https:\/\/drersinaksu.com\/wp-content\/uploads\/2021\/08\/dr-ersin-aksu-ameliyatsiz-zayiflama-slider-1024x683.jpeg 1024w, https:\/\/drersinaksu.com\/wp-content\/uploads\/2021\/08\/dr-ersin-aksu-ameliyatsiz-zayiflama-slider-768x512.jpeg 768w, https:\/\/drersinaksu.com\/wp-content\/uploads\/2021\/08\/dr-ersin-aksu-ameliyatsiz-zayiflama-slider-1536x1024.jpeg 1536w\" sizes=\"auto, (max-width: 1920px) 100vw, 1920px\" \/>\t\t\t\t\t\t\n\t\t\t\t\t<\/div>\n\t\t\t\t\t\t\t\t\n<style>\n#image_997545559 {\n  width: 100%;\n}\n<\/style>\n\t<\/div>\n\t\n\t\t<\/div>\n\t\t\t\t\t<\/div>\n\n\t\n\n\t<div id=\"col-767800013\" class=\"col medium-12 small-12 large-6\"  >\n\t\t\t\t<div class=\"col-inner\"  >\n\t\t\t\n\t\t\t\n<div class=\"row\"  id=\"row-1654330169\">\n\n\t<div id=\"col-590565379\" class=\"col small-12 large-12\"  >\n\t\t\t\t<div class=\"col-inner\"  >\n\t\t\t\n\t\t\t\n\t<div id=\"gap-691698603\" class=\"gap-element clearfix hide-for-small\" style=\"display:block; height:auto;\">\n\t\t\n<style>\n#gap-691698603 {\n  padding-top: 60px;\n}\n<\/style>\n\t<\/div>\n\t\n<h3><span style=\"color: #206a5d;\">Welche Erkrankungen werden durch Fettleibigkeit verursacht ?<\/span><\/h3>\n<p><span style=\"color: #000000;\">\u00dcbergewicht verursacht viele metabolische und psycho-soziale Probleme wie;<\/span><\/p>\n\t\t<\/div>\n\t\t\t\t\n<style>\n#col-590565379 > .col-inner {\n  margin: -26px 0px 0px 0px;\n}\n<\/style>\n\t<\/div>\n\n\t\n<\/div>\n<div class=\"row\"  id=\"row-582670439\">\n\n\t<div id=\"col-1232300573\" class=\"col medium-6 small-12 large-6\"  >\n\t\t\t\t<div class=\"col-inner\"  >\n\t\t\t\n\t\t\t\n<ul>\n<li><span style=\"color: #000000;\">Herz-Kreislauf-Erkrankungen<\/span><\/li>\n<li><span style=\"color: #000000;\">Hypertonie<\/span><\/li>\n<li><span style=\"color: #000000;\">Diabetes Typ-II<\/span><\/li>\n<li><span style=\"color: #000000;\">Polyzystisches Ovarialsyndrom (PCOS))<\/span><\/li>\n<li><span style=\"color: #000000;\">Unfruchtbarkeit<\/span><\/li>\n<li><span style=\"color: #000000;\">Menstruationsst\u00f6rungen (unregelm\u00e4\u00dfige Menstruation)<\/span><\/li>\n<li><span style=\"color: #000000;\">Migr\u00e4ne<\/span><\/li>\n<\/ul>\n\t\t<\/div>\n\t\t\t\t\n<style>\n#col-1232300573 > .col-inner {\n  margin: -20px 0px 0px 0px;\n}\n<\/style>\n\t<\/div>\n\n\t\n\n\t<div id=\"col-16329777\" class=\"col medium-6 small-12 large-6\"  >\n\t\t\t\t<div class=\"col-inner\"  >\n\t\t\t\n\t\t\t\n<ul>\n<li><span style=\"color: #000000;\">Schalganfall<\/span><\/li>\n<li><span style=\"color: #000000;\">Obstruktive Schlafapnoe<\/span><\/li>\n<li><span style=\"color: #000000;\">Embolie<\/span><\/li>\n<li><span style=\"color: #000000;\">Gallenblasensteine<\/span><\/li>\n<li><span style=\"color: #000000;\">Fettleber<\/span><\/li>\n<li><span style=\"color: #000000;\">Krebs<\/span><\/li>\n<li><span style=\"color: #000000;\">Depressionen<\/span><\/li>\n<\/ul>\n\t\t<\/div>\n\t\t\t\t\n<style>\n#col-16329777 > .col-inner {\n  margin: -20px 0px 0px 0px;\n}\n<\/style>\n\t<\/div>\n\n\t\n<\/div>\n<div class=\"row\"  id=\"row-1854695397\">\n\n\t<div id=\"col-785104178\" class=\"col small-12 large-12\"  >\n\t\t\t\t<div class=\"col-inner\"  >\n\t\t\t\n\t\t\t\n<p><a href=\"https:\/\/drersinaksu.com\/de\/uber-mich\/\"><span style=\"font-weight: 400;\">Op. Dr. Ersin Aksu<\/span><\/a><span style=\"font-weight: 400;\"> und sein erfahrenes Team streben stets mit einer strengen pr\u00e4- und postoperativen Nachsorge einen hohen Erfolg an. Ihre Zufriedenheit ist unser Erfolg. F\u00fcr weitere <\/span><span style=\"font-weight: 400;\">Informationen<\/span><span style=\"font-weight: 400;\"> k\u00f6nnen Sie uns <a href=\"https:\/\/drersinaksu.com\/de\/kontakt\/\">kontaktieren<\/a> und unsere <\/span><a href=\"https:\/\/www.instagram.com\/op.dr.ersinaksu\/\" target=\"_blank\" rel=\"noopener\"><span style=\"font-weight: 400;\">Instagram<\/span><\/a><span style=\"font-weight: 400;\"> und <\/span><a href=\"https:\/\/www.youtube.com\/channel\/UCONzNwe-j34MGkAjaPgD5dg\" target=\"_blank\" rel=\"noopener\"><span style=\"font-weight: 400;\">YouTube<\/span><\/a><span style=\"font-weight: 400;\"> Seiten besuchen.<\/span><\/p>\n\t\t<\/div>\n\t\t\t\t\n<style>\n#col-785104178 > .col-inner {\n  margin: -25px 0px 0px 0px;\n}\n<\/style>\n\t<\/div>\n\n\t\n<\/div>\n\t\t<\/div>\n\t\t\t\t\n<style>\n#col-767800013 > .col-inner {\n  padding: 10px 5px 10px 10px;\n}\n<\/style>\n\t<\/div>\n\n\t\n<\/div>\n<div class=\"row\" style=\"max-width:1500px\" id=\"row-313297885\">\n\n\t<div id=\"col-1177228230\" class=\"col small-12 large-12\"  >\n\t\t\t\t<div class=\"col-inner text-left\"  >\n\t\t\t\n\t\t\t\n<div class=\"accordion\">\n\t<div id=\"accordion-2887768744\" class=\"accordion-item\">\n\t\t<a id=\"accordion-2887768744-label\" class=\"accordion-title plain\" href=\"#accordion-item-body-mass-index\" aria-expanded=\"false\" aria-controls=\"accordion-2887768744-content\">\n\t\t\t<button class=\"toggle\" aria-label=\"Umschalten\"><i class=\"icon-angle-down\" aria-hidden=\"true\"><\/i><\/button>\n\t\t\t<span>Body-Mass-Index<\/span>\n\t\t<\/a>\n\t\t<div id=\"accordion-2887768744-content\" class=\"accordion-inner\" aria-labelledby=\"accordion-2887768744-label\">\n\t\t\t\n<p><span style=\"color: #000000;\">Bei der Berechnung der Fettleibigkeit wird der Body-Mass-Index (BMI) verwendet. Dieser ergibt sich aus dem Verh\u00e4ltnis des K\u00f6rpergewichts in Kilogramm und der K\u00f6rpergr\u00f6\u00dfe in Metern zum Quadrat (kg\/m\u00b2). <\/span><span style=\"color: #000000;\">Nach den Ergebnissen des Body-Mass-Index werden Personen mit einem BMI \u00fcber 30 als fettleibig, <\/span><span style=\"color: #000000;\">\u00fcber 40 als krankhaft fettleibig und <\/span><span style=\"color: #000000;\">\u00fcber 50 als super fettleibig bezeichnet. Mit einem detaillierten Body-Mass-Index, unter Ber\u00fccksichtigung des Alters und des Geschlechts, kann bestimmt werden, ob das Gewicht, der prozentuale Fettanteil und der Bauchumfang in einem Normalwertbereich liegen.<\/span><\/p>\n<a href=\"https:\/\/drersinaksu.com\/de\/body-mass-index-bmi\/\" class=\"button secondary is-outline\" style=\"border-radius:10px;\">\n\t\t<span>BMI Berechnen<\/span>\n\t<\/a>\n\n\t\t<\/div>\n\t<\/div>\n\t\n<\/div>\n\t\t<\/div>\n\t\t\t\t\t<\/div>\n\n\t\n<\/div>\n\t\t<\/div>\n\n\t\t\n<style>\n#section_640695055 {\n  padding-top: 30px;\n  padding-bottom: 30px;\n  background-color: rgba(245, 245, 245, 0.68);\n}\n<\/style>\n\t<\/section>\n\t\n<div class=\"row align-equal\"  id=\"row-896168592\">\n\n\t<div id=\"col-350758870\" class=\"col medium-6 small-12 large-6\"  >\n\t\t\t\t<div class=\"col-inner box-shadow-1\"  >\n\t\t\t\n\t\t\t\n\n\t<a class=\"plain\" href=\"https:\/\/drersinaksu.com\/de\/schlauchmagen-operation\/\">\t<div class=\"icon-box featured-box icon-box-left text-left\"  >\n\t\t\t\t\t<div class=\"icon-box-img\" style=\"width: 80px\">\n\t\t\t\t<div class=\"icon\">\n\t\t\t\t\t<div class=\"icon-inner\" >\n\t\t\t\t\t\t<img loading=\"lazy\" decoding=\"async\" width=\"300\" height=\"300\" src=\"https:\/\/drersinaksu.com\/wp-content\/uploads\/2021\/08\/cerrahi-operasyon-300x300.png\" class=\"attachment-medium size-medium\" alt=\"\" srcset=\"https:\/\/drersinaksu.com\/wp-content\/uploads\/2021\/08\/cerrahi-operasyon-300x300.png 300w, https:\/\/drersinaksu.com\/wp-content\/uploads\/2021\/08\/cerrahi-operasyon-150x150.png 150w, https:\/\/drersinaksu.com\/wp-content\/uploads\/2021\/08\/cerrahi-operasyon.png 501w\" sizes=\"auto, (max-width: 300px) 100vw, 300px\" \/>\t\t\t\t\t<\/div>\n\t\t\t\t<\/div>\n\t\t\t<\/div>\n\t\t\t\t<div class=\"icon-box-text last-reset\">\n\t\t\t\t\t\t\t\t\t\n\t<div id=\"text-3095113472\" class=\"text\">\n\t\t\n<h3>Schlauchmagen Operation<\/h3>\n<p><span style=\"color: #000000;\">In der Adipositas Chirurgie, ist es heutzutage die meist angewandte Methode. <\/span><\/p>\n\t\t\n<style>\n#text-3095113472 {\n  text-align: center;\n}\n<\/style>\n\t<\/div>\n\t\n<a href=\"https:\/\/drersinaksu.com\/de\/schlauchmagen-operation\/\" class=\"button primary is-link lowercase expand\">\n\t\t<span>Mehr \u0130nformationen<\/span>\n\t<i class=\"icon-angle-right\" aria-hidden=\"true\"><\/i><\/a>\n\n\t\t<\/div>\n\t<\/div>\n\t<\/a>\n\t\n\t<div id=\"gap-1699762093\" class=\"gap-element clearfix\" style=\"display:block; height:auto;\">\n\t\t\n<style>\n#gap-1699762093 {\n  padding-top: 30px;\n}\n<\/style>\n\t<\/div>\n\t\n\n\t<a class=\"plain\" href=\"https:\/\/drersinaksu.com\/de\/adipositas-chirurgie\/magen-bypass\/\">\t<div class=\"icon-box featured-box icon-box-left text-left\"  >\n\t\t\t\t\t<div class=\"icon-box-img\" style=\"width: 80px\">\n\t\t\t\t<div class=\"icon\">\n\t\t\t\t\t<div class=\"icon-inner\" >\n\t\t\t\t\t\t<img loading=\"lazy\" decoding=\"async\" width=\"300\" height=\"300\" src=\"https:\/\/drersinaksu.com\/wp-content\/uploads\/2021\/12\/gastrik-bypass-icon-300x300.png\" class=\"attachment-medium size-medium\" alt=\"\" srcset=\"https:\/\/drersinaksu.com\/wp-content\/uploads\/2021\/12\/gastrik-bypass-icon-300x300.png 300w, https:\/\/drersinaksu.com\/wp-content\/uploads\/2021\/12\/gastrik-bypass-icon-150x150.png 150w, https:\/\/drersinaksu.com\/wp-content\/uploads\/2021\/12\/gastrik-bypass-icon.png 500w\" sizes=\"auto, (max-width: 300px) 100vw, 300px\" \/>\t\t\t\t\t<\/div>\n\t\t\t\t<\/div>\n\t\t\t<\/div>\n\t\t\t\t<div class=\"icon-box-text last-reset\">\n\t\t\t\t\t\t\t\t\t\n\t<div id=\"text-2022455274\" class=\"text\">\n\t\t\n<h3>Magen-Bypass<\/h3>\n<p>Bypass bedeutet die Verwendung einer Verkn\u00fcpfung. Magenbypass bedeutet, in der allgemeinen Chirurgie einen \u00dcbergang vom Magen zum Darm zu schaffen.<\/p>\n\t\t\n<style>\n#text-2022455274 {\n  text-align: center;\n}\n<\/style>\n\t<\/div>\n\t\n<a href=\"https:\/\/drersinaksu.com\/de\/adipositas-chirurgie\/magen-bypass\/\" class=\"button primary is-link lowercase expand\">\n\t\t<span>Mehr \u0130nformationen<\/span>\n\t<i class=\"icon-angle-right\" aria-hidden=\"true\"><\/i><\/a>\n\n\t\t<\/div>\n\t<\/div>\n\t<\/a>\n\t\n\t\t<\/div>\n\t\t\t\t\n<style>\n#col-350758870 > .col-inner {\n  padding: 24px 10px 24px 10px;\n  border-radius: 5px;\n}\n<\/style>\n\t<\/div>\n\n\t\n\n\t<div id=\"col-2035448280\" class=\"col medium-6 small-12 large-6\"  >\n\t\t\t\t<div class=\"col-inner box-shadow-1\"  >\n\t\t\t\n\t\t\t\n<div class=\"container section-title-container\" style=\"margin-bottom:0px;\"><h3 class=\"section-title section-title-center\"><b aria-hidden=\"true\"><\/b><span class=\"section-title-main\" >INFORMATIONEN BEKOMMEN<\/span><b aria-hidden=\"true\"><\/b><\/h3><\/div>\n<div id=\"quform-14de74\" class=\"quform quform-10 quform-support-page-caching\"><form id=\"quform-form-14de74\" class=\"quform-form quform-form-10\" action=\"\/de\/wp-json\/wp\/v2\/pages\/388#quform-14de74\" method=\"post\" enctype=\"multipart\/form-data\" novalidate=\"novalidate\" data-options=\"{&quot;id&quot;:10,&quot;uniqueId&quot;:&quot;14de74&quot;,&quot;theme&quot;:&quot;&quot;,&quot;ajax&quot;:true,&quot;logic&quot;:{&quot;logic&quot;:[],&quot;dependents&quot;:[],&quot;elementIds&quot;:[],&quot;dependentElementIds&quot;:[],&quot;animate&quot;:true},&quot;currentPageId&quot;:1,&quot;errorsIcon&quot;:&quot;&quot;,&quot;updateFancybox&quot;:true,&quot;hasPages&quot;:false,&quot;pages&quot;:[1],&quot;pageProgressType&quot;:&quot;tabs&quot;,&quot;tooltipsEnabled&quot;:true,&quot;tooltipClasses&quot;:&quot;qtip-quform-dark qtip-shadow&quot;,&quot;tooltipMy&quot;:&quot;left center&quot;,&quot;tooltipAt&quot;:&quot;right center&quot;,&quot;isRtl&quot;:false,&quot;scrollOffset&quot;:-50,&quot;scrollSpeed&quot;:800}\"><button class=\"quform-default-submit\" name=\"quform_submit\" type=\"submit\" value=\"submit\" aria-hidden=\"true\" tabindex=\"-1\"><\/button><div class=\"quform-form-inner quform-form-inner-10\"><input type=\"hidden\" name=\"quform_form_id\" value=\"10\" \/><input type=\"hidden\" name=\"quform_form_uid\" value=\"14de74\" \/><input type=\"hidden\" name=\"quform_count\" value=\"1\" \/><input type=\"hidden\" name=\"form_url\" value=\"https:\/\/drersinaksu.com\/de\/wp-json\/wp\/v2\/pages\/388\" \/><input type=\"hidden\" name=\"referring_url\" value=\"\" \/><input type=\"hidden\" name=\"post_id\" value=\"\" \/><input type=\"hidden\" name=\"post_title\" value=\"\" \/><input type=\"hidden\" name=\"quform_current_page_id\" value=\"1\" \/><input type=\"hidden\" name=\"quform_loaded\" value=\"1775872794|eb8fb7df700935f0ec77b394fe99674a\" \/><input type=\"hidden\" name=\"quform_csrf_token\" value=\"UE4Usq0t3U3slPgZ1HdFcCMYavGXbOuvYTX482Bw\" \/><div class=\"quform-elements quform-elements-10 quform-cf quform-responsive-elements-phone-landscape\"><div class=\"quform-element quform-element-page quform-page-1 quform-page-10_1 quform-cf quform-group-style-plain quform-first-page quform-last-page quform-current-page\"><div class=\"quform-child-elements\"><div class=\"quform-element quform-element-text quform-element-10_5 quform-cf quform-element-optional\"><div class=\"quform-spacer\"><div class=\"quform-label quform-label-10_5\"><label class=\"quform-label-text\" for=\"quform_10_5_14de74\">Name<\/label><\/div><div class=\"quform-inner quform-inner-text quform-inner-10_5\"><div class=\"quform-input quform-input-text quform-input-10_5 quform-cf quform-has-field-icon-left\"><input type=\"text\" id=\"quform_10_5_14de74\" name=\"quform_10_5\" class=\"quform-field quform-field-text quform-field-10_5 asf-form-icon\" \/><span class=\"quform-field-icon quform-field-icon-left\"><i class=\"fa fa-user\"><\/i><\/span><\/div><\/div><\/div><\/div><div class=\"quform-element quform-element-email quform-element-10_16 quform-cf quform-element-optional\"><div class=\"quform-spacer\"><div class=\"quform-label quform-label-10_16\"><label class=\"quform-label-text\" for=\"quform_10_16_14de74\">E - mail<\/label><\/div><div class=\"quform-inner quform-inner-email quform-inner-10_16\"><div class=\"quform-input quform-input-email quform-input-10_16 quform-cf quform-has-field-icon-left\"><input type=\"email\" id=\"quform_10_16_14de74\" name=\"quform_10_16\" class=\"quform-field quform-field-email quform-field-10_16\" \/><span class=\"quform-field-icon quform-field-icon-left\"><i class=\"fa fa-envelope\"><\/i><\/span><\/div><\/div><\/div><\/div><div class=\"quform-element quform-element-textarea quform-element-10_543484 quform-sr-only quform-cf\" style=\"clip: rect(1px, 1px, 1px, 1px); clip-path: inset(50%); position: absolute !important; height: 1px; width: 1px; overflow: hidden;\"><div class=\"quform-spacer\"><div class=\"quform-label quform-label-10_543484\"><label class=\"quform-label-text\" for=\"quform_10_543484_14de74\">Email Address<span class=\"quform-required\">*<\/span><\/label><\/div><div class=\"quform-inner quform-inner-10_543484\"><textarea id=\"quform_10_543484_14de74\" name=\"quform_10_543484\" class=\"quform-field quform-field-textarea quform-field-10_543484\" tabindex=\"-1\" autocomplete=\"new-password\"><\/textarea><\/div><\/div><\/div><div class=\"quform-element quform-element-text quform-element-10_15 quform-cf quform-element-optional\"><div class=\"quform-spacer\"><div class=\"quform-label quform-label-10_15\"><label class=\"quform-label-text\" for=\"quform_10_15_14de74\">Telefon<\/label><\/div><div class=\"quform-inner quform-inner-text quform-inner-10_15\"><div class=\"quform-input quform-input-text quform-input-10_15 quform-cf quform-has-field-icon-left\"><input type=\"text\" id=\"quform_10_15_14de74\" name=\"quform_10_15\" class=\"quform-field quform-field-text quform-field-10_15\" \/><span class=\"quform-field-icon quform-field-icon-left\"><i class=\"fa fa-phone\"><\/i><\/span><\/div><\/div><\/div><\/div><div class=\"quform-element quform-element-submit quform-element-10_18 quform-cf quform-button-style-theme quform-button-width-full\"><div class=\"quform-button-submit quform-button-submit-default quform-button-submit-10_18\"><button name=\"quform_submit\" type=\"submit\" class=\"quform-submit\" value=\"submit\"><span class=\"quform-button-text quform-button-submit-text\">Absenden<\/span><\/button><\/div><div class=\"quform-loading quform-loading-position-left quform-loading-type-spinner-1\"><div class=\"quform-loading-inner\"><div class=\"quform-loading-spinner\"><div class=\"quform-loading-spinner-inner\"><\/div><\/div><\/div><\/div><\/div><\/div><\/div><\/div><\/div><\/form><\/div>\n\t\t<\/div>\n\t\t\t\t\n<style>\n#col-2035448280 > .col-inner {\n  padding: 24px 10px 24px 10px;\n  border-radius: 5px;\n}\n<\/style>\n\t<\/div>\n\n\t\n<\/div>\n\n\t<div id=\"gap-1878454167\" class=\"gap-element clearfix\" style=\"display:block; height:auto;\">\n\t\t\n<style>\n#gap-1878454167 {\n  padding-top: 75px;\n}\n<\/style>\n\t<\/div>\n\t\n","protected":false},"excerpt":{"rendered":"","protected":false},"author":1,"featured_media":0,"parent":381,"menu_order":0,"comment_status":"closed","ping_status":"closed","template":"page-blank.php","meta":{"footnotes":""},"class_list":["post-388","page","type-page","status-publish","hentry"],"_links":{"self":[{"href":"https:\/\/drersinaksu.com\/de\/wp-json\/wp\/v2\/pages\/388","targetHints":{"allow":["GET"]}}],"collection":[{"href":"https:\/\/drersinaksu.com\/de\/wp-json\/wp\/v2\/pages"}],"about":[{"href":"https:\/\/drersinaksu.com\/de\/wp-json\/wp\/v2\/types\/page"}],"author":[{"embeddable":true,"href":"https:\/\/drersinaksu.com\/de\/wp-json\/wp\/v2\/users\/1"}],"replies":[{"embeddable":true,"href":"https:\/\/drersinaksu.com\/de\/wp-json\/wp\/v2\/comments?post=388"}],"version-history":[{"count":0,"href":"https:\/\/drersinaksu.com\/de\/wp-json\/wp\/v2\/pages\/388\/revisions"}],"up":[{"embeddable":true,"href":"https:\/\/drersinaksu.com\/de\/wp-json\/wp\/v2\/pages\/381"}],"wp:attachment":[{"href":"https:\/\/drersinaksu.com\/de\/wp-json\/wp\/v2\/media?parent=388"}],"curies":[{"name":"wp","href":"https:\/\/api.w.org\/{rel}","templated":true}]}}