{"id":394,"date":"2021-09-06T06:34:16","date_gmt":"2021-09-06T06:34:16","guid":{"rendered":"https:\/\/drersinaksu.asoundfiction.com\/nicht-chirurgische-anwendungen\/"},"modified":"2022-05-31T10:57:13","modified_gmt":"2022-05-31T08:57:13","slug":"nicht-chirurgische-anwendungen","status":"publish","type":"page","link":"https:\/\/drersinaksu.com\/de\/nicht-chirurgische-anwendungen\/","title":{"rendered":"Nicht-Chirurgische Anwendungen"},"content":{"rendered":"  <div id=\"page-header-1082643929\" class=\"page-header-wrapper\">\n  <div class=\"page-title dark featured-title\">\n\n    \n    <div class=\"page-title-inner container align-center text-center flex-row-col medium-flex-wrap\" >\n              <div class=\"title-wrapper flex-col\">\n          <h1 class=\"entry-title mb-0\">\n            Nicht-Chirurgische Anwendungen          <\/h1>\n        <\/div>\n                    <div class=\"title-content flex-col\">\n        <ul class=\"nav sm-touch-scroll nav-line nav-uppercase text-center nav-center\"><li class=\"nav-single-page hidden\"><\/li><\/ul>      <\/div>\n    <\/div>\n\n       <\/div>\n    <\/div>\n  \n\n\t<section class=\"section\" id=\"section_1989848194\">\n\t\t<div class=\"section-bg fill\" >\n\t\t\t\t\t\t\t\t\t\n\t\t\t\n\n\t\t<\/div>\n\n\t\t\n\n\t\t<div class=\"section-content relative\">\n\t\t\t\n<div class=\"row align-middle\"  id=\"row-1050006747\">\n\n\t<div id=\"col-1426152689\" class=\"col medium-6 small-12 large-6\"  >\n\t\t\t\t<div class=\"col-inner\"  >\n\t\t\t\n\t\t\t\n<div class=\"video video-fit mb asf_video\" style=\"padding-top:56.25%;\"><p><iframe loading=\"lazy\" title=\"Obezite ameliyat\u0131 kimlere uygulan\u0131r ?\" width=\"1020\" height=\"574\" src=\"https:\/\/www.youtube.com\/embed\/Qeq4AW3q1wg?feature=oembed&#038;enablejsapi=1&#038;origin=https:\/\/drersinaksu.com\" frameborder=\"0\" allow=\"accelerometer; autoplay; clipboard-write; encrypted-media; gyroscope; picture-in-picture\" allowfullscreen><\/iframe><\/p>\n<\/div>\n\t\t<\/div>\n\t\t\t\t\t<\/div>\n\n\t\n\n\t<div id=\"col-361342338\" class=\"col medium-6 small-12 large-6\"  >\n\t\t\t\t<div class=\"col-inner text-left\"  >\n\t\t\t\n\t\t\t\n\t<div id=\"text-1442376526\" class=\"text\">\n\t\t\n<h2 style=\"text-align: center;\"><span class=\"fancy-underline\"><span style=\"color: #206a5d;\">Nicht-Chirurgische Anwendugen<\/span><\/span><\/h2>\n<p>Nicht-chirurgische Anwendungen; Es sind einfache, aber effektive L\u00f6sungen, die keine Risiken bergen und f\u00fcr jeden anwendbar sind. &#8222;Magenballon&#8220;, &#8222;Ohne Operationen Abnehmen&#8220; sind Beispiele f\u00fcr diese L\u00f6sungen. Habe keine Angst vor Ver\u00e4nderungen, mache dich gl\u00fccklich.<\/p>\n\t\t\n<style>\n#text-1442376526 {\n  text-align: left;\n}\n<\/style>\n\t<\/div>\n\t\n\t\t<\/div>\n\t\t\t\t\t<\/div>\n\n\t\n<\/div>\n\t\t<\/div>\n\n\t\t\n<style>\n#section_1989848194 {\n  padding-top: 45px;\n  padding-bottom: 45px;\n  background-color: rgb(249, 249, 246);\n}\n<\/style>\n\t<\/section>\n\t\n\t<div id=\"gap-2040597913\" class=\"gap-element clearfix\" style=\"display:block; height:auto;\">\n\t\t\n<style>\n#gap-2040597913 {\n  padding-top: 30px;\n}\n<\/style>\n\t<\/div>\n\t\n<div class=\"row align-center\"  id=\"row-1604560198\">\n\n\t<div id=\"col-805254772\" class=\"col medium-4 small-12 large-4\"  >\n\t\t\t\t<div class=\"col-inner box-shadow-3\"  >\n\t\t\t\n\t\t\t\n\n\t<a class=\"plain\" href=\"https:\/\/drersinaksu.com\/de\/nicht-chirurgische-anwendungen\/ohne-operationen-abnehmen\/\" >\t<div class=\"icon-box featured-box icon-box-center text-center\"  >\n\t\t\t\t\t<div class=\"icon-box-img\" style=\"width: 80px\">\n\t\t\t\t<div class=\"icon\">\n\t\t\t\t\t<div class=\"icon-inner\" >\n\t\t\t\t\t\t<img loading=\"lazy\" decoding=\"async\" width=\"300\" height=\"300\" src=\"https:\/\/drersinaksu.com\/wp-content\/uploads\/2021\/08\/ameliyatsiz-zayiflama-300x300.png\" class=\"attachment-medium size-medium\" alt=\"\" srcset=\"https:\/\/drersinaksu.com\/wp-content\/uploads\/2021\/08\/ameliyatsiz-zayiflama-300x300.png 300w, https:\/\/drersinaksu.com\/wp-content\/uploads\/2021\/08\/ameliyatsiz-zayiflama-150x150.png 150w, https:\/\/drersinaksu.com\/wp-content\/uploads\/2021\/08\/ameliyatsiz-zayiflama.png 501w\" sizes=\"auto, (max-width: 300px) 100vw, 300px\" \/>\t\t\t\t\t<\/div>\n\t\t\t\t<\/div>\n\t\t\t<\/div>\n\t\t\t\t<div class=\"icon-box-text last-reset\">\n\t\t\t\t\t\t\t\t\t\n<h3>Ohne Operationen Abnehmen<\/h3>\n<p>Ohne Operationen abnehmen: es ist eine Gewichtsverlustmethode, die auf der Injektion von medizine in bestimmte Teile des Magens endoskopischen Eingriffen basiert.<\/p>\n<a href=\"https:\/\/drersinaksu.com\/de\/nicht-chirurgische-anwendungen\/ohne-operationen-abnehmen\/\" class=\"button secondary is-underline lowercase\" >\n\t\t<span>Mehr \u0130nformationen<\/span>\n\t<\/a>\n\n\t\t<\/div>\n\t<\/div>\n\t<\/a>\n\t\n\t\t<\/div>\n\t\t\t\t\n<style>\n#col-805254772 > .col-inner {\n  padding: 10px 10px 10px 10px;\n  border-radius: 25px;\n}\n<\/style>\n\t<\/div>\n\n\t\n\n\t<div id=\"col-1699522327\" class=\"col medium-4 small-12 large-4\"  >\n\t\t\t\t<div class=\"col-inner box-shadow-3\"  >\n\t\t\t\n\t\t\t\n\n\t<a class=\"plain\" href=\"https:\/\/drersinaksu.com\/de\/magen-ballon\/\" >\t<div class=\"icon-box featured-box icon-box-center text-center\"  >\n\t\t\t\t\t<div class=\"icon-box-img\" style=\"width: 80px\">\n\t\t\t\t<div class=\"icon\">\n\t\t\t\t\t<div class=\"icon-inner\" >\n\t\t\t\t\t\t<img loading=\"lazy\" decoding=\"async\" width=\"300\" height=\"300\" src=\"https:\/\/drersinaksu.com\/wp-content\/uploads\/2021\/08\/mide-balonu-300x300.png\" class=\"attachment-medium size-medium\" alt=\"\" srcset=\"https:\/\/drersinaksu.com\/wp-content\/uploads\/2021\/08\/mide-balonu-300x300.png 300w, https:\/\/drersinaksu.com\/wp-content\/uploads\/2021\/08\/mide-balonu-150x150.png 150w, https:\/\/drersinaksu.com\/wp-content\/uploads\/2021\/08\/mide-balonu.png 500w\" sizes=\"auto, (max-width: 300px) 100vw, 300px\" \/>\t\t\t\t\t<\/div>\n\t\t\t\t<\/div>\n\t\t\t<\/div>\n\t\t\t\t<div class=\"icon-box-text last-reset\">\n\t\t\t\t\t\t\t\t\t\n<h3>Magen Ballon<\/h3>\n<p>Der Magenballon ist ein endoskopisches Verfahren, das seit vielen Jahren verwendet wird und funktioniert. Der Ballon wird in den Magen gelegt und aufgeblasen.<\/p>\n<a href=\"https:\/\/drersinaksu.com\/de\/magen-ballon\/\" class=\"button secondary is-underline lowercase\" >\n\t\t<span>Mehr \u0130nformationen<\/span>\n\t<\/a>\n\n\t\t<\/div>\n\t<\/div>\n\t<\/a>\n\t\n\t\t<\/div>\n\t\t\t\t\n<style>\n#col-1699522327 > .col-inner {\n  padding: 10px 10px 10px 10px;\n  border-radius: 25px;\n}\n<\/style>\n\t<\/div>\n\n\t\n<\/div>\n\t<div id=\"gap-1018928348\" class=\"gap-element clearfix\" style=\"display:block; height:auto;\">\n\t\t\n<style>\n#gap-1018928348 {\n  padding-top: 30px;\n}\n<\/style>\n\t<\/div>\n\t\n","protected":false},"excerpt":{"rendered":"","protected":false},"author":1,"featured_media":0,"parent":0,"menu_order":0,"comment_status":"closed","ping_status":"closed","template":"page-blank.php","meta":{"footnotes":""},"class_list":["post-394","page","type-page","status-publish","hentry"],"_links":{"self":[{"href":"https:\/\/drersinaksu.com\/de\/wp-json\/wp\/v2\/pages\/394","targetHints":{"allow":["GET"]}}],"collection":[{"href":"https:\/\/drersinaksu.com\/de\/wp-json\/wp\/v2\/pages"}],"about":[{"href":"https:\/\/drersinaksu.com\/de\/wp-json\/wp\/v2\/types\/page"}],"author":[{"embeddable":true,"href":"https:\/\/drersinaksu.com\/de\/wp-json\/wp\/v2\/users\/1"}],"replies":[{"embeddable":true,"href":"https:\/\/drersinaksu.com\/de\/wp-json\/wp\/v2\/comments?post=394"}],"version-history":[{"count":0,"href":"https:\/\/drersinaksu.com\/de\/wp-json\/wp\/v2\/pages\/394\/revisions"}],"wp:attachment":[{"href":"https:\/\/drersinaksu.com\/de\/wp-json\/wp\/v2\/media?parent=394"}],"curies":[{"name":"wp","href":"https:\/\/api.w.org\/{rel}","templated":true}]}}