{"id":398,"date":"2021-09-06T06:38:39","date_gmt":"2021-09-06T06:38:39","guid":{"rendered":"https:\/\/drersinaksu.asoundfiction.com\/nicht-chirurgische-anwendungen\/ohne-operationen-abnehmen\/"},"modified":"2022-05-31T10:05:33","modified_gmt":"2022-05-31T08:05:33","slug":"ohne-operationen-abnehmen","status":"publish","type":"page","link":"https:\/\/drersinaksu.com\/de\/nicht-chirurgische-anwendungen\/ohne-operationen-abnehmen\/","title":{"rendered":"Ohne Operationen Abnehmen"},"content":{"rendered":"  <div id=\"page-header-1826017284\" class=\"page-header-wrapper\">\n  <div class=\"page-title dark featured-title\">\n\n    \n    <div class=\"page-title-inner container align-center text-center flex-row-col medium-flex-wrap\" >\n              <div class=\"title-wrapper flex-col\">\n          <h1 class=\"entry-title mb-0\">\n            Ohne Operationen Abnehmen          <\/h1>\n        <\/div>\n                    <div class=\"title-content flex-col\">\n        <ul class=\"nav sm-touch-scroll nav-line nav-uppercase text-center nav-center\"><li class=\"nav-single-page hidden\"><\/li><\/ul>      <\/div>\n    <\/div>\n\n       <\/div>\n    <\/div>\n  \n\t<div id=\"gap-1612361018\" class=\"gap-element clearfix\" style=\"display:block; height:auto;\">\n\t\t\n<style>\n#gap-1612361018 {\n  padding-top: 30px;\n}\n<\/style>\n\t<\/div>\n\t\n\n\t<section class=\"section\" id=\"section_708543850\">\n\t\t<div class=\"section-bg fill\" >\n\t\t\t\t\t\t\t\t\t\n\t\t\t\n\n\t\t<\/div>\n\n\t\t\n\n\t\t<div class=\"section-content relative\">\n\t\t\t\n<div class=\"row align-center\" style=\"max-width:1500px\" id=\"row-998070949\">\n\n\t<div id=\"col-1220715692\" class=\"col medium-12 small-12 large-6\"  >\n\t\t\t\t<div class=\"col-inner\"  >\n\t\t\t\n\t\t\t\n<h3><span style=\"color: #206a5d;\">Was ist Ohne Operationen abnehmen?<\/span><\/h3>\n<p>Ohne Operationen abnehmen: es ist eine Gewichtsverlustmethode, die auf der Injektion von medizine in bestimmte Teile des Magens endoskopischen Eingriffen basiert.<\/p>\n<h4><span style=\"color: #206a5d;\">Bei wem kann ein Ohne Operationen abnehmen angewendet werden?<\/span><\/h4>\n<p>Ohne Operationen abnehmen kann bei jeder Person die abnehmen m\u00f6chte angewendet werden.Personen mit einem BMI Wert unter 40, die mit Sport und Di\u00e4t nicht abnehmen k\u00f6nnen, Personen die etwas \u00dcbergewicht haben aber nicht adip\u00f6s sind, sind die idealen Patienten f\u00fcr diesen Eingriff.<\/p>\n<h4><span style=\"color: #206a5d;\">Hat Ohne Operationen abnehmen Risiken?<\/span><\/h4>\n<p>Da das im Magen verwendete medizine innerhalb von 4 bis 6 Monaten aus dem K\u00f6rper ausgeschieden wird, ist in der Literatur kein geanntes Risiko bekannt.<\/p>\n<h4><span style=\"color: #206a5d;\">Wie wird das Ohne Operationen abnehmen durchgef\u00fchrt?<\/span><\/h4>\n<p>Ohne Operationen abnehmen ist ein endoskopischer Eingriff, der in durchschnittlich 20 bis 30 Minuten durchgef\u00fchrt wird. Es gibt keinen Einschnitt im Prozess. Die Patienten werden w\u00e4hrend des Eingriffs mit Narkose bet\u00e4ubt. Nach dem Eingriff ist kein Krankenhausaufenthalt erforderlich.<\/p>\n\t\t<\/div>\n\t\t\t\t\t<\/div>\n\n\t\n\n\t<div id=\"col-2131800777\" class=\"col medium-10 small-12 large-6 medium-col-first\"  >\n\t\t\t\t<div class=\"col-inner\"  >\n\t\t\t\n\t\t\t\n\t<div class=\"img has-hover x md-x lg-x y md-y lg-y\" id=\"image_1632428661\">\n\t\t\t\t\t\t\t\t<div class=\"img-inner image-cover dark\" style=\"padding-top:75%;\">\n\t\t\t<img loading=\"lazy\" decoding=\"async\" width=\"463\" height=\"481\" src=\"https:\/\/drersinaksu.com\/wp-content\/uploads\/2021\/09\/sss1-01.jpeg\" class=\"attachment-original size-original\" alt=\"\" srcset=\"https:\/\/drersinaksu.com\/wp-content\/uploads\/2021\/09\/sss1-01.jpeg 463w, https:\/\/drersinaksu.com\/wp-content\/uploads\/2021\/09\/sss1-01-289x300.jpeg 289w\" sizes=\"auto, (max-width: 463px) 100vw, 463px\" \/>\t\t\t\t\t\t\n\t\t\t\t\t<\/div>\n\t\t\t\t\t\t\t\t\n<style>\n#image_1632428661 {\n  width: 100%;\n}\n<\/style>\n\t<\/div>\n\t\n\t\t<\/div>\n\t\t\t\t\t<\/div>\n\n\t\n<\/div>\n\t\t<\/div>\n\n\t\t\n<style>\n#section_708543850 {\n  padding-top: 30px;\n  padding-bottom: 30px;\n  background-color: rgb(255, 255, 255);\n}\n<\/style>\n\t<\/section>\n\t\n\n\t<section class=\"section\" id=\"section_1350006503\">\n\t\t<div class=\"section-bg fill\" >\n\t\t\t\t\t\t\t\t\t\n\t\t\t\n\n\t\t<\/div>\n\n\t\t\n\n\t\t<div class=\"section-content relative\">\n\t\t\t\n<div class=\"row align-middle align-center\" style=\"max-width:1500px\" id=\"row-1804584856\">\n\n\t<div id=\"col-728005286\" class=\"col medium-4 small-12 large-4\"  >\n\t\t\t\t<div class=\"col-inner\"  >\n\t\t\t\n\t\t\t\n<p><strong><span style=\"font-size: 160%;\">1- Beratung<\/span><br \/><\/strong>Wir beraten Sie pers\u00f6nlich oder telefonisch bez\u00fcglich der <strong>Ohne Operationen Abnehmen<\/strong><b>\u00a0<\/b>in R\u00fccksprache mit unserem Partnerchirurgen.<\/p>\n\t\t<\/div>\n\t\t\t\t\n<style>\n#col-728005286 > .col-inner {\n  padding: 10px 0px 0px 5px;\n}\n<\/style>\n\t<\/div>\n\n\t\n\n\t<div id=\"col-1755810539\" class=\"col medium-4 small-12 large-4\"  >\n\t\t\t\t<div class=\"col-inner\"  >\n\t\t\t\n\t\t\t\n<p><strong><span style=\"font-size: 160%;\">2 &#8211; Behandlung<\/span><br \/>\n<\/strong>Die Behandlung erfolgt nach detaillierter Aufkl\u00e4rung und verschiedenen Untersuchungen von unserem Spezialisten.<\/p>\n\t\t<\/div>\n\t\t\t\t\n<style>\n#col-1755810539 > .col-inner {\n  padding: 5px 0px 0px 5px;\n  border-radius: 18px;\n}\n<\/style>\n\t<\/div>\n\n\t\n\n\t<div id=\"col-343998297\" class=\"col medium-4 small-12 large-4\"  >\n\t\t\t\t<div class=\"col-inner\"  >\n\t\t\t\n\t\t\t\n<p><span style=\"font-size: 160%;\"><strong>3 &#8211; Erfolg<\/strong><\/span><br \/>\nMit einer detaillierten Ern\u00e4hrungsberatung starten Sie in Ihr neues Leben \u2013 und wir sind stets an Ihrer Seite. Schritt f\u00fcr Schritt, bis zum gew\u00fcnschten Erfolg.<\/p>\n\t\t<\/div>\n\t\t\t\t\n<style>\n#col-343998297 > .col-inner {\n  padding: 14px 0px 0px 5px;\n  border-radius: 18px;\n}\n@media (min-width:850px) {\n  #col-343998297 > .col-inner {\n    padding: 5px 0px 0px 5px;\n  }\n}\n<\/style>\n\t<\/div>\n\n\t\n\n\t<div id=\"col-846162067\" class=\"col medium-10 small-12 large-6\"  >\n\t\t\t\t<div class=\"col-inner\"  >\n\t\t\t\n\t\t\t\n\t<div class=\"img has-hover x md-x lg-x y md-y lg-y\" id=\"image_1059864423\">\n\t\t\t\t\t\t\t\t<div class=\"img-inner dark\" >\n\t\t\t<img loading=\"lazy\" decoding=\"async\" width=\"1920\" height=\"1280\" src=\"https:\/\/drersinaksu.com\/wp-content\/uploads\/2021\/08\/dr-ersin-aksu-ameliyatsiz-zayiflama-slider.jpeg\" class=\"attachment-original size-original\" alt=\"\" srcset=\"https:\/\/drersinaksu.com\/wp-content\/uploads\/2021\/08\/dr-ersin-aksu-ameliyatsiz-zayiflama-slider.jpeg 1920w, https:\/\/drersinaksu.com\/wp-content\/uploads\/2021\/08\/dr-ersin-aksu-ameliyatsiz-zayiflama-slider-300x200.jpeg 300w, https:\/\/drersinaksu.com\/wp-content\/uploads\/2021\/08\/dr-ersin-aksu-ameliyatsiz-zayiflama-slider-1024x683.jpeg 1024w, https:\/\/drersinaksu.com\/wp-content\/uploads\/2021\/08\/dr-ersin-aksu-ameliyatsiz-zayiflama-slider-768x512.jpeg 768w, https:\/\/drersinaksu.com\/wp-content\/uploads\/2021\/08\/dr-ersin-aksu-ameliyatsiz-zayiflama-slider-1536x1024.jpeg 1536w\" sizes=\"auto, (max-width: 1920px) 100vw, 1920px\" \/>\t\t\t\t\t\t\n\t\t\t\t\t<\/div>\n\t\t\t\t\t\t\t\t\n<style>\n#image_1059864423 {\n  width: 100%;\n}\n<\/style>\n\t<\/div>\n\t\n\t\t<\/div>\n\t\t\t\t\t<\/div>\n\n\t\n\n\t<div id=\"col-1710753769\" class=\"col medium-12 small-12 large-6\"  >\n\t\t\t\t<div class=\"col-inner\"  >\n\t\t\t\n\t\t\t\n<h4><span style=\"color: #206a5d;\">Wie f\u00fchrt Ohne Operationen abnehmen zu einer Abnahme?<\/span><\/h4>\n<p>Das Ohne Operationen abnehmen schr\u00e4nkt die Magenmuskulatur ein, wodurch die Magenentleerung verz\u00f6gert wird und ein Appetitverlust beim Patienten entsteht. Auf diese Weise verliert der Patient durch Befolgung seiner speziellen Di\u00e4t an Gewicht.<\/p>\n<h4><span style=\"color: #206a5d;\">Was sind die Vorteile des Ohne Operationen abnehmen?<\/span><\/h4>\n<p>Ohne Operationen abnehmen ist keine Operation, erfordert keinen Einschnitt, das Verfahren wird in sehr kurzer Zeit angewendet und es ist m\u00f6glich unmittelbar nach dem Verfahren in den Alltag zu kehren.Das Hungergef\u00fchl nimmt innerhalb von 2 bis 3 Tagen nach der Anwendung ab. Nach 2 Wochen beginnt der Patient \/ die Patientin abzunehmenOhne Operationen abnehmen wird an den glatten Muskeln im Magen angewendet und beeinflusst somit den Darmtrakt nicht. Es hat keine Wirkung, die die Faulheit des Darms erh\u00f6hnt. Durch die speziell f\u00fcr den Patienten vorbereitet Di\u00e4t, kann eine Verbesserung bei Patienten gesehen werden, die zuvor einen faulen Darm hatten.<\/p>\n<p><a href=\"https:\/\/drersinaksu.com\/de\/uber-mich\/\"><span style=\"font-weight: 400;\">Op. Dr. Ersin Aksu<\/span><\/a><span style=\"font-weight: 400;\"> und sein erfahrenes Team streben stets mit einer strengen pr\u00e4- und postoperativen Nachsorge einen hohen Erfolg an. Ihre Zufriedenheit ist unser Erfolg. F\u00fcr weitere <\/span><span style=\"font-weight: 400;\">Informationen<\/span><span style=\"font-weight: 400;\"> k\u00f6nnen Sie uns <a href=\"https:\/\/drersinaksu.com\/de\/kontakt\/\">kontaktieren<\/a> und unsere <\/span><a href=\"https:\/\/www.instagram.com\/op.dr.ersinaksu\/\" target=\"_blank\" rel=\"noopener\"><span style=\"font-weight: 400;\">Instagram<\/span><\/a><span style=\"font-weight: 400;\"> und <\/span><a href=\"https:\/\/www.youtube.com\/channel\/UCONzNwe-j34MGkAjaPgD5dg\" target=\"_blank\" rel=\"noopener\"><span style=\"font-weight: 400;\">YouTube<\/span><\/a><span style=\"font-weight: 400;\"> Seiten besuchen.<\/span><\/p>\n\t\t<\/div>\n\t\t\t\t\n<style>\n#col-1710753769 > .col-inner {\n  padding: 10px 5px 10px 10px;\n}\n<\/style>\n\t<\/div>\n\n\t\n<\/div>\n\t\t<\/div>\n\n\t\t\n<style>\n#section_1350006503 {\n  padding-top: 30px;\n  padding-bottom: 30px;\n  background-color: rgba(245, 245, 245, 0.68);\n}\n<\/style>\n\t<\/section>\n\t\n<div class=\"row align-equal\"  id=\"row-245943078\">\n\n\t<div id=\"col-1568715691\" class=\"col medium-6 small-12 large-6\"  >\n\t\t\t\t<div class=\"col-inner box-shadow-1\"  >\n\t\t\t\n\t\t\t\n\n\t<a class=\"plain\" href=\"https:\/\/drersinaksu.com\/de\/magen-ballon\/\">\t<div class=\"icon-box featured-box icon-box-left text-left\"  >\n\t\t\t\t\t<div class=\"icon-box-img\" style=\"width: 80px\">\n\t\t\t\t<div class=\"icon\">\n\t\t\t\t\t<div class=\"icon-inner\" >\n\t\t\t\t\t\t<img loading=\"lazy\" decoding=\"async\" width=\"300\" height=\"300\" src=\"https:\/\/drersinaksu.com\/wp-content\/uploads\/2021\/08\/mide-balonu-300x300.png\" class=\"attachment-medium size-medium\" alt=\"\" srcset=\"https:\/\/drersinaksu.com\/wp-content\/uploads\/2021\/08\/mide-balonu-300x300.png 300w, https:\/\/drersinaksu.com\/wp-content\/uploads\/2021\/08\/mide-balonu-150x150.png 150w, https:\/\/drersinaksu.com\/wp-content\/uploads\/2021\/08\/mide-balonu.png 500w\" sizes=\"auto, (max-width: 300px) 100vw, 300px\" \/>\t\t\t\t\t<\/div>\n\t\t\t\t<\/div>\n\t\t\t<\/div>\n\t\t\t\t<div class=\"icon-box-text last-reset\">\n\t\t\t\t\t\t\t\t\t\n\t<div id=\"text-1820761749\" class=\"text\">\n\t\t\n<h3>Magen Ballon<\/h3>\n<p>Der Magenballon ist ein endoskopisches Verfahren, das seit vielen Jahren verwendet wird und funktioniert. Der Ballon wird in den Magen gelegt und aufgeblasen.<\/p>\n\t\t\n<style>\n#text-1820761749 {\n  text-align: center;\n}\n<\/style>\n\t<\/div>\n\t\n<a href=\"https:\/\/drersinaksu.com\/de\/magen-ballon\/\" class=\"button primary is-link lowercase expand\">\n\t\t<span>Mehr \u0130nformationen<\/span>\n\t<i class=\"icon-angle-right\" aria-hidden=\"true\"><\/i><\/a>\n\n\t\t<\/div>\n\t<\/div>\n\t<\/a>\n\t\n\t<div id=\"gap-1459417642\" class=\"gap-element clearfix\" style=\"display:block; height:auto;\">\n\t\t\n<style>\n#gap-1459417642 {\n  padding-top: 30px;\n}\n<\/style>\n\t<\/div>\n\t\n\t\t<\/div>\n\t\t\t\t\n<style>\n#col-1568715691 > .col-inner {\n  padding: 24px 10px 24px 10px;\n  border-radius: 5px;\n}\n<\/style>\n\t<\/div>\n\n\t\n\n\t<div id=\"col-55227324\" class=\"col medium-6 small-12 large-6\"  >\n\t\t\t\t<div class=\"col-inner box-shadow-1\"  >\n\t\t\t\n\t\t\t\n<div class=\"container section-title-container\" style=\"margin-bottom:0px;\"><h3 class=\"section-title section-title-center\"><b aria-hidden=\"true\"><\/b><span class=\"section-title-main\" >INFORMATIONEN BEKOMMEN<\/span><b aria-hidden=\"true\"><\/b><\/h3><\/div>\n<div id=\"quform-71cb68\" class=\"quform quform-10 quform-support-page-caching\"><form id=\"quform-form-71cb68\" class=\"quform-form quform-form-10\" action=\"\/de\/wp-json\/wp\/v2\/pages\/398#quform-71cb68\" method=\"post\" enctype=\"multipart\/form-data\" novalidate=\"novalidate\" data-options=\"{&quot;id&quot;:10,&quot;uniqueId&quot;:&quot;71cb68&quot;,&quot;theme&quot;:&quot;&quot;,&quot;ajax&quot;:true,&quot;logic&quot;:{&quot;logic&quot;:[],&quot;dependents&quot;:[],&quot;elementIds&quot;:[],&quot;dependentElementIds&quot;:[],&quot;animate&quot;:true},&quot;currentPageId&quot;:1,&quot;errorsIcon&quot;:&quot;&quot;,&quot;updateFancybox&quot;:true,&quot;hasPages&quot;:false,&quot;pages&quot;:[1],&quot;pageProgressType&quot;:&quot;tabs&quot;,&quot;tooltipsEnabled&quot;:true,&quot;tooltipClasses&quot;:&quot;qtip-quform-dark qtip-shadow&quot;,&quot;tooltipMy&quot;:&quot;left center&quot;,&quot;tooltipAt&quot;:&quot;right center&quot;,&quot;isRtl&quot;:false,&quot;scrollOffset&quot;:-50,&quot;scrollSpeed&quot;:800}\"><button class=\"quform-default-submit\" name=\"quform_submit\" type=\"submit\" value=\"submit\" aria-hidden=\"true\" tabindex=\"-1\"><\/button><div class=\"quform-form-inner quform-form-inner-10\"><input type=\"hidden\" name=\"quform_form_id\" value=\"10\" \/><input type=\"hidden\" name=\"quform_form_uid\" value=\"71cb68\" \/><input type=\"hidden\" name=\"quform_count\" value=\"1\" \/><input type=\"hidden\" name=\"form_url\" value=\"https:\/\/drersinaksu.com\/de\/wp-json\/wp\/v2\/pages\/398\" \/><input type=\"hidden\" name=\"referring_url\" value=\"\" \/><input type=\"hidden\" name=\"post_id\" value=\"\" \/><input type=\"hidden\" name=\"post_title\" value=\"\" \/><input type=\"hidden\" name=\"quform_current_page_id\" value=\"1\" \/><input type=\"hidden\" name=\"quform_loaded\" value=\"1775866346|22317bfaece503df4da1c3508aaa69e8\" \/><input type=\"hidden\" name=\"quform_csrf_token\" value=\"hm0p9O93KHtAnQqJZNRtRFci1Abg0FWNwlJt2Wce\" \/><div class=\"quform-elements quform-elements-10 quform-cf quform-responsive-elements-phone-landscape\"><div class=\"quform-element quform-element-page quform-page-1 quform-page-10_1 quform-cf quform-group-style-plain quform-first-page quform-last-page quform-current-page\"><div class=\"quform-child-elements\"><div class=\"quform-element quform-element-text quform-element-10_5 quform-cf quform-element-optional\"><div class=\"quform-spacer\"><div class=\"quform-label quform-label-10_5\"><label class=\"quform-label-text\" for=\"quform_10_5_71cb68\">Name<\/label><\/div><div class=\"quform-inner quform-inner-text quform-inner-10_5\"><div class=\"quform-input quform-input-text quform-input-10_5 quform-cf quform-has-field-icon-left\"><input type=\"text\" id=\"quform_10_5_71cb68\" name=\"quform_10_5\" class=\"quform-field quform-field-text quform-field-10_5 asf-form-icon\" \/><span class=\"quform-field-icon quform-field-icon-left\"><i class=\"fa fa-user\"><\/i><\/span><\/div><\/div><\/div><\/div><div class=\"quform-element quform-element-email quform-element-10_16 quform-cf quform-element-optional\"><div class=\"quform-spacer\"><div class=\"quform-label quform-label-10_16\"><label class=\"quform-label-text\" for=\"quform_10_16_71cb68\">E - mail<\/label><\/div><div class=\"quform-inner quform-inner-email quform-inner-10_16\"><div class=\"quform-input quform-input-email quform-input-10_16 quform-cf quform-has-field-icon-left\"><input type=\"email\" id=\"quform_10_16_71cb68\" name=\"quform_10_16\" class=\"quform-field quform-field-email quform-field-10_16\" \/><span class=\"quform-field-icon quform-field-icon-left\"><i class=\"fa fa-envelope\"><\/i><\/span><\/div><\/div><\/div><\/div><div class=\"quform-element quform-element-text quform-element-10_15 quform-cf quform-element-optional\"><div class=\"quform-spacer\"><div class=\"quform-label quform-label-10_15\"><label class=\"quform-label-text\" for=\"quform_10_15_71cb68\">Telefon<\/label><\/div><div class=\"quform-inner quform-inner-text quform-inner-10_15\"><div class=\"quform-input quform-input-text quform-input-10_15 quform-cf quform-has-field-icon-left\"><input type=\"text\" id=\"quform_10_15_71cb68\" name=\"quform_10_15\" class=\"quform-field quform-field-text quform-field-10_15\" \/><span class=\"quform-field-icon quform-field-icon-left\"><i class=\"fa fa-phone\"><\/i><\/span><\/div><\/div><\/div><\/div><div class=\"quform-element quform-element-submit quform-element-10_18 quform-cf quform-button-style-theme quform-button-width-full\"><div class=\"quform-button-submit quform-button-submit-default quform-button-submit-10_18\"><button name=\"quform_submit\" type=\"submit\" class=\"quform-submit\" value=\"submit\"><span class=\"quform-button-text quform-button-submit-text\">Absenden<\/span><\/button><\/div><div class=\"quform-loading quform-loading-position-left quform-loading-type-spinner-1\"><div class=\"quform-loading-inner\"><div class=\"quform-loading-spinner\"><div class=\"quform-loading-spinner-inner\"><\/div><\/div><\/div><\/div><\/div><div class=\"quform-element quform-element-textarea quform-element-10_543484 quform-sr-only quform-cf\" style=\"clip: rect(1px, 1px, 1px, 1px); clip-path: inset(50%); position: absolute !important; height: 1px; width: 1px; overflow: hidden;\"><div class=\"quform-spacer\"><div class=\"quform-label quform-label-10_543484\"><label class=\"quform-label-text\" for=\"quform_10_543484_71cb68\">Email<span class=\"quform-required\">*<\/span><\/label><\/div><div class=\"quform-inner quform-inner-10_543484\"><textarea id=\"quform_10_543484_71cb68\" name=\"quform_10_543484\" class=\"quform-field quform-field-textarea quform-field-10_543484\" tabindex=\"-1\" autocomplete=\"new-password\"><\/textarea><\/div><\/div><\/div><\/div><\/div><\/div><\/div><\/form><\/div>\n\t\t<\/div>\n\t\t\t\t\n<style>\n#col-55227324 > .col-inner {\n  padding: 24px 10px 24px 10px;\n  border-radius: 5px;\n}\n<\/style>\n\t<\/div>\n\n\t\n<\/div>\n\t<div id=\"gap-1195620401\" class=\"gap-element clearfix\" style=\"display:block; height:auto;\">\n\t\t\n<style>\n#gap-1195620401 {\n  padding-top: 75px;\n}\n<\/style>\n\t<\/div>\n\t\n","protected":false},"excerpt":{"rendered":"","protected":false},"author":1,"featured_media":0,"parent":394,"menu_order":0,"comment_status":"closed","ping_status":"closed","template":"page-blank.php","meta":{"footnotes":""},"class_list":["post-398","page","type-page","status-publish","hentry"],"_links":{"self":[{"href":"https:\/\/drersinaksu.com\/de\/wp-json\/wp\/v2\/pages\/398","targetHints":{"allow":["GET"]}}],"collection":[{"href":"https:\/\/drersinaksu.com\/de\/wp-json\/wp\/v2\/pages"}],"about":[{"href":"https:\/\/drersinaksu.com\/de\/wp-json\/wp\/v2\/types\/page"}],"author":[{"embeddable":true,"href":"https:\/\/drersinaksu.com\/de\/wp-json\/wp\/v2\/users\/1"}],"replies":[{"embeddable":true,"href":"https:\/\/drersinaksu.com\/de\/wp-json\/wp\/v2\/comments?post=398"}],"version-history":[{"count":0,"href":"https:\/\/drersinaksu.com\/de\/wp-json\/wp\/v2\/pages\/398\/revisions"}],"up":[{"embeddable":true,"href":"https:\/\/drersinaksu.com\/de\/wp-json\/wp\/v2\/pages\/394"}],"wp:attachment":[{"href":"https:\/\/drersinaksu.com\/de\/wp-json\/wp\/v2\/media?parent=398"}],"curies":[{"name":"wp","href":"https:\/\/api.w.org\/{rel}","templated":true}]}}