{"id":401,"date":"2021-09-06T06:39:44","date_gmt":"2021-09-06T06:39:44","guid":{"rendered":"https:\/\/drersinaksu.asoundfiction.com\/nicht-chirurgische-anwendungen\/magen-ballon\/"},"modified":"2022-05-31T09:17:30","modified_gmt":"2022-05-31T07:17:30","slug":"magen-ballon","status":"publish","type":"page","link":"https:\/\/drersinaksu.com\/de\/magen-ballon\/","title":{"rendered":"Magen Ballon"},"content":{"rendered":"  <div id=\"page-header-1792066823\" class=\"page-header-wrapper\">\n  <div class=\"page-title dark featured-title\">\n\n    \n    <div class=\"page-title-inner container align-center text-center flex-row-col medium-flex-wrap\" >\n              <div class=\"title-wrapper flex-col\">\n          <h1 class=\"entry-title mb-0\">\n            Magen Ballon          <\/h1>\n        <\/div>\n                    <div class=\"title-content flex-col\">\n              <\/div>\n    <\/div>\n\n       <\/div>\n    <\/div>\n  \n\t<div id=\"gap-1944175367\" class=\"gap-element clearfix\" style=\"display:block; height:auto;\">\n\t\t\n<style>\n#gap-1944175367 {\n  padding-top: 30px;\n}\n<\/style>\n\t<\/div>\n\t\n\n\t<section class=\"section\" id=\"section_1623125459\">\n\t\t<div class=\"section-bg fill\" >\n\t\t\t\t\t\t\t\t\t\n\t\t\t\n\n\t\t<\/div>\n\n\t\t\n\n\t\t<div class=\"section-content relative\">\n\t\t\t\n<div class=\"row align-center\" style=\"max-width:1500px\" id=\"row-986170823\">\n\n\t<div id=\"col-1686911952\" class=\"col medium-12 small-12 large-6\"  >\n\t\t\t\t<div class=\"col-inner\"  >\n\t\t\t\n\t\t\t\n<h4><span style=\"color: #206a5d;\">MAGEN BALLON<\/span><\/h4>\n<p>Der Magenballon ist ein endoskopisches Verfahren, das seit vielen Jahren verwendet wird und funktioniert. Der Ballon wird in den Magen gelegt und aufgeblasen. Es gibt verschiedene Arten von Ballons von verschiedenen Marken. Je nachdem welches Verfahren angewendet wird.<\/p>\n<p><span style=\"color: #206a5d;\"><b>Magen Ballon mit Luft: <\/b><\/span><span style=\"font-weight: 400;\">Im entleerten Zustand wird er endoskopisch in den Magen eingef\u00fchrt und mit Luft zwischen 500-700cc je nach Magenvolumen dds Patienten aufgeblasen. Der Ballon hat ein Ventilmechanismus wie bei einem Fahrzeugrad und die Luft kann mit der Zeit abnehmen. In der Regel sollte es nach 6-8 Monaten entfernt werden, da es \u00fcber einen l\u00e4ngeren Zeitraum die Magenwand sch\u00e4digt.<\/span><\/p>\n<p><b><span style=\"color: #206a5d;\">Magen Ballon mit Fl\u00fcssigkeit:<\/span> <\/b><span style=\"font-weight: 400;\">Der Ballon wird mit Fl\u00fcssigkeit im Magen gef\u00fcllt. Es liefert ein besseres Ergebnis, als ein mit Luft gef\u00fcllter Magen Ballon, da es im Vergleich schwerer im Magen liegt. Es besteht ein geringeres Risiko, dass die Fl\u00fcssigkeit aus dem Ventilmechanismus austritt. Im Laufe der Zeit kann das Volumen des Magen Ballons, der mit Fl\u00fcssigkeit und Luft aufgeblasen ist, abnehmen. Diese Volumenreduktion im Ballon kann die Gewichtsverlustrate verringern. Der mit Fl\u00fcssigkeit aufgeblasene Ballon wird nach 6-8 Monaten entfernt.<\/span><\/p>\n<p><span style=\"color: #206a5d;\"><b>Verstellbarer Magen Ballon: <\/b><\/span><span style=\"font-weight: 400;\">Am Magen Ballon befindet sich ein Mechanismus, der es erm\u00f6glicht, das Fl\u00fcssigkeitsvolumen zu verringern und zu erh\u00f6hen. Es kann lange Zeit, beispielsweise 1 Jahr, im Magen verbleiben und bei Verringerung des Volumens endoskopisch wieder gef\u00fcllt werden.<\/span><\/p>\n\t\t<\/div>\n\t\t\t\t\t<\/div>\n\n\t\n\n\t<div id=\"col-2067450105\" class=\"col medium-10 small-12 large-6 medium-col-first\"  >\n\t\t\t\t<div class=\"col-inner\"  >\n\t\t\t\n\t\t\t\n\t<div class=\"img has-hover x md-x lg-x y md-y lg-y\" id=\"image_93488997\">\n\t\t\t\t\t\t\t\t<div class=\"img-inner image-cover dark\" style=\"padding-top:75%;\">\n\t\t\t<img loading=\"lazy\" decoding=\"async\" width=\"463\" height=\"481\" src=\"https:\/\/drersinaksu.com\/wp-content\/uploads\/2021\/09\/sss1-01.jpeg\" class=\"attachment-original size-original\" alt=\"\" srcset=\"https:\/\/drersinaksu.com\/wp-content\/uploads\/2021\/09\/sss1-01.jpeg 463w, https:\/\/drersinaksu.com\/wp-content\/uploads\/2021\/09\/sss1-01-289x300.jpeg 289w\" sizes=\"auto, (max-width: 463px) 100vw, 463px\" \/>\t\t\t\t\t\t\n\t\t\t\t\t<\/div>\n\t\t\t\t\t\t\t\t\n<style>\n#image_93488997 {\n  width: 100%;\n}\n<\/style>\n\t<\/div>\n\t\n\t\t<\/div>\n\t\t\t\t\t<\/div>\n\n\t\n<\/div>\n\t\t<\/div>\n\n\t\t\n<style>\n#section_1623125459 {\n  padding-top: 30px;\n  padding-bottom: 30px;\n  background-color: rgb(255, 255, 255);\n}\n<\/style>\n\t<\/section>\n\t\n\n\t<section class=\"section\" id=\"section_1219544219\">\n\t\t<div class=\"section-bg fill\" >\n\t\t\t\t\t\t\t\t\t\n\t\t\t\n\n\t\t<\/div>\n\n\t\t\n\n\t\t<div class=\"section-content relative\">\n\t\t\t\n<div class=\"row align-middle align-center\" style=\"max-width:1500px\" id=\"row-2101504347\">\n\n\t<div id=\"col-142963242\" class=\"col medium-4 small-12 large-4\"  >\n\t\t\t\t<div class=\"col-inner\"  >\n\t\t\t\n\t\t\t\n<p><strong><span style=\"font-size: 160%;\">1- Beratung<\/span><br \/><\/strong>Wir beraten Sie pers\u00f6nlich oder telefonisch bez\u00fcglich der\u00a0<strong>magen ballon<\/strong>\u00a0in R\u00fccksprache mit unserem Partnerchirurgen.<\/p>\n\t\t<\/div>\n\t\t\t\t\n<style>\n#col-142963242 > .col-inner {\n  padding: 10px 0px 0px 5px;\n  margin: 0px 0px 0px 0px;\n}\n@media (min-width:550px) {\n  #col-142963242 > .col-inner {\n    margin: -20px 0px 0px 0px;\n  }\n}\n<\/style>\n\t<\/div>\n\n\t\n\n\t<div id=\"col-2076499353\" class=\"col medium-4 small-12 large-4\"  >\n\t\t\t\t<div class=\"col-inner\"  >\n\t\t\t\n\t\t\t\n<p><strong><span style=\"font-size: 160%;\">2 &#8211; Behandlung<\/span><br \/>\n<\/strong>Die Behandlung erfolgt nach detaillierter Aufkl\u00e4rung und verschiedenen Untersuchungen von unserem Spezialisten.<\/p>\n\t\t<\/div>\n\t\t\t\t\n<style>\n#col-2076499353 > .col-inner {\n  padding: 5px 0px 0px 5px;\n  margin: -1px 0px 0px 0px;\n  border-radius: 18px;\n}\n@media (min-width:550px) {\n  #col-2076499353 > .col-inner {\n    margin: -31px 0px 0px 0px;\n  }\n}\n@media (min-width:850px) {\n  #col-2076499353 > .col-inner {\n    margin: -20px 0px 0px 0px;\n  }\n}\n<\/style>\n\t<\/div>\n\n\t\n\n\t<div id=\"col-1938097075\" class=\"col medium-4 small-12 large-4\"  >\n\t\t\t\t<div class=\"col-inner\"  >\n\t\t\t\n\t\t\t\n<p><span style=\"font-size: 160%;\"><strong>3 &#8211; Erfolg<\/strong><\/span><br \/>\nMit einer detaillierten Ern\u00e4hrungsberatung starten Sie in Ihr neues Leben \u2013 und wir sind stets an Ihrer Seite. Schritt f\u00fcr Schritt, bis zum gew\u00fcnschten Erfolg.<\/p>\n\t\t<\/div>\n\t\t\t\t\n<style>\n#col-1938097075 > .col-inner {\n  padding: 5px 0px 0px 5px;\n  margin: 0px 0px 0px 0px;\n  border-radius: 18px;\n}\n@media (min-width:550px) {\n  #col-1938097075 > .col-inner {\n    margin: 7px 0px 0px 0px;\n  }\n}\n<\/style>\n\t<\/div>\n\n\t\n\n\t<div id=\"col-1652908498\" class=\"col medium-10 small-12 large-6\"  >\n\t\t\t\t<div class=\"col-inner\"  >\n\t\t\t\n\t\t\t\n\t<div class=\"img has-hover x md-x lg-x y md-y lg-y\" id=\"image_1061526081\">\n\t\t\t\t\t\t\t\t<div class=\"img-inner dark\" >\n\t\t\t<img loading=\"lazy\" decoding=\"async\" width=\"1920\" height=\"1280\" src=\"https:\/\/drersinaksu.com\/wp-content\/uploads\/2021\/08\/dr-ersin-aksu-ameliyatsiz-zayiflama-slider.jpeg\" class=\"attachment-original size-original\" alt=\"\" srcset=\"https:\/\/drersinaksu.com\/wp-content\/uploads\/2021\/08\/dr-ersin-aksu-ameliyatsiz-zayiflama-slider.jpeg 1920w, https:\/\/drersinaksu.com\/wp-content\/uploads\/2021\/08\/dr-ersin-aksu-ameliyatsiz-zayiflama-slider-300x200.jpeg 300w, https:\/\/drersinaksu.com\/wp-content\/uploads\/2021\/08\/dr-ersin-aksu-ameliyatsiz-zayiflama-slider-1024x683.jpeg 1024w, https:\/\/drersinaksu.com\/wp-content\/uploads\/2021\/08\/dr-ersin-aksu-ameliyatsiz-zayiflama-slider-768x512.jpeg 768w, https:\/\/drersinaksu.com\/wp-content\/uploads\/2021\/08\/dr-ersin-aksu-ameliyatsiz-zayiflama-slider-1536x1024.jpeg 1536w\" sizes=\"auto, (max-width: 1920px) 100vw, 1920px\" \/>\t\t\t\t\t\t\n\t\t\t\t\t<\/div>\n\t\t\t\t\t\t\t\t\n<style>\n#image_1061526081 {\n  width: 100%;\n}\n<\/style>\n\t<\/div>\n\t\n\t\t<\/div>\n\t\t\t\t\t<\/div>\n\n\t\n\n\t<div id=\"col-1026607836\" class=\"col medium-12 small-12 large-6\"  >\n\t\t\t\t<div class=\"col-inner\"  >\n\t\t\t\n\t\t\t\n<p><span style=\"color: #206a5d;\"><b>Kapsel Magen Ballon: <\/b><\/span><span style=\"font-weight: 400;\">Es handelt sich um eine Art Ballon, der keine Endoskopie erfordert und muss von dem Patienten geschluckt werden. Nach 4-6 Monaten schmilzt der Magen Ballon von selbst und muss nicht entfernt werden. Bei der Anwendung dieser Art, wird das Magenvolumen mechanisch reduziert und der Durchgang der Nahrung vom Magen in den Darm verz\u00f6gert. Auf diese Weise wird eine Gewichtsabnahme erreicht. Unsere Erfahrungen haben gezeigt, dass es f\u00fcr ein Erfolgsergebnis wichtig ist, dass die Anwendung des Ballons oder Botoks richtig durchgef\u00fchrt wird, eine gute Zusammenarbeit mit einem Ern\u00e4hrungsberater stattfindet und der Patient den Willen zeigt abzunehmen. Wenn einer dieser drei Faktoren nicht vollst\u00e4ndig erf\u00fcllt wird, behindert dies die Gewichtsabnahme.<\/span><\/p>\n<p><span style=\"color: #206a5d;\"><b>Ern\u00e4hrung: <\/b><\/span><span style=\"font-weight: 400;\">F\u00fcr ausf\u00fchrliche Informationen zum Punkt Ern\u00e4hrung, k\u00f6nnen Sie sich an unsere ausgebildeten, erfahrenen und sehr patientenorientierten Ern\u00e4hrungsberaterinnen wenden und Ihnen auf Instagram folgen. Die erste Methode zur Behandlung von Fettleibigkeit ist die Ern\u00e4hrung.\u00a0<\/span><\/p>\n<p><a href=\"https:\/\/drersinaksu.com\/de\/uber-mich\/\"><span style=\"font-weight: 400;\">Op. Dr. Ersin Aksu<\/span><\/a><span style=\"font-weight: 400;\"> und sein erfahrenes Team streben stets mit einer strengen pr\u00e4- und postoperativen Nachsorge einen hohen Erfolg an. Ihre Zufriedenheit ist unser Erfolg. F\u00fcr weitere <\/span><span style=\"font-weight: 400;\">Informationen<\/span><span style=\"font-weight: 400;\"> k\u00f6nnen Sie uns <a href=\"https:\/\/drersinaksu.com\/de\/kontakt\/\">kontaktieren<\/a> und unsere <\/span><a href=\"https:\/\/www.instagram.com\/op.dr.ersinaksu\/\" target=\"_blank\" rel=\"noopener\"><span style=\"font-weight: 400;\">Instagram<\/span><\/a><span style=\"font-weight: 400;\"> und <\/span><a href=\"https:\/\/www.youtube.com\/channel\/UCONzNwe-j34MGkAjaPgD5dg\" target=\"_blank\" rel=\"noopener\"><span style=\"font-weight: 400;\">YouTube<\/span><\/a><span style=\"font-weight: 400;\"> Seiten besuchen.<\/span><\/p>\n\t\t<\/div>\n\t\t\t\t\n<style>\n#col-1026607836 > .col-inner {\n  padding: 10px 5px 10px 10px;\n}\n<\/style>\n\t<\/div>\n\n\t\n<\/div>\n\t\t<\/div>\n\n\t\t\n<style>\n#section_1219544219 {\n  padding-top: 30px;\n  padding-bottom: 30px;\n  background-color: rgba(245, 245, 245, 0.68);\n}\n<\/style>\n\t<\/section>\n\t\n<div class=\"row align-equal\"  id=\"row-1816093045\">\n\n\t<div id=\"col-409570631\" class=\"col medium-6 small-12 large-6\"  >\n\t\t\t\t<div class=\"col-inner box-shadow-1\"  >\n\t\t\t\n\t\t\t\n\n\t<a class=\"plain\" href=\"https:\/\/drersinaksu.com\/de\/nicht-chirurgische-anwendungen\/ohne-operationen-abnehmen\/\">\t<div class=\"icon-box featured-box icon-box-left text-left\"  >\n\t\t\t\t\t<div class=\"icon-box-img\" style=\"width: 80px\">\n\t\t\t\t<div class=\"icon\">\n\t\t\t\t\t<div class=\"icon-inner\" >\n\t\t\t\t\t\t<img loading=\"lazy\" decoding=\"async\" width=\"300\" height=\"300\" src=\"https:\/\/drersinaksu.com\/wp-content\/uploads\/2021\/08\/ameliyatsiz-zayiflama-300x300.png\" class=\"attachment-medium size-medium\" alt=\"\" srcset=\"https:\/\/drersinaksu.com\/wp-content\/uploads\/2021\/08\/ameliyatsiz-zayiflama-300x300.png 300w, https:\/\/drersinaksu.com\/wp-content\/uploads\/2021\/08\/ameliyatsiz-zayiflama-150x150.png 150w, https:\/\/drersinaksu.com\/wp-content\/uploads\/2021\/08\/ameliyatsiz-zayiflama.png 501w\" sizes=\"auto, (max-width: 300px) 100vw, 300px\" \/>\t\t\t\t\t<\/div>\n\t\t\t\t<\/div>\n\t\t\t<\/div>\n\t\t\t\t<div class=\"icon-box-text last-reset\">\n\t\t\t\t\t\t\t\t\t\n\t<div id=\"text-3219369798\" class=\"text\">\n\t\t\n<h3>Ohne Operationen abnehmen<\/h3>\n<p>Ohne Operationen abnehmen: es ist eine Gewichtsverlustmethode, die auf der Injektion von medizine in bestimmte Teile des Magens endoskopischen Eingriffen basiert.<br \/>\n\t\t\n<style>\n#text-3219369798 {\n  text-align: center;\n}\n<\/style>\n\t<\/div>\n\t\n<a href=\"https:\/\/drersinaksu.com\/de\/nicht-chirurgische-anwendungen\/ohne-operationen-abnehmen\/\" class=\"button primary is-link lowercase expand\">\n\t\t<span>Mehr \u0130nformationen<\/span>\n\t<i class=\"icon-angle-right\" aria-hidden=\"true\"><\/i><\/a>\n\n\t\t<\/div>\n\t<\/div>\n\t<\/a>\n\t\n\t<div id=\"gap-564492727\" class=\"gap-element clearfix\" style=\"display:block; height:auto;\">\n\t\t\n<style>\n#gap-564492727 {\n  padding-top: 30px;\n}\n<\/style>\n\t<\/div>\n\t\n\t\t<\/div>\n\t\t\t\t\n<style>\n#col-409570631 > .col-inner {\n  padding: 24px 10px 24px 10px;\n  border-radius: 5px;\n}\n<\/style>\n\t<\/div>\n\n\t\n\n\t<div id=\"col-1096427461\" class=\"col medium-6 small-12 large-6\"  >\n\t\t\t\t<div class=\"col-inner box-shadow-1\"  >\n\t\t\t\n\t\t\t\n<div class=\"container section-title-container\" style=\"margin-bottom:0px;\"><h3 class=\"section-title section-title-center\"><b aria-hidden=\"true\"><\/b><span class=\"section-title-main\" >Informationen Bekommen<\/span><b aria-hidden=\"true\"><\/b><\/h3><\/div>\n<div id=\"quform-d32839\" class=\"quform quform-10 quform-support-page-caching\"><form id=\"quform-form-d32839\" class=\"quform-form quform-form-10\" action=\"\/de\/wp-json\/wp\/v2\/pages\/401#quform-d32839\" method=\"post\" enctype=\"multipart\/form-data\" novalidate=\"novalidate\" data-options=\"{&quot;id&quot;:10,&quot;uniqueId&quot;:&quot;d32839&quot;,&quot;theme&quot;:&quot;&quot;,&quot;ajax&quot;:true,&quot;logic&quot;:{&quot;logic&quot;:[],&quot;dependents&quot;:[],&quot;elementIds&quot;:[],&quot;dependentElementIds&quot;:[],&quot;animate&quot;:true},&quot;currentPageId&quot;:1,&quot;errorsIcon&quot;:&quot;&quot;,&quot;updateFancybox&quot;:true,&quot;hasPages&quot;:false,&quot;pages&quot;:[1],&quot;pageProgressType&quot;:&quot;tabs&quot;,&quot;tooltipsEnabled&quot;:true,&quot;tooltipClasses&quot;:&quot;qtip-quform-dark qtip-shadow&quot;,&quot;tooltipMy&quot;:&quot;left center&quot;,&quot;tooltipAt&quot;:&quot;right center&quot;,&quot;isRtl&quot;:false,&quot;scrollOffset&quot;:-50,&quot;scrollSpeed&quot;:800}\"><button class=\"quform-default-submit\" name=\"quform_submit\" type=\"submit\" value=\"submit\" aria-hidden=\"true\" tabindex=\"-1\"><\/button><div class=\"quform-form-inner quform-form-inner-10\"><input type=\"hidden\" name=\"quform_form_id\" value=\"10\" \/><input type=\"hidden\" name=\"quform_form_uid\" value=\"d32839\" \/><input type=\"hidden\" name=\"quform_count\" value=\"1\" \/><input type=\"hidden\" name=\"form_url\" value=\"https:\/\/drersinaksu.com\/de\/wp-json\/wp\/v2\/pages\/401\" \/><input type=\"hidden\" name=\"referring_url\" value=\"\" \/><input type=\"hidden\" name=\"post_id\" value=\"\" \/><input type=\"hidden\" name=\"post_title\" value=\"\" \/><input type=\"hidden\" name=\"quform_current_page_id\" value=\"1\" \/><input type=\"hidden\" name=\"quform_loaded\" value=\"1776708833|ef81f77c372fd7922f7e94be9113c7b7\" \/><input type=\"hidden\" name=\"quform_csrf_token\" value=\"sy3ra54Py5dh8KtrKewFL5Djo207TdlbbMKrSWzG\" \/><div class=\"quform-elements quform-elements-10 quform-cf quform-responsive-elements-phone-landscape\"><div class=\"quform-element quform-element-page quform-page-1 quform-page-10_1 quform-cf quform-group-style-plain quform-first-page quform-last-page quform-current-page\"><div class=\"quform-child-elements\"><div class=\"quform-element quform-element-text quform-element-10_5 quform-cf quform-element-optional\"><div class=\"quform-spacer\"><div class=\"quform-label quform-label-10_5\"><label class=\"quform-label-text\" for=\"quform_10_5_d32839\">Name<\/label><\/div><div class=\"quform-inner quform-inner-text quform-inner-10_5\"><div class=\"quform-input quform-input-text quform-input-10_5 quform-cf quform-has-field-icon-left\"><input type=\"text\" id=\"quform_10_5_d32839\" name=\"quform_10_5\" class=\"quform-field quform-field-text quform-field-10_5 asf-form-icon\" \/><span class=\"quform-field-icon quform-field-icon-left\"><i class=\"fa fa-user\"><\/i><\/span><\/div><\/div><\/div><\/div><div class=\"quform-element quform-element-email quform-element-10_16 quform-cf quform-element-optional\"><div class=\"quform-spacer\"><div class=\"quform-label quform-label-10_16\"><label class=\"quform-label-text\" for=\"quform_10_16_d32839\">E - mail<\/label><\/div><div class=\"quform-inner quform-inner-email quform-inner-10_16\"><div class=\"quform-input quform-input-email quform-input-10_16 quform-cf quform-has-field-icon-left\"><input type=\"email\" id=\"quform_10_16_d32839\" name=\"quform_10_16\" class=\"quform-field quform-field-email quform-field-10_16\" \/><span class=\"quform-field-icon quform-field-icon-left\"><i class=\"fa fa-envelope\"><\/i><\/span><\/div><\/div><\/div><\/div><div class=\"quform-element quform-element-text quform-element-10_15 quform-cf quform-element-optional\"><div class=\"quform-spacer\"><div class=\"quform-label quform-label-10_15\"><label class=\"quform-label-text\" for=\"quform_10_15_d32839\">Telefon<\/label><\/div><div class=\"quform-inner quform-inner-text quform-inner-10_15\"><div class=\"quform-input quform-input-text quform-input-10_15 quform-cf quform-has-field-icon-left\"><input type=\"text\" id=\"quform_10_15_d32839\" name=\"quform_10_15\" class=\"quform-field quform-field-text quform-field-10_15\" \/><span class=\"quform-field-icon quform-field-icon-left\"><i class=\"fa fa-phone\"><\/i><\/span><\/div><\/div><\/div><\/div><div class=\"quform-element quform-element-textarea quform-element-10_543484 quform-sr-only quform-cf\" style=\"clip: rect(1px, 1px, 1px, 1px); clip-path: inset(50%); position: absolute !important; height: 1px; width: 1px; overflow: hidden;\"><div class=\"quform-spacer\"><div class=\"quform-label quform-label-10_543484\"><label class=\"quform-label-text\" for=\"quform_10_543484_d32839\">Website URL<span class=\"quform-required\">*<\/span><\/label><\/div><div class=\"quform-inner quform-inner-10_543484\"><textarea id=\"quform_10_543484_d32839\" name=\"quform_10_543484\" class=\"quform-field quform-field-textarea quform-field-10_543484\" tabindex=\"-1\" autocomplete=\"new-password\"><\/textarea><\/div><\/div><\/div><div class=\"quform-element quform-element-submit quform-element-10_18 quform-cf quform-button-style-theme quform-button-width-full\"><div class=\"quform-button-submit quform-button-submit-default quform-button-submit-10_18\"><button name=\"quform_submit\" type=\"submit\" class=\"quform-submit\" value=\"submit\"><span class=\"quform-button-text quform-button-submit-text\">Absenden<\/span><\/button><\/div><div class=\"quform-loading quform-loading-position-left quform-loading-type-spinner-1\"><div class=\"quform-loading-inner\"><div class=\"quform-loading-spinner\"><div class=\"quform-loading-spinner-inner\"><\/div><\/div><\/div><\/div><\/div><\/div><\/div><\/div><\/div><\/form><\/div>\n\t\t<\/div>\n\t\t\t\t\n<style>\n#col-1096427461 > .col-inner {\n  padding: 24px 10px 24px 10px;\n  border-radius: 5px;\n}\n<\/style>\n\t<\/div>\n\n\t\n<\/div>\n\n\t<div id=\"gap-349424004\" class=\"gap-element clearfix\" style=\"display:block; height:auto;\">\n\t\t\n<style>\n#gap-349424004 {\n  padding-top: 75px;\n}\n<\/style>\n\t<\/div>\n\t\n","protected":false},"excerpt":{"rendered":"","protected":false},"author":1,"featured_media":0,"parent":0,"menu_order":0,"comment_status":"closed","ping_status":"closed","template":"page-blank.php","meta":{"footnotes":""},"class_list":["post-401","page","type-page","status-publish","hentry"],"_links":{"self":[{"href":"https:\/\/drersinaksu.com\/de\/wp-json\/wp\/v2\/pages\/401","targetHints":{"allow":["GET"]}}],"collection":[{"href":"https:\/\/drersinaksu.com\/de\/wp-json\/wp\/v2\/pages"}],"about":[{"href":"https:\/\/drersinaksu.com\/de\/wp-json\/wp\/v2\/types\/page"}],"author":[{"embeddable":true,"href":"https:\/\/drersinaksu.com\/de\/wp-json\/wp\/v2\/users\/1"}],"replies":[{"embeddable":true,"href":"https:\/\/drersinaksu.com\/de\/wp-json\/wp\/v2\/comments?post=401"}],"version-history":[{"count":0,"href":"https:\/\/drersinaksu.com\/de\/wp-json\/wp\/v2\/pages\/401\/revisions"}],"wp:attachment":[{"href":"https:\/\/drersinaksu.com\/de\/wp-json\/wp\/v2\/media?parent=401"}],"curies":[{"name":"wp","href":"https:\/\/api.w.org\/{rel}","templated":true}]}}