{"id":404,"date":"2021-09-06T06:43:48","date_gmt":"2021-09-06T06:43:48","guid":{"rendered":"https:\/\/drersinaksu.asoundfiction.com\/diabetes-chirurgie\/"},"modified":"2022-05-31T10:02:05","modified_gmt":"2022-05-31T08:02:05","slug":"diabetes-chirurgie","status":"publish","type":"page","link":"https:\/\/drersinaksu.com\/de\/diabetes-chirurgie\/","title":{"rendered":"Diabetes-Chirurgie"},"content":{"rendered":"  <div id=\"page-header-846849014\" class=\"page-header-wrapper\">\n  <div class=\"page-title dark featured-title\">\n\n    \n    <div class=\"page-title-inner container align-center text-center flex-row-col medium-flex-wrap\" >\n              <div class=\"title-wrapper flex-col\">\n          <h1 class=\"entry-title mb-0\">\n            Diabetes-Chirurgie          <\/h1>\n        <\/div>\n                    <div class=\"title-content flex-col\">\n        <ul class=\"nav sm-touch-scroll nav-line nav-uppercase text-center nav-center\"><li class=\"nav-single-page hidden\"><\/li><\/ul>      <\/div>\n    <\/div>\n\n       <\/div>\n    <\/div>\n  \n\t<div id=\"gap-1888127009\" class=\"gap-element clearfix\" style=\"display:block; height:auto;\">\n\t\t\n<style>\n#gap-1888127009 {\n  padding-top: 30px;\n}\n<\/style>\n\t<\/div>\n\t\n\n\t<section class=\"section\" id=\"section_1503384290\">\n\t\t<div class=\"section-bg fill\" >\n\t\t\t\t\t\t\t\t\t\n\t\t\t\n\n\t\t<\/div>\n\n\t\t\n\n\t\t<div class=\"section-content relative\">\n\t\t\t\n<div class=\"row align-center\" style=\"max-width:1500px\" id=\"row-1897858008\">\n\n\t<div id=\"col-1345214229\" class=\"col medium-12 small-12 large-6\"  >\n\t\t\t\t<div class=\"col-inner\"  >\n\t\t\t\n\t\t\t\n\t<div id=\"gap-1115514577\" class=\"gap-element clearfix\" style=\"display:block; height:auto;\">\n\t\t\n<style>\n#gap-1115514577 {\n  padding-top: 30px;\n}\n<\/style>\n\t<\/div>\n\t\n<h3><span style=\"color: #206a5d;\">Was ist die Diabetes-Chirurgie?<\/span><\/h3>\n<p><span style=\"color: #000000;\">Diabetes-Chirurgie, auch als Stoffwechselchirurgie bekannt, ist eine Gewichtsverlust-Operation zur Behandlung von Patiente mit Typ-2-Diabetes..<\/span><\/p>\n<h3><span style=\"color: #206a5d;\">Bei wem kann eine Diabetes-Chirurgie angewendet werden?<\/span><\/h3>\n<p><span style=\"color: #000000;\">wird bei Patienten mit einem BMI \u00fcber 40 mit Typ-2-Diabetes,<\/span><span style=\"color: #000000;\">bei Patienten mit einem BMI zwischen 35 und 40, die trotz medikamt\u00f6ser Behandlung und gesunden Lebensstil den Zucker nicht unter Kontrolle bekommen,<\/span><span style=\"color: #000000;\">bei Patienten mit einen BMI Wert zwischen 30 und 35, die mit Insulin und Medikamenten behandelt werden und destotrotz den Zucker nicht unter Kontrolle bekommen, angewendet.<\/span><\/p>\n<h3><span style=\"color: #206a5d;\">Hat die Diabetes-Chirurgie Risiken?<\/span><\/h3>\n<p><span style=\"color: #000000;\"> Diabetes-Operationen gaben das gleiche Risiko, wie andere Operationen des Verdauungssystems. Genau wie bei anderen Operationen, k\u00f6nnen auf Grund von narkise negative Auswirkungen auftreten. Dar\u00fcber hinaus k\u00f6nnen, Probleme wie Infektionen oder undichte N\u00e4hte auftreten. Diese Risiken betragen jedoch nur 2 Prozent, und angesichts der heute angewandten Techniken, nehmen diese Risiken von Tag zu Tag ab.<\/span><\/p>\n\t\t<\/div>\n\t\t\t\t\t<\/div>\n\n\t\n\n\t<div id=\"col-20717372\" class=\"col medium-10 small-12 large-6 medium-col-first\"  >\n\t\t\t\t<div class=\"col-inner\"  >\n\t\t\t\n\t\t\t\n\t<div class=\"img has-hover x md-x lg-x y md-y lg-y\" id=\"image_1978321193\">\n\t\t\t\t\t\t\t\t<div class=\"img-inner image-cover dark\" style=\"padding-top:73%;\">\n\t\t\t<img loading=\"lazy\" decoding=\"async\" width=\"463\" height=\"481\" src=\"https:\/\/drersinaksu.com\/wp-content\/uploads\/2021\/09\/sss1-01.jpeg\" class=\"attachment-original size-original\" alt=\"\" srcset=\"https:\/\/drersinaksu.com\/wp-content\/uploads\/2021\/09\/sss1-01.jpeg 463w, https:\/\/drersinaksu.com\/wp-content\/uploads\/2021\/09\/sss1-01-289x300.jpeg 289w\" sizes=\"auto, (max-width: 463px) 100vw, 463px\" \/>\t\t\t\t\t\t\n\t\t\t\t\t<\/div>\n\t\t\t\t\t\t\t\t\n<style>\n#image_1978321193 {\n  width: 100%;\n}\n@media (min-width:850px) {\n  #image_1978321193 {\n    width: 100%;\n  }\n}\n<\/style>\n\t<\/div>\n\t\n\t\t<\/div>\n\t\t\t\t\t<\/div>\n\n\t\n<\/div>\n\t\t<\/div>\n\n\t\t\n<style>\n#section_1503384290 {\n  padding-top: 30px;\n  padding-bottom: 30px;\n  background-color: rgb(255, 255, 255);\n}\n<\/style>\n\t<\/section>\n\t\n\n\t<section class=\"section\" id=\"section_1806072833\">\n\t\t<div class=\"section-bg fill\" >\n\t\t\t\t\t\t\t\t\t\n\t\t\t\n\n\t\t<\/div>\n\n\t\t\n\n\t\t<div class=\"section-content relative\">\n\t\t\t\n\t<div id=\"gap-991522882\" class=\"gap-element clearfix hide-for-small\" style=\"display:block; height:auto;\">\n\t\t\n<style>\n#gap-991522882 {\n  padding-top: 20px;\n}\n<\/style>\n\t<\/div>\n\t\n<div class=\"row align-equal align-center\" style=\"max-width:1500px\" id=\"row-917907862\">\n\n\t<div id=\"col-1288012138\" class=\"col medium-4 small-12 large-4\"  >\n\t\t\t\t<div class=\"col-inner\"  >\n\t\t\t\n\t\t\t\n<p><strong><span style=\"font-size: 160%;\">1- Beratung<\/span><br \/><\/strong>Wir beraten Sie pers\u00f6nlich oder telefonisch bez\u00fcglich der <b>diabetes chirurgie <\/b>in R\u00fccksprache mit unserem Partnerchirurgen.<\/p>\n\t\t<\/div>\n\t\t\t\t\n<style>\n#col-1288012138 > .col-inner {\n  padding: 6px 0px 0px 5px;\n}\n<\/style>\n\t<\/div>\n\n\t\n\n\t<div id=\"col-317106411\" class=\"col medium-4 small-12 large-4\"  >\n\t\t\t\t<div class=\"col-inner\"  >\n\t\t\t\n\t\t\t\n<p><strong><span style=\"font-size: 160%;\">2 &#8211; Behandlung<\/span><br \/>\n<\/strong>Die Behandlung erfolgt nach detaillierter Aufkl\u00e4rung und verschiedenen Untersuchungen von unserem Spezialisten.<\/p>\n\t\t<\/div>\n\t\t\t\t\n<style>\n#col-317106411 > .col-inner {\n  padding: 5px 0px 0px 5px;\n  border-radius: 18px;\n}\n<\/style>\n\t<\/div>\n\n\t\n\n\t<div id=\"col-349596675\" class=\"col medium-4 small-12 large-4\"  >\n\t\t\t\t<div class=\"col-inner\"  >\n\t\t\t\n\t\t\t\n<p><span style=\"font-size: 160%;\"><strong>3 &#8211; Erfolg<\/strong><\/span><br \/>\nMit einer detaillierten Ern\u00e4hrungsberatung starten Sie in Ihr neues Leben \u2013 und wir sind stets an Ihrer Seite. Schritt f\u00fcr Schritt, bis zum gew\u00fcnschten Erfolg.<\/p>\n\t\t<\/div>\n\t\t\t\t\n<style>\n#col-349596675 > .col-inner {\n  padding: 14px 0px 0px 5px;\n  border-radius: 18px;\n}\n@media (min-width:850px) {\n  #col-349596675 > .col-inner {\n    padding: 0px 0px 0px 5px;\n  }\n}\n<\/style>\n\t<\/div>\n\n\t\n\n\t<div id=\"col-1130065389\" class=\"col medium-10 small-12 large-6\"  >\n\t\t\t\t<div class=\"col-inner\"  >\n\t\t\t\n\t\t\t\n\t<div class=\"img has-hover x md-x lg-x y md-y lg-y\" id=\"image_1098787749\">\n\t\t\t\t\t\t\t\t<div class=\"img-inner image-cover dark\" style=\"padding-top:81%;\">\n\t\t\t<img loading=\"lazy\" decoding=\"async\" width=\"1920\" height=\"1280\" src=\"https:\/\/drersinaksu.com\/wp-content\/uploads\/2021\/08\/dr-ersin-aksu-ameliyatsiz-zayiflama-slider.jpeg\" class=\"attachment-original size-original\" alt=\"\" srcset=\"https:\/\/drersinaksu.com\/wp-content\/uploads\/2021\/08\/dr-ersin-aksu-ameliyatsiz-zayiflama-slider.jpeg 1920w, https:\/\/drersinaksu.com\/wp-content\/uploads\/2021\/08\/dr-ersin-aksu-ameliyatsiz-zayiflama-slider-300x200.jpeg 300w, https:\/\/drersinaksu.com\/wp-content\/uploads\/2021\/08\/dr-ersin-aksu-ameliyatsiz-zayiflama-slider-1024x683.jpeg 1024w, https:\/\/drersinaksu.com\/wp-content\/uploads\/2021\/08\/dr-ersin-aksu-ameliyatsiz-zayiflama-slider-768x512.jpeg 768w, https:\/\/drersinaksu.com\/wp-content\/uploads\/2021\/08\/dr-ersin-aksu-ameliyatsiz-zayiflama-slider-1536x1024.jpeg 1536w\" sizes=\"auto, (max-width: 1920px) 100vw, 1920px\" \/>\t\t\t\t\t\t\n\t\t\t\t\t<\/div>\n\t\t\t\t\t\t\t\t\n<style>\n#image_1098787749 {\n  width: 100%;\n}\n<\/style>\n\t<\/div>\n\t\n\t\t<\/div>\n\t\t\t\t\t<\/div>\n\n\t\n\n\t<div id=\"col-557405582\" class=\"col medium-12 small-12 large-6\"  >\n\t\t\t\t<div class=\"col-inner\"  >\n\t\t\t\n\t\t\t\n<div class=\"row\"  id=\"row-2003381101\">\n\n\t<div id=\"col-1487443176\" class=\"col small-12 large-12\"  >\n\t\t\t\t<div class=\"col-inner\"  >\n\t\t\t\n\t\t\t\n\t<div id=\"gap-696862268\" class=\"gap-element clearfix\" style=\"display:block; height:auto;\">\n\t\t\n<style>\n#gap-696862268 {\n  padding-top: 45px;\n}\n<\/style>\n\t<\/div>\n\t\n<h3><span style=\"color: #206a5d;\">Wie wird die Diabetes-Chirurgie angewendet?<\/span><\/h3>\n<p><span style=\"color: #000000;\">Im Allgemeinen wird das Abnehmen bei Adipositas-Operationen durch zwei verschiedene Methoden erreicht. Bei Operationen, die als einschr\u00e4nkende Operation bezeichnet werden, wird das Magenvolumen reduziert, d.h. es wird eingeschr\u00e4nkt. Bei Operationen, die als Anti-Absorptions-Operation bezeichnet werden, wird der Verdauungstrakt neu angeordnet, um die Aufnahme von Nahrungsmitteln und somit auch die daraus absorbierten N\u00e4hrstoffe zu verringern. Bei machen Operationen werden von beiden Methoden profitiert. Mit den infolge dieser Operationen auftretenden hormonellen Ver\u00e4nderunen, wird der Diabetes unter Kontrolle gebracht.<\/span><\/p>\n<h3><span style=\"color: #206a5d;\"> Was sind die Vorteile der Diabetes-Chirurgie?<\/span><\/h3>\n<p><span style=\"color: #000000;\">Heutzutage liegt die Erfolgsrate von Diabetesoperationen bei 85 %. Nach der Operation k\u00f6nnen Patienten Diabetes und andere damit in Verbindung stehende Krankheiten vollst\u00e4ndig loswerden. Da das Risiko von Organbesch\u00e4digungen sehr gering ist, erholen sich die Patienten nach kurzer Zeit wieder. Die Zahl der Patienten, deren Zucker-, Blutdurck- und Cholesterinspiegel innerhalb von wenigen Wochen nach der Operation wieder normal werden, ist sehr hoch.<\/span><\/p>\n\t\t<\/div>\n\t\t\t\t\n<style>\n#col-1487443176 > .col-inner {\n  margin: -26px 0px 0px 0px;\n}\n<\/style>\n\t<\/div>\n\n\t\n<\/div>\n<div class=\"row\"  id=\"row-829994947\">\n\n\t<div id=\"col-1512082816\" class=\"col small-12 large-12\"  >\n\t\t\t\t<div class=\"col-inner\"  >\n\t\t\t\n\t\t\t\n<p><a href=\"https:\/\/drersinaksu.com\/de\/uber-mich\/\"><span style=\"font-weight: 400;\">Op. Dr. Ersin Aksu<\/span><\/a><span style=\"font-weight: 400;\"> und sein erfahrenes Team streben stets mit einer strengen pr\u00e4- und postoperativen Nachsorge einen hohen Erfolg an. Ihre Zufriedenheit ist unser Erfolg. F\u00fcr weitere <\/span><span style=\"font-weight: 400;\">Informationen<\/span><span style=\"font-weight: 400;\"> k\u00f6nnen Sie uns <a href=\"https:\/\/drersinaksu.com\/de\/kontakt\/\">kontaktieren<\/a> und unsere <\/span><a href=\"https:\/\/www.instagram.com\/op.dr.ersinaksu\/\" target=\"_blank\" rel=\"noopener\"><span style=\"font-weight: 400;\">Instagram<\/span><\/a><span style=\"font-weight: 400;\"> und <\/span><a href=\"https:\/\/www.youtube.com\/channel\/UCONzNwe-j34MGkAjaPgD5dg\" target=\"_blank\" rel=\"noopener\"><span style=\"font-weight: 400;\">YouTube<\/span><\/a><span style=\"font-weight: 400;\"> Seiten besuchen.<\/span><\/p>\n\t\t<\/div>\n\t\t\t\t\n<style>\n#col-1512082816 > .col-inner {\n  margin: -25px 0px 0px 0px;\n}\n<\/style>\n\t<\/div>\n\n\t\n<\/div>\n\t\t<\/div>\n\t\t\t\t\n<style>\n#col-557405582 > .col-inner {\n  padding: 10px 5px 10px 10px;\n}\n<\/style>\n\t<\/div>\n\n\t\n<\/div>\n\t\t<\/div>\n\n\t\t\n<style>\n#section_1806072833 {\n  padding-top: 30px;\n  padding-bottom: 30px;\n  background-color: rgba(245, 245, 245, 0.68);\n}\n<\/style>\n\t<\/section>\n\t\n<div class=\"row align-equal align-center\"  id=\"row-1546285939\">\n\n\t<div id=\"col-2078023110\" class=\"col medium-7 small-12 large-7\"  >\n\t\t\t\t<div class=\"col-inner box-shadow-1\"  >\n\t\t\t\n\t\t\t\n<div class=\"container section-title-container\" style=\"margin-bottom:0px;\"><h3 class=\"section-title section-title-center\"><b aria-hidden=\"true\"><\/b><span class=\"section-title-main\" >Informationen Bekommen<\/span><b aria-hidden=\"true\"><\/b><\/h3><\/div>\n\t<div id=\"text-139662254\" class=\"text\">\n\t\t\n<div id=\"quform-c62a27\" class=\"quform quform-10 quform-support-page-caching\"><form id=\"quform-form-c62a27\" class=\"quform-form quform-form-10\" action=\"\/de\/wp-json\/wp\/v2\/pages\/404#quform-c62a27\" method=\"post\" enctype=\"multipart\/form-data\" novalidate=\"novalidate\" data-options=\"{&quot;id&quot;:10,&quot;uniqueId&quot;:&quot;c62a27&quot;,&quot;theme&quot;:&quot;&quot;,&quot;ajax&quot;:true,&quot;logic&quot;:{&quot;logic&quot;:[],&quot;dependents&quot;:[],&quot;elementIds&quot;:[],&quot;dependentElementIds&quot;:[],&quot;animate&quot;:true},&quot;currentPageId&quot;:1,&quot;errorsIcon&quot;:&quot;&quot;,&quot;updateFancybox&quot;:true,&quot;hasPages&quot;:false,&quot;pages&quot;:[1],&quot;pageProgressType&quot;:&quot;tabs&quot;,&quot;tooltipsEnabled&quot;:true,&quot;tooltipClasses&quot;:&quot;qtip-quform-dark qtip-shadow&quot;,&quot;tooltipMy&quot;:&quot;left center&quot;,&quot;tooltipAt&quot;:&quot;right center&quot;,&quot;isRtl&quot;:false,&quot;scrollOffset&quot;:-50,&quot;scrollSpeed&quot;:800}\"><button class=\"quform-default-submit\" name=\"quform_submit\" type=\"submit\" value=\"submit\" aria-hidden=\"true\" tabindex=\"-1\"><\/button><div class=\"quform-form-inner quform-form-inner-10\"><input type=\"hidden\" name=\"quform_form_id\" value=\"10\" \/><input type=\"hidden\" name=\"quform_form_uid\" value=\"c62a27\" \/><input type=\"hidden\" name=\"quform_count\" value=\"1\" \/><input type=\"hidden\" name=\"form_url\" value=\"https:\/\/drersinaksu.com\/de\/wp-json\/wp\/v2\/pages\/404\" \/><input type=\"hidden\" name=\"referring_url\" value=\"\" \/><input type=\"hidden\" name=\"post_id\" value=\"\" \/><input type=\"hidden\" name=\"post_title\" value=\"\" \/><input type=\"hidden\" name=\"quform_current_page_id\" value=\"1\" \/><input type=\"hidden\" name=\"quform_loaded\" value=\"1775872229|043535f06ff0661bcf79a5ddcc129713\" \/><input type=\"hidden\" name=\"quform_csrf_token\" value=\"AQFExPfcil9EvGpuGhw6vg8eKwxMUeDgPBAWzMUm\" \/><div class=\"quform-elements quform-elements-10 quform-cf quform-responsive-elements-phone-landscape\"><div class=\"quform-element quform-element-page quform-page-1 quform-page-10_1 quform-cf quform-group-style-plain quform-first-page quform-last-page quform-current-page\"><div class=\"quform-child-elements\"><div class=\"quform-element quform-element-text quform-element-10_5 quform-cf quform-element-optional\"><div class=\"quform-spacer\"><div class=\"quform-label quform-label-10_5\"><label class=\"quform-label-text\" for=\"quform_10_5_c62a27\">Name<\/label><\/div><div class=\"quform-inner quform-inner-text quform-inner-10_5\"><div class=\"quform-input quform-input-text quform-input-10_5 quform-cf quform-has-field-icon-left\"><input type=\"text\" id=\"quform_10_5_c62a27\" name=\"quform_10_5\" class=\"quform-field quform-field-text quform-field-10_5 asf-form-icon\" \/><span class=\"quform-field-icon quform-field-icon-left\"><i class=\"fa fa-user\"><\/i><\/span><\/div><\/div><\/div><\/div><div class=\"quform-element quform-element-email quform-element-10_16 quform-cf quform-element-optional\"><div class=\"quform-spacer\"><div class=\"quform-label quform-label-10_16\"><label class=\"quform-label-text\" for=\"quform_10_16_c62a27\">E - mail<\/label><\/div><div class=\"quform-inner quform-inner-email quform-inner-10_16\"><div class=\"quform-input quform-input-email quform-input-10_16 quform-cf quform-has-field-icon-left\"><input type=\"email\" id=\"quform_10_16_c62a27\" name=\"quform_10_16\" class=\"quform-field quform-field-email quform-field-10_16\" \/><span class=\"quform-field-icon quform-field-icon-left\"><i class=\"fa fa-envelope\"><\/i><\/span><\/div><\/div><\/div><\/div><div class=\"quform-element quform-element-textarea quform-element-10_543484 quform-sr-only quform-cf\" style=\"clip: rect(1px, 1px, 1px, 1px); clip-path: inset(50%); position: absolute !important; height: 1px; width: 1px; overflow: hidden;\"><div class=\"quform-spacer\"><div class=\"quform-label quform-label-10_543484\"><label class=\"quform-label-text\" for=\"quform_10_543484_c62a27\">Website URL<span class=\"quform-required\">*<\/span><\/label><\/div><div class=\"quform-inner quform-inner-10_543484\"><textarea id=\"quform_10_543484_c62a27\" name=\"quform_10_543484\" class=\"quform-field quform-field-textarea quform-field-10_543484\" tabindex=\"-1\" autocomplete=\"new-password\"><\/textarea><\/div><\/div><\/div><div class=\"quform-element quform-element-text quform-element-10_15 quform-cf quform-element-optional\"><div class=\"quform-spacer\"><div class=\"quform-label quform-label-10_15\"><label class=\"quform-label-text\" for=\"quform_10_15_c62a27\">Telefon<\/label><\/div><div class=\"quform-inner quform-inner-text quform-inner-10_15\"><div class=\"quform-input quform-input-text quform-input-10_15 quform-cf quform-has-field-icon-left\"><input type=\"text\" id=\"quform_10_15_c62a27\" name=\"quform_10_15\" class=\"quform-field quform-field-text quform-field-10_15\" \/><span class=\"quform-field-icon quform-field-icon-left\"><i class=\"fa fa-phone\"><\/i><\/span><\/div><\/div><\/div><\/div><div class=\"quform-element quform-element-submit quform-element-10_18 quform-cf quform-button-style-theme quform-button-width-full\"><div class=\"quform-button-submit quform-button-submit-default quform-button-submit-10_18\"><button name=\"quform_submit\" type=\"submit\" class=\"quform-submit\" value=\"submit\"><span class=\"quform-button-text quform-button-submit-text\">Absenden<\/span><\/button><\/div><div class=\"quform-loading quform-loading-position-left quform-loading-type-spinner-1\"><div class=\"quform-loading-inner\"><div class=\"quform-loading-spinner\"><div class=\"quform-loading-spinner-inner\"><\/div><\/div><\/div><\/div><\/div><\/div><\/div><\/div><\/div><\/form><\/div>\n\t\t\n<style>\n#text-139662254 {\n  text-align: left;\n}\n<\/style>\n\t<\/div>\n\t\n\t\t<\/div>\n\t\t\t\t\n<style>\n#col-2078023110 > .col-inner {\n  padding: 24px 10px 24px 10px;\n  border-radius: 5px;\n}\n<\/style>\n\t<\/div>\n\n\t\n<\/div>\n\n\t<div id=\"gap-573383972\" class=\"gap-element clearfix\" style=\"display:block; height:auto;\">\n\t\t\n<style>\n#gap-573383972 {\n  padding-top: 75px;\n}\n<\/style>\n\t<\/div>\n\t\n","protected":false},"excerpt":{"rendered":"","protected":false},"author":1,"featured_media":0,"parent":0,"menu_order":0,"comment_status":"closed","ping_status":"closed","template":"page-blank.php","meta":{"footnotes":""},"class_list":["post-404","page","type-page","status-publish","hentry"],"_links":{"self":[{"href":"https:\/\/drersinaksu.com\/de\/wp-json\/wp\/v2\/pages\/404","targetHints":{"allow":["GET"]}}],"collection":[{"href":"https:\/\/drersinaksu.com\/de\/wp-json\/wp\/v2\/pages"}],"about":[{"href":"https:\/\/drersinaksu.com\/de\/wp-json\/wp\/v2\/types\/page"}],"author":[{"embeddable":true,"href":"https:\/\/drersinaksu.com\/de\/wp-json\/wp\/v2\/users\/1"}],"replies":[{"embeddable":true,"href":"https:\/\/drersinaksu.com\/de\/wp-json\/wp\/v2\/comments?post=404"}],"version-history":[{"count":0,"href":"https:\/\/drersinaksu.com\/de\/wp-json\/wp\/v2\/pages\/404\/revisions"}],"wp:attachment":[{"href":"https:\/\/drersinaksu.com\/de\/wp-json\/wp\/v2\/media?parent=404"}],"curies":[{"name":"wp","href":"https:\/\/api.w.org\/{rel}","templated":true}]}}