{"id":407,"date":"2021-09-06T06:44:54","date_gmt":"2021-09-06T06:44:54","guid":{"rendered":"https:\/\/drersinaksu.asoundfiction.com\/kontakt\/"},"modified":"2025-07-01T12:36:08","modified_gmt":"2025-07-01T10:36:08","slug":"kontakt","status":"publish","type":"page","link":"https:\/\/drersinaksu.com\/de\/kontakt\/","title":{"rendered":"Kontakt"},"content":{"rendered":"  <div id=\"page-header-1966342194\" class=\"page-header-wrapper\">\n  <div class=\"page-title dark featured-title\">\n\n    \n    <div class=\"page-title-inner container align-center text-center flex-row-col medium-flex-wrap\" >\n              <div class=\"title-wrapper flex-col\">\n          <h1 class=\"entry-title mb-0\">\n            Kontakt          <\/h1>\n        <\/div>\n                    <div class=\"title-content flex-col\">\n        <ul class=\"nav sm-touch-scroll nav-line nav-uppercase text-center nav-center\"><li class=\"nav-single-page hidden\"><\/li><\/ul>      <\/div>\n    <\/div>\n\n       <\/div>\n    <\/div>\n  \n\t<div id=\"gap-1927763584\" class=\"gap-element clearfix\" style=\"display:block; height:auto;\">\n\t\t\n<style>\n#gap-1927763584 {\n  padding-top: 30px;\n}\n<\/style>\n\t<\/div>\n\t\n<div class=\"row align-equal align-center\"  id=\"row-637260921\">\n\n\t<div id=\"col-957262082\" class=\"col medium-3 small-12 large-3\"  >\n\t\t\t\t<div class=\"col-inner\"  >\n\t\t\t\n\t\t\t\n\n\t<a class=\"plain\" href=\"https:\/\/www.google.com\/maps\/dir\/\/Dr.+Ersin+Aksu+Obezite+ve+Diyabet+Cerrahisi+Uzman%C4%B1+Mansuro%C4%9Flu+Mahallesi+1593%2F1+Sokak+No:2C+Lider+Centrio+A+Blok+114C+35535+Bayrakl%C4%B1%2F%C4%B0zmir\/@38.45174,27.180996,14z\/data=!4m5!4m4!1m0!1m2!1m1!1s0x14b963aed13c8223:0xd00267f539ea1b68\" target=\"_blank\" rel=\"noopener\">\t<div class=\"icon-box featured-box icon-box-center text-center\"  >\n\t\t\t\t\t<div class=\"icon-box-img\" style=\"width: 40px\">\n\t\t\t\t<div class=\"icon\">\n\t\t\t\t\t<div class=\"icon-inner\" style=\"color:rgb(129, 178, 20);\">\n\t\t\t\t\t\t<?xml version=\"1.0\" encoding=\"iso-8859-1\"?>\r\n<!-- Generator: Adobe Illustrator 19.0.0, SVG Export Plug-In . SVG Version: 6.00 Build 0)  -->\r\n<svg version=\"1.1\" id=\"Layer_1\" xmlns=\"http:\/\/www.w3.org\/2000\/svg\" xmlns:xlink=\"http:\/\/www.w3.org\/1999\/xlink\" x=\"0px\" y=\"0px\"\r\n\t viewBox=\"0 0 512 512\" style=\"enable-background:new 0 0 512 512;\" xml:space=\"preserve\">\r\n<g>\r\n\t<g>\r\n\t\t<path d=\"M256,0C161.896,0,85.333,76.563,85.333,170.667c0,28.25,7.063,56.26,20.49,81.104L246.667,506.5\r\n\t\t\tc1.875,3.396,5.448,5.5,9.333,5.5s7.458-2.104,9.333-5.5l140.896-254.813c13.375-24.76,20.438-52.771,20.438-81.021\r\n\t\t\tC426.667,76.563,350.104,0,256,0z M256,256c-47.052,0-85.333-38.281-85.333-85.333c0-47.052,38.281-85.333,85.333-85.333\r\n\t\t\ts85.333,38.281,85.333,85.333C341.333,217.719,303.052,256,256,256z\"\/>\r\n\t<\/g>\r\n<\/g>\r\n<g>\r\n<\/g>\r\n<g>\r\n<\/g>\r\n<g>\r\n<\/g>\r\n<g>\r\n<\/g>\r\n<g>\r\n<\/g>\r\n<g>\r\n<\/g>\r\n<g>\r\n<\/g>\r\n<g>\r\n<\/g>\r\n<g>\r\n<\/g>\r\n<g>\r\n<\/g>\r\n<g>\r\n<\/g>\r\n<g>\r\n<\/g>\r\n<g>\r\n<\/g>\r\n<g>\r\n<\/g>\r\n<g>\r\n<\/g>\r\n<\/svg>\r\n\t\t\t\t\t<\/div>\n\t\t\t\t<\/div>\n\t\t\t<\/div>\n\t\t\t\t<div class=\"icon-box-text last-reset\">\n\t\t\t\t\t\t\t\t\t\n<p style=\"text-align: center;\"><a href=\"https:\/\/maps.app.goo.gl\/USqxuupeoawH1r4R6\" target=\"_blank\" rel=\"noopener\"><span style=\"color: #000000;\"><strong>Yal\u0131 Mahallesi Caher Dudayev Bulvar\u0131 No 93B Kar\u015f\u0131yaka \/ \u0130zmir<\/strong><\/span><\/a><\/p>\n\t\t<\/div>\n\t<\/div>\n\t<\/a>\n\t\n\t\t<\/div>\n\t\t\t\t\n<style>\n#col-957262082 > .col-inner {\n  border-radius: 100px;\n}\n<\/style>\n\t<\/div>\n\n\t\n\n\t<div id=\"col-1512462639\" class=\"col medium-3 small-12 large-3\"  >\n\t\t\t\t<div class=\"col-inner\"  >\n\t\t\t\n\t\t\t\n\n\t<a class=\"plain\" href=\"https:\/\/wa.me\/4915737982801\" target=\"_blank\" rel=\"noopener\">\t<div class=\"icon-box featured-box icon-box-center text-center\"  >\n\t\t\t\t\t<div class=\"icon-box-img has-icon-bg\" style=\"width: 40px\">\n\t\t\t\t<div class=\"icon\">\n\t\t\t\t\t<div class=\"icon-inner\" style=\"border-width:1px;color:rgb(129, 178, 20);\">\n\t\t\t\t\t\t<?xml version=\"1.0\" encoding=\"iso-8859-1\"?>\r\n<!-- Generator: Adobe Illustrator 19.0.0, SVG Export Plug-In . SVG Version: 6.00 Build 0)  -->\r\n<svg version=\"1.1\" id=\"Capa_1\" xmlns=\"http:\/\/www.w3.org\/2000\/svg\" xmlns:xlink=\"http:\/\/www.w3.org\/1999\/xlink\" x=\"0px\" y=\"0px\"\r\n\t viewBox=\"0 0 384 384\" style=\"enable-background:new 0 0 384 384;\" xml:space=\"preserve\">\r\n<g>\r\n\t<g>\r\n\t\t<path d=\"M353.188,252.052c-23.51,0-46.594-3.677-68.469-10.906c-10.719-3.656-23.896-0.302-30.438,6.417l-43.177,32.594\r\n\t\t\tc-50.073-26.729-80.917-57.563-107.281-107.26l31.635-42.052c8.219-8.208,11.167-20.198,7.635-31.448\r\n\t\t\tc-7.26-21.99-10.948-45.063-10.948-68.583C132.146,13.823,118.323,0,101.333,0H30.813C13.823,0,0,13.823,0,30.813\r\n\t\t\tC0,225.563,158.438,384,353.188,384c16.99,0,30.813-13.823,30.813-30.813v-70.323C384,265.875,370.177,252.052,353.188,252.052z\"\r\n\t\t\t\/>\r\n\t<\/g>\r\n<\/g>\r\n<g>\r\n<\/g>\r\n<g>\r\n<\/g>\r\n<g>\r\n<\/g>\r\n<g>\r\n<\/g>\r\n<g>\r\n<\/g>\r\n<g>\r\n<\/g>\r\n<g>\r\n<\/g>\r\n<g>\r\n<\/g>\r\n<g>\r\n<\/g>\r\n<g>\r\n<\/g>\r\n<g>\r\n<\/g>\r\n<g>\r\n<\/g>\r\n<g>\r\n<\/g>\r\n<g>\r\n<\/g>\r\n<g>\r\n<\/g>\r\n<\/svg>\r\n\t\t\t\t\t<\/div>\n\t\t\t\t<\/div>\n\t\t\t<\/div>\n\t\t\t\t<div class=\"icon-box-text last-reset\">\n\t\t\t\t\t\t\t\t\t\n<p><strong><span style=\"color: #000000;\">WhatsApp<\/span><\/strong><\/p>\n<p><span style=\"color: #000000;\"><strong><a href=\"https:\/\/wa.me\/905320547692\" target=\"_blank\" rel=\"noopener\">+905320547692<\/a><\/strong><\/span><\/p>\n\t\t<\/div>\n\t<\/div>\n\t<\/a>\n\t\n\t\t<\/div>\n\t\t\t\t\t<\/div>\n\n\t\n\n\t<div id=\"col-2051558469\" class=\"col medium-3 small-12 large-3\"  >\n\t\t\t\t<div class=\"col-inner\"  >\n\t\t\t\n\t\t\t\n\n\t<a class=\"plain\" href=\"tel:+905320547692\" >\t<div class=\"icon-box featured-box icon-box-center text-center\"  >\n\t\t\t\t\t<div class=\"icon-box-img has-icon-bg\" style=\"width: 40px\">\n\t\t\t\t<div class=\"icon\">\n\t\t\t\t\t<div class=\"icon-inner\" style=\"border-width:1px;color:rgb(129, 178, 20);\">\n\t\t\t\t\t\t<?xml version=\"1.0\" encoding=\"iso-8859-1\"?>\r\n<!-- Generator: Adobe Illustrator 19.0.0, SVG Export Plug-In . SVG Version: 6.00 Build 0)  -->\r\n<svg version=\"1.1\" id=\"Capa_1\" xmlns=\"http:\/\/www.w3.org\/2000\/svg\" xmlns:xlink=\"http:\/\/www.w3.org\/1999\/xlink\" x=\"0px\" y=\"0px\"\r\n\t viewBox=\"0 0 384 384\" style=\"enable-background:new 0 0 384 384;\" xml:space=\"preserve\">\r\n<g>\r\n\t<g>\r\n\t\t<path d=\"M353.188,252.052c-23.51,0-46.594-3.677-68.469-10.906c-10.719-3.656-23.896-0.302-30.438,6.417l-43.177,32.594\r\n\t\t\tc-50.073-26.729-80.917-57.563-107.281-107.26l31.635-42.052c8.219-8.208,11.167-20.198,7.635-31.448\r\n\t\t\tc-7.26-21.99-10.948-45.063-10.948-68.583C132.146,13.823,118.323,0,101.333,0H30.813C13.823,0,0,13.823,0,30.813\r\n\t\t\tC0,225.563,158.438,384,353.188,384c16.99,0,30.813-13.823,30.813-30.813v-70.323C384,265.875,370.177,252.052,353.188,252.052z\"\r\n\t\t\t\/>\r\n\t<\/g>\r\n<\/g>\r\n<g>\r\n<\/g>\r\n<g>\r\n<\/g>\r\n<g>\r\n<\/g>\r\n<g>\r\n<\/g>\r\n<g>\r\n<\/g>\r\n<g>\r\n<\/g>\r\n<g>\r\n<\/g>\r\n<g>\r\n<\/g>\r\n<g>\r\n<\/g>\r\n<g>\r\n<\/g>\r\n<g>\r\n<\/g>\r\n<g>\r\n<\/g>\r\n<g>\r\n<\/g>\r\n<g>\r\n<\/g>\r\n<g>\r\n<\/g>\r\n<\/svg>\r\n\t\t\t\t\t<\/div>\n\t\t\t\t<\/div>\n\t\t\t<\/div>\n\t\t\t\t<div class=\"icon-box-text last-reset\">\n\t\t\t\t\t\t\t\t\t\n<p><strong><span style=\"color: #000000;\">Support Hotline<\/span><\/strong><\/p>\n<p><a href=\"tel:+905320547692\"><span style=\"color: #000000;\"><strong>+90 532 054 76 92<\/strong><\/span><\/a><\/p>\n\t\t<\/div>\n\t<\/div>\n\t<\/a>\n\t\n\t\t<\/div>\n\t\t\t\t\t<\/div>\n\n\t\n\n\t<div id=\"col-1549920106\" class=\"col medium-3 small-12 large-3\"  >\n\t\t\t\t<div class=\"col-inner\"  >\n\t\t\t\n\t\t\t\n\n\t<a class=\"plain\" href=\"mailto:info@drersinaksu.com\" >\t<div class=\"icon-box featured-box icon-box-center text-center\"  >\n\t\t\t\t\t<div class=\"icon-box-img\" style=\"width: 40px\">\n\t\t\t\t<div class=\"icon\">\n\t\t\t\t\t<div class=\"icon-inner\" style=\"color:rgb(129, 178, 20);\">\n\t\t\t\t\t\t<?xml version=\"1.0\" encoding=\"iso-8859-1\"?>\r\n<!-- Generator: Adobe Illustrator 19.0.0, SVG Export Plug-In . SVG Version: 6.00 Build 0)  -->\r\n<svg version=\"1.1\" id=\"Capa_1\" xmlns=\"http:\/\/www.w3.org\/2000\/svg\" xmlns:xlink=\"http:\/\/www.w3.org\/1999\/xlink\" x=\"0px\" y=\"0px\"\r\n\t viewBox=\"0 0 512 512\" style=\"enable-background:new 0 0 512 512;\" xml:space=\"preserve\">\r\n<g>\r\n\t<g>\r\n\t\t<path d=\"M467,80.609H45c-24.813,0-45,20.187-45,45v260.782c0,24.813,20.187,45,45,45h422c24.813,0,45-20.187,45-45V125.609\r\n\t\t\tC512,100.796,491.813,80.609,467,80.609z M461.127,110.609l-6.006,5.001L273.854,266.551c-10.346,8.614-25.364,8.614-35.708,0\r\n\t\t\tL56.879,115.61l-6.006-5.001H461.127z M30,132.267L177.692,255.25L30,353.543V132.267z M467,401.391H45\r\n\t\t\tc-7.248,0-13.31-5.168-14.699-12.011l171.445-114.101l17.204,14.326c10.734,8.938,23.893,13.407,37.051,13.407\r\n\t\t\tc13.158,0,26.316-4.469,37.051-13.407l17.204-14.326l171.444,114.1C480.31,396.224,474.248,401.391,467,401.391z M482,353.543\r\n\t\t\tl-147.692-98.292L482,132.267V353.543z\"\/>\r\n\t<\/g>\r\n<\/g>\r\n<g>\r\n<\/g>\r\n<g>\r\n<\/g>\r\n<g>\r\n<\/g>\r\n<g>\r\n<\/g>\r\n<g>\r\n<\/g>\r\n<g>\r\n<\/g>\r\n<g>\r\n<\/g>\r\n<g>\r\n<\/g>\r\n<g>\r\n<\/g>\r\n<g>\r\n<\/g>\r\n<g>\r\n<\/g>\r\n<g>\r\n<\/g>\r\n<g>\r\n<\/g>\r\n<g>\r\n<\/g>\r\n<g>\r\n<\/g>\r\n<\/svg>\r\n\t\t\t\t\t<\/div>\n\t\t\t\t<\/div>\n\t\t\t<\/div>\n\t\t\t\t<div class=\"icon-box-text last-reset\">\n\t\t\t\t\t\t\t\t\t\n<p><a href=\"mailto:info@drersinaksu.com\"><span style=\"color: #000000;\"><strong>info@drersinaksu.com<\/strong><\/span><\/a><\/p>\n\t\t<\/div>\n\t<\/div>\n\t<\/a>\n\t\n\t\t<\/div>\n\t\t\t\t\n<style>\n#col-1549920106 > .col-inner {\n  border-radius: 100px;\n}\n<\/style>\n\t<\/div>\n\n\t\n<\/div>\n<div class=\"row align-equal\"  id=\"row-1053162379\">\n\n\t<div id=\"col-1828260166\" class=\"col medium-6 small-12 large-6\"  >\n\t\t\t\t<div class=\"col-inner box-shadow-2\"  >\n\t\t\t\n\t\t\t\n<h3 style=\"text-align: center;\"><span style=\"color: #000000;\">Besuchen Sie uns<\/span><\/h3>\n<p><iframe loading=\"lazy\" style=\"border: 0;\" src=\"https:\/\/www.google.com\/maps\/embed?pb=!1m14!1m8!1m3!1d12498.215304185424!2d27.18112474602418!3d38.45177360838036!3m2!1i1024!2i768!4f13.1!3m3!1m2!1s0x14b963aed13c8223%3A0xd00267f539ea1b68!2sDr.%20Ersin%20Aksu%20Obezite%20ve%20Diyabet%20Cerrahisi%20Uzman%C4%B1!5e0!3m2!1str!2str!4v1630075874632!5m2!1str!2str\" width=\"600\" height=\"577\" allowfullscreen=\"allowfullscreen\"><\/iframe><\/p>\n\t\t<\/div>\n\t\t\t\t\n<style>\n#col-1828260166 > .col-inner {\n  padding: 15px 15px 15px 15px;\n  border-radius: 20px;\n}\n<\/style>\n\t<\/div>\n\n\t\n\n\t<div id=\"col-125014413\" class=\"col medium-6 small-12 large-6\"  >\n\t\t\t\t<div class=\"col-inner box-shadow-2\"  >\n\t\t\t\n\t\t\t\n<a href=\"https:\/\/www.google.com\/maps\/dir\/\/Dr.+Ersin+Aksu+Obezite+ve+Diyabet+Cerrahisi+Uzman%C4%B1,+Mansuro%C4%9Flu+Mahallesi+1593%2F1+Sokak+No:2C+Lider+Centrio+A+Blok+114C,+35535+Bayrakl%C4%B1%2F%C4%B0zmir\/@38.4518006,27.1459549,13z\/data=!3m1!4b1!4m9!4m8!1m0!1m5!1m1!1s0x14b963aed13c8223:0xd00267f539ea1b68!2m2!1d27.180996!2d38.45174!3e0?hl=tr\" class=\"button secondary lowercase expand\" style=\"border-radius:10px;\" target=\"_blank\" rel=\"noopener\">\n\t<i class=\"icon-map-pin-fill\" aria-hidden=\"true\"><\/i>\t<span>Navigationsanweisungen<\/span>\n\t<\/a>\n\n<h3 style=\"text-align: center;\"><span style=\"color: #000000;\">Wir werden Sie kontaktieren<\/span><\/h3>\n<div id=\"quform-40e5b6\" class=\"quform quform-8 quform-support-page-caching\"><form id=\"quform-form-40e5b6\" class=\"quform-form quform-form-8\" action=\"\/de\/wp-json\/wp\/v2\/pages\/407#quform-40e5b6\" method=\"post\" enctype=\"multipart\/form-data\" novalidate=\"novalidate\" data-options=\"{&quot;id&quot;:8,&quot;uniqueId&quot;:&quot;40e5b6&quot;,&quot;theme&quot;:&quot;&quot;,&quot;ajax&quot;:true,&quot;logic&quot;:{&quot;logic&quot;:[],&quot;dependents&quot;:[],&quot;elementIds&quot;:[],&quot;dependentElementIds&quot;:[],&quot;animate&quot;:true},&quot;currentPageId&quot;:1,&quot;errorsIcon&quot;:&quot;&quot;,&quot;updateFancybox&quot;:true,&quot;hasPages&quot;:false,&quot;pages&quot;:[1],&quot;pageProgressType&quot;:&quot;tabs&quot;,&quot;tooltipsEnabled&quot;:true,&quot;tooltipClasses&quot;:&quot;qtip-quform-dark qtip-shadow&quot;,&quot;tooltipMy&quot;:&quot;left center&quot;,&quot;tooltipAt&quot;:&quot;right center&quot;,&quot;isRtl&quot;:false,&quot;scrollOffset&quot;:-50,&quot;scrollSpeed&quot;:800}\"><button class=\"quform-default-submit\" name=\"quform_submit\" type=\"submit\" value=\"submit\" aria-hidden=\"true\" tabindex=\"-1\"><\/button><div class=\"quform-form-inner quform-form-inner-8\"><input type=\"hidden\" name=\"quform_form_id\" value=\"8\" \/><input type=\"hidden\" name=\"quform_form_uid\" value=\"40e5b6\" \/><input type=\"hidden\" name=\"quform_count\" value=\"1\" \/><input type=\"hidden\" name=\"form_url\" value=\"https:\/\/drersinaksu.com\/de\/wp-json\/wp\/v2\/pages\/407\" \/><input type=\"hidden\" name=\"referring_url\" value=\"\" \/><input type=\"hidden\" name=\"post_id\" value=\"\" \/><input type=\"hidden\" name=\"post_title\" value=\"\" \/><input type=\"hidden\" name=\"quform_current_page_id\" value=\"1\" \/><input type=\"hidden\" name=\"quform_loaded\" value=\"1776168069|4d0caffd85cdf9a2eae5ba124fa850e2\" \/><input type=\"hidden\" name=\"quform_csrf_token\" value=\"NtnCCVrswBRyZ8fwvVhSeTOvCpE7fS3eg3GQlV1K\" \/><div class=\"quform-elements quform-elements-8 quform-cf quform-responsive-elements-phone-landscape\"><div class=\"quform-element quform-element-page quform-page-1 quform-page-8_1 quform-cf quform-group-style-plain quform-first-page quform-last-page quform-current-page\"><div class=\"quform-child-elements\"><div class=\"quform-element quform-element-text quform-element-8_5 quform-cf quform-element-required\"><div class=\"quform-spacer\"><div class=\"quform-label quform-label-8_5\"><label class=\"quform-label-text\" for=\"quform_8_5_40e5b6\">Name<span class=\"quform-required\">*<\/span><\/label><\/div><div class=\"quform-inner quform-inner-text quform-inner-8_5\"><div class=\"quform-input quform-input-text quform-input-8_5 quform-cf quform-has-field-icon-left\"><input type=\"text\" id=\"quform_8_5_40e5b6\" name=\"quform_8_5\" class=\"quform-field quform-field-text quform-field-8_5 asf-form-icon\" \/><span class=\"quform-field-icon quform-field-icon-left\"><i class=\"fa fa-user\"><\/i><\/span><\/div><\/div><\/div><\/div><div class=\"quform-element quform-element-email quform-element-8_16 quform-cf quform-element-required\"><div class=\"quform-spacer\"><div class=\"quform-label quform-label-8_16\"><label class=\"quform-label-text\" for=\"quform_8_16_40e5b6\">E - mail<span class=\"quform-required\">*<\/span><\/label><\/div><div class=\"quform-inner quform-inner-email quform-inner-8_16\"><div class=\"quform-input quform-input-email quform-input-8_16 quform-cf quform-has-field-icon-left\"><input type=\"email\" id=\"quform_8_16_40e5b6\" name=\"quform_8_16\" class=\"quform-field quform-field-email quform-field-8_16\" \/><span class=\"quform-field-icon quform-field-icon-left\"><i class=\"fa fa-envelope\"><\/i><\/span><\/div><\/div><\/div><\/div><div class=\"quform-element quform-element-textarea quform-element-8_592901 quform-sr-only quform-cf\" style=\"clip: rect(1px, 1px, 1px, 1px); clip-path: inset(50%); position: absolute !important; height: 1px; width: 1px; overflow: hidden;\"><div class=\"quform-spacer\"><div class=\"quform-label quform-label-8_592901\"><label class=\"quform-label-text\" for=\"quform_8_592901_40e5b6\">Contact Email<span class=\"quform-required\">*<\/span><\/label><\/div><div class=\"quform-inner quform-inner-8_592901\"><textarea id=\"quform_8_592901_40e5b6\" name=\"quform_8_592901\" class=\"quform-field quform-field-textarea quform-field-8_592901\" tabindex=\"-1\" autocomplete=\"new-password\"><\/textarea><\/div><\/div><\/div><div class=\"quform-element quform-element-text quform-element-8_15 quform-cf quform-element-required\"><div class=\"quform-spacer\"><div class=\"quform-label quform-label-8_15\"><label class=\"quform-label-text\" for=\"quform_8_15_40e5b6\">Telefon<span class=\"quform-required\">*<\/span><\/label><\/div><div class=\"quform-inner quform-inner-text quform-inner-8_15\"><div class=\"quform-input quform-input-text quform-input-8_15 quform-cf quform-has-field-icon-left\"><input type=\"text\" id=\"quform_8_15_40e5b6\" name=\"quform_8_15\" class=\"quform-field quform-field-text quform-field-8_15\" \/><span class=\"quform-field-icon quform-field-icon-left\"><i class=\"fa fa-phone\"><\/i><\/span><\/div><\/div><\/div><\/div><div class=\"quform-element quform-element-textarea quform-element-8_17 quform-cf quform-element-optional\"><div class=\"quform-spacer\"><div class=\"quform-label quform-label-8_17\"><label class=\"quform-label-text\" for=\"quform_8_17_40e5b6\">Nachricht<\/label><\/div><div class=\"quform-inner quform-inner-textarea quform-inner-8_17\"><div class=\"quform-input quform-input-textarea quform-input-8_17 quform-cf quform-has-field-icon-left\"><textarea id=\"quform_8_17_40e5b6\" name=\"quform_8_17\" class=\"quform-field quform-field-textarea quform-field-8_17\"><\/textarea><span class=\"quform-field-icon quform-field-icon-left\"><i class=\"fa fa-comment\"><\/i><\/span><\/div><\/div><\/div><\/div><div class=\"quform-element quform-element-submit quform-element-8_18 quform-cf quform-button-style-theme quform-button-width-full\"><div class=\"quform-button-submit quform-button-submit-default quform-button-submit-8_18\"><button name=\"quform_submit\" type=\"submit\" class=\"quform-submit\" value=\"submit\"><span class=\"quform-button-text quform-button-submit-text\">Absenden<\/span><\/button><\/div><div class=\"quform-loading quform-loading-position-left quform-loading-type-spinner-1\"><div class=\"quform-loading-inner\"><div class=\"quform-loading-spinner\"><div class=\"quform-loading-spinner-inner\"><\/div><\/div><\/div><\/div><\/div><\/div><\/div><\/div><\/div><\/form><\/div>\n\t\t<\/div>\n\t\t\t\t\n<style>\n#col-125014413 > .col-inner {\n  padding: 15px 15px 15px 15px;\n  border-radius: 20px;\n}\n<\/style>\n\t<\/div>\n\n\t\n<\/div>\n\t<div id=\"gap-1560241373\" class=\"gap-element clearfix\" style=\"display:block; height:auto;\">\n\t\t\n<style>\n#gap-1560241373 {\n  padding-top: 40px;\n}\n<\/style>\n\t<\/div>\n\t\n","protected":false},"excerpt":{"rendered":"","protected":false},"author":1,"featured_media":0,"parent":0,"menu_order":0,"comment_status":"closed","ping_status":"closed","template":"page-blank.php","meta":{"footnotes":""},"class_list":["post-407","page","type-page","status-publish","hentry"],"_links":{"self":[{"href":"https:\/\/drersinaksu.com\/de\/wp-json\/wp\/v2\/pages\/407","targetHints":{"allow":["GET"]}}],"collection":[{"href":"https:\/\/drersinaksu.com\/de\/wp-json\/wp\/v2\/pages"}],"about":[{"href":"https:\/\/drersinaksu.com\/de\/wp-json\/wp\/v2\/types\/page"}],"author":[{"embeddable":true,"href":"https:\/\/drersinaksu.com\/de\/wp-json\/wp\/v2\/users\/1"}],"replies":[{"embeddable":true,"href":"https:\/\/drersinaksu.com\/de\/wp-json\/wp\/v2\/comments?post=407"}],"version-history":[{"count":2,"href":"https:\/\/drersinaksu.com\/de\/wp-json\/wp\/v2\/pages\/407\/revisions"}],"predecessor-version":[{"id":4118,"href":"https:\/\/drersinaksu.com\/de\/wp-json\/wp\/v2\/pages\/407\/revisions\/4118"}],"wp:attachment":[{"href":"https:\/\/drersinaksu.com\/de\/wp-json\/wp\/v2\/media?parent=407"}],"curies":[{"name":"wp","href":"https:\/\/api.w.org\/{rel}","templated":true}]}}