{"id":980,"date":"2021-09-23T15:05:14","date_gmt":"2021-09-23T12:05:14","guid":{"rendered":"https:\/\/drersinaksu.com\/our-team\/"},"modified":"2024-03-30T21:57:55","modified_gmt":"2024-03-30T20:57:55","slug":"our-team","status":"publish","type":"page","link":"https:\/\/drersinaksu.com\/en\/our-team\/","title":{"rendered":"Our Team"},"content":{"rendered":"  <div id=\"page-header-1768785478\" class=\"page-header-wrapper\">\n  <div class=\"page-title dark featured-title\">\n\n    \n    <div class=\"page-title-inner container align-center text-center flex-row-col medium-flex-wrap\" >\n              <div class=\"title-wrapper flex-col\">\n          <h1 class=\"entry-title mb-0\">\n            Our Team          <\/h1>\n        <\/div>\n                    <div class=\"title-content flex-col\">\n        <ul class=\"nav sm-touch-scroll nav-line nav-uppercase text-center nav-center\"><li class=\"nav-single-page hidden\"><\/li><\/ul>      <\/div>\n    <\/div>\n\n       <\/div>\n    <\/div>\n  \n\t<div id=\"gap-81155911\" class=\"gap-element clearfix\" style=\"display:block; height:auto;\">\n\t\t\n<style>\n#gap-81155911 {\n  padding-top: 30px;\n}\n<\/style>\n\t<\/div>\n\t\n<div class=\"container section-title-container\" ><h3 class=\"section-title section-title-center\"><b aria-hidden=\"true\"><\/b><span class=\"section-title-main\" >Doktorlar\u0131m\u0131z<\/span><b aria-hidden=\"true\"><\/b><\/h3><\/div>\n<div class=\"row align-center\"  id=\"row-1152394654\">\n\n\t<div id=\"col-16755133\" class=\"col medium-4 small-11 large-4\"  data-animate=\"bounceIn\">\n\t\t\t\t<div class=\"col-inner box-shadow-2\"  >\n\t\t\t\n\t\t\t\n\t<div class=\"box has-hover asf_imagebox  has-hover box-text-bottom\" >\n\n\t\t<div class=\"box-image\" >\n\t\t\t\t\t\t<div class=\"\" >\n\t\t\t\t<img loading=\"lazy\" decoding=\"async\" width=\"750\" height=\"750\" src=\"https:\/\/drersinaksu.com\/wp-content\/uploads\/2021\/09\/Ersin-AKSU.jpg\" class=\"attachment-original size-original\" alt=\"\" srcset=\"https:\/\/drersinaksu.com\/wp-content\/uploads\/2021\/09\/Ersin-AKSU.jpg 750w, https:\/\/drersinaksu.com\/wp-content\/uploads\/2021\/09\/Ersin-AKSU-300x300.jpg 300w, https:\/\/drersinaksu.com\/wp-content\/uploads\/2021\/09\/Ersin-AKSU-150x150.jpg 150w\" sizes=\"auto, (max-width: 750px) 100vw, 750px\" \/>\t\t\t\t\t\t\t\t\t\t\t<\/div>\n\t\t\t\t\t<\/div>\n\n\t\t<div class=\"box-text text-center dark\" style=\"background-color:rgb(0, 169, 140);\">\n\t\t\t<div class=\"box-text-inner\">\n\t\t\t\t\n<h4>Op. Dr. Ersin AKSU<\/h4>\n<p>General Surgeon<\/p>\n\t\t\t<\/div>\n\t\t<\/div>\n\t<\/div>\n\t\n\t\t<\/div>\n\t\t\t\t\n<style>\n#col-16755133 > .col-inner {\n  border-radius: 10px;\n}\n<\/style>\n\t<\/div>\n\n\t\n<\/div>\n<div class=\"container section-title-container\" ><h3 class=\"section-title section-title-center\"><b aria-hidden=\"true\"><\/b><span class=\"section-title-main\" >Dieticians<\/span><b aria-hidden=\"true\"><\/b><\/h3><\/div>\n<div class=\"row align-center\"  id=\"row-1338863359\">\n\n\t<div id=\"col-1658418459\" class=\"col medium-4 small-11 large-4\"  data-animate=\"bounceIn\">\n\t\t\t\t<div class=\"col-inner box-shadow-2\"  >\n\t\t\t\n\t\t\t\n\t<div class=\"box has-hover asf_imagebox  has-hover box-text-bottom\" >\n\n\t\t<div class=\"box-image\" >\n\t\t\t\t\t\t<div class=\"\" >\n\t\t\t\t<img loading=\"lazy\" decoding=\"async\" width=\"750\" height=\"750\" src=\"https:\/\/drersinaksu.com\/wp-content\/uploads\/2021\/09\/Dyt.Melisa-SAKLI-BESLENME-VE-DI\u0307YET-UZMANI.jpg\" class=\"attachment-original size-original\" alt=\"\" srcset=\"https:\/\/drersinaksu.com\/wp-content\/uploads\/2021\/09\/Dyt.Melisa-SAKLI-BESLENME-VE-DI\u0307YET-UZMANI.jpg 750w, https:\/\/drersinaksu.com\/wp-content\/uploads\/2021\/09\/Dyt.Melisa-SAKLI-BESLENME-VE-DI\u0307YET-UZMANI-300x300.jpg 300w, https:\/\/drersinaksu.com\/wp-content\/uploads\/2021\/09\/Dyt.Melisa-SAKLI-BESLENME-VE-DI\u0307YET-UZMANI-150x150.jpg 150w\" sizes=\"auto, (max-width: 750px) 100vw, 750px\" \/>\t\t\t\t\t\t\t\t\t\t\t<\/div>\n\t\t\t\t\t<\/div>\n\n\t\t<div class=\"box-text text-center dark\" style=\"background-color:rgb(255, 161, 122);\">\n\t\t\t<div class=\"box-text-inner\">\n\t\t\t\t\n<h4>Dyt. Melisa SAKLI<\/h4>\n<p>Nutritionist<\/p>\n\t\t\t<\/div>\n\t\t<\/div>\n\t<\/div>\n\t\n\t\t<\/div>\n\t\t\t\t\n<style>\n#col-1658418459 > .col-inner {\n  border-radius: 10px;\n}\n<\/style>\n\t<\/div>\n\n\t\n<\/div>\n<div class=\"container section-title-container\" ><h3 class=\"section-title section-title-center\"><b aria-hidden=\"true\"><\/b><span class=\"section-title-main\" >Nurses<\/span><b aria-hidden=\"true\"><\/b><\/h3><\/div>\n<div class=\"row align-center\"  id=\"row-792725654\">\n\n\t<div id=\"col-1734984282\" class=\"col medium-4 small-11 large-4\"  data-animate=\"bounceIn\">\n\t\t\t\t<div class=\"col-inner box-shadow-2\"  >\n\t\t\t\n\t\t\t\n\t<div class=\"box has-hover asf_imagebox  has-hover box-text-bottom\" >\n\n\t\t<div class=\"box-image\" >\n\t\t\t\t\t\t<div class=\"\" >\n\t\t\t\t<img loading=\"lazy\" decoding=\"async\" width=\"750\" height=\"750\" src=\"https:\/\/drersinaksu.com\/wp-content\/uploads\/2021\/09\/Zu\u0308leyha-Erginyu\u0308rek-CERRAHI\u0307-HEMS\u0327I\u0307RE.jpg\" class=\"attachment-original size-original\" alt=\"\" srcset=\"https:\/\/drersinaksu.com\/wp-content\/uploads\/2021\/09\/Zu\u0308leyha-Erginyu\u0308rek-CERRAHI\u0307-HEMS\u0327I\u0307RE.jpg 750w, https:\/\/drersinaksu.com\/wp-content\/uploads\/2021\/09\/Zu\u0308leyha-Erginyu\u0308rek-CERRAHI\u0307-HEMS\u0327I\u0307RE-300x300.jpg 300w, https:\/\/drersinaksu.com\/wp-content\/uploads\/2021\/09\/Zu\u0308leyha-Erginyu\u0308rek-CERRAHI\u0307-HEMS\u0327I\u0307RE-150x150.jpg 150w\" sizes=\"auto, (max-width: 750px) 100vw, 750px\" \/>\t\t\t\t\t\t\t\t\t\t\t<\/div>\n\t\t\t\t\t<\/div>\n\n\t\t<div class=\"box-text text-center dark\" style=\"background-color:rgb(0, 169, 140);\">\n\t\t\t<div class=\"box-text-inner\">\n\t\t\t\t\n<h4>Z\u00fcleyha ENG\u0130NY\u00dcREK<\/h4>\n<p>Surgical Nurse<\/p>\n\t\t\t<\/div>\n\t\t<\/div>\n\t<\/div>\n\t\n\t\t<\/div>\n\t\t\t\t\n<style>\n#col-1734984282 > .col-inner {\n  border-radius: 10px;\n}\n<\/style>\n\t<\/div>\n\n\t\n<\/div>\n<div class=\"container section-title-container\" ><h3 class=\"section-title section-title-center\"><b aria-hidden=\"true\"><\/b><span class=\"section-title-main\" >Asistanlar\u0131m\u0131z<\/span><b aria-hidden=\"true\"><\/b><\/h3><\/div>\n<div class=\"row align-center\"  id=\"row-94764751\">\n\n\t<div id=\"col-1470340814\" class=\"col medium-4 small-11 large-4\"  data-animate=\"bounceIn\">\n\t\t\t\t<div class=\"col-inner box-shadow-2\"  >\n\t\t\t\n\t\t\t\n\t<div class=\"box has-hover asf_imagebox  has-hover box-text-bottom\" >\n\n\t\t<div class=\"box-image\" >\n\t\t\t\t\t\t<div class=\"\" >\n\t\t\t\t<img loading=\"lazy\" decoding=\"async\" width=\"1500\" height=\"1500\" src=\"https:\/\/drersinaksu.com\/wp-content\/uploads\/2023\/06\/dilara-ece-ciros.jpg\" class=\"attachment-original size-original\" alt=\"\" srcset=\"https:\/\/drersinaksu.com\/wp-content\/uploads\/2023\/06\/dilara-ece-ciros.jpg 1500w, https:\/\/drersinaksu.com\/wp-content\/uploads\/2023\/06\/dilara-ece-ciros-300x300.jpg 300w, https:\/\/drersinaksu.com\/wp-content\/uploads\/2023\/06\/dilara-ece-ciros-1024x1024.jpg 1024w, https:\/\/drersinaksu.com\/wp-content\/uploads\/2023\/06\/dilara-ece-ciros-150x150.jpg 150w, https:\/\/drersinaksu.com\/wp-content\/uploads\/2023\/06\/dilara-ece-ciros-768x768.jpg 768w\" sizes=\"auto, (max-width: 1500px) 100vw, 1500px\" \/>\t\t\t\t\t\t\t\t\t\t\t<\/div>\n\t\t\t\t\t<\/div>\n\n\t\t<div class=\"box-text text-center dark\" style=\"background-color:rgb(255, 161, 122);\">\n\t\t\t<div class=\"box-text-inner\">\n\t\t\t\t\n<h4>Dilara Ece \u00c7\u0130ROS<\/h4>\n<p>Yurti\u00e7i Hasta Sorumlusu<\/p>\n<p>Klinik Hem\u015firesi<\/p>\n\t\t\t<\/div>\n\t\t<\/div>\n\t<\/div>\n\t\n\t\t<\/div>\n\t\t\t\t\n<style>\n#col-1470340814 > .col-inner {\n  border-radius: 10px;\n}\n<\/style>\n\t<\/div>\n\n\t\n\n\t<div id=\"col-1014184536\" class=\"col medium-4 small-12 large-4\"  >\n\t\t\t\t<div class=\"col-inner\"  >\n\t\t\t\n\t\t\t\n\t<div class=\"box has-hover asf_imagebox  has-hover box-text-bottom\" >\n\n\t\t<div class=\"box-image\" >\n\t\t\t\t\t\t<div class=\"\" >\n\t\t\t\t<img loading=\"lazy\" decoding=\"async\" width=\"2560\" height=\"2349\" src=\"https:\/\/drersinaksu.com\/wp-content\/uploads\/2023\/11\/website-scaled.jpg\" class=\"attachment-original size-original\" alt=\"\" srcset=\"https:\/\/drersinaksu.com\/wp-content\/uploads\/2023\/11\/website-scaled.jpg 2560w, https:\/\/drersinaksu.com\/wp-content\/uploads\/2023\/11\/website-300x275.jpg 300w, https:\/\/drersinaksu.com\/wp-content\/uploads\/2023\/11\/website-1024x940.jpg 1024w, https:\/\/drersinaksu.com\/wp-content\/uploads\/2023\/11\/website-768x705.jpg 768w, https:\/\/drersinaksu.com\/wp-content\/uploads\/2023\/11\/website-1536x1410.jpg 1536w, https:\/\/drersinaksu.com\/wp-content\/uploads\/2023\/11\/website-2048x1879.jpg 2048w\" sizes=\"auto, (max-width: 2560px) 100vw, 2560px\" \/>\t\t\t\t\t\t\t\t\t\t\t<\/div>\n\t\t\t\t\t<\/div>\n\n\t\t<div class=\"box-text text-center dark\" style=\"background-color:rgb(255, 161, 122);\">\n\t\t\t<div class=\"box-text-inner\">\n\t\t\t\t\n<h4>Ay\u015fe TA\u015e<\/h4>\n<p>Yurti\u00e7i Hasta Sorumlusu<\/p>\n\t\t\t<\/div>\n\t\t<\/div>\n\t<\/div>\n\t\n\t\t<\/div>\n\t\t\t\t\t<\/div>\n\n\t\n\n\t<div id=\"col-802367292\" class=\"col medium-4 small-11 large-4\"  data-animate=\"bounceIn\">\n\t\t\t\t<div class=\"col-inner box-shadow-2\"  >\n\t\t\t\n\t\t\t\n\t<div class=\"box has-hover asf_imagebox  has-hover box-text-bottom\" >\n\n\t\t<div class=\"box-image\" >\n\t\t\t\t\t\t<div class=\"\" >\n\t\t\t\t<img loading=\"lazy\" decoding=\"async\" width=\"750\" height=\"750\" src=\"https:\/\/drersinaksu.com\/wp-content\/uploads\/2021\/09\/Ebru-PELI\u0307N-MENTES\u0327E-YURTDIS\u0327I-HASTA-SORUMLUSU.jpg\" class=\"attachment-original size-original\" alt=\"\" srcset=\"https:\/\/drersinaksu.com\/wp-content\/uploads\/2021\/09\/Ebru-PELI\u0307N-MENTES\u0327E-YURTDIS\u0327I-HASTA-SORUMLUSU.jpg 750w, https:\/\/drersinaksu.com\/wp-content\/uploads\/2021\/09\/Ebru-PELI\u0307N-MENTES\u0327E-YURTDIS\u0327I-HASTA-SORUMLUSU-300x300.jpg 300w, https:\/\/drersinaksu.com\/wp-content\/uploads\/2021\/09\/Ebru-PELI\u0307N-MENTES\u0327E-YURTDIS\u0327I-HASTA-SORUMLUSU-150x150.jpg 150w\" sizes=\"auto, (max-width: 750px) 100vw, 750px\" \/>\t\t\t\t\t\t\t\t\t\t\t<\/div>\n\t\t\t\t\t<\/div>\n\n\t\t<div class=\"box-text text-center dark\" style=\"background-color:rgb(0, 169, 140);\">\n\t\t\t<div class=\"box-text-inner\">\n\t\t\t\t\n<h4>Ebru Pelin MENTE\u015eE<\/h4>\n<p>Responsible for International Patients<\/p>\n\t\t\t<\/div>\n\t\t<\/div>\n\t<\/div>\n\t\n\t\t<\/div>\n\t\t\t\t\n<style>\n#col-802367292 > .col-inner {\n  border-radius: 10px;\n}\n<\/style>\n\t<\/div>\n\n\t\n\n\t<div id=\"col-797768641\" class=\"col medium-4 small-11 large-4\"  data-animate=\"bounceIn\">\n\t\t\t\t<div class=\"col-inner box-shadow-2\"  >\n\t\t\t\n\t\t\t\n\t<div class=\"box has-hover asf_imagebox  has-hover box-text-bottom\" >\n\n\t\t<div class=\"box-image\" >\n\t\t\t\t\t\t<div class=\"\" >\n\t\t\t\t<img loading=\"lazy\" decoding=\"async\" width=\"1500\" height=\"1500\" src=\"https:\/\/drersinaksu.com\/wp-content\/uploads\/2022\/10\/necmettin-ciros.jpg\" class=\"attachment-original size-original\" alt=\"\" srcset=\"https:\/\/drersinaksu.com\/wp-content\/uploads\/2022\/10\/necmettin-ciros.jpg 1500w, https:\/\/drersinaksu.com\/wp-content\/uploads\/2022\/10\/necmettin-ciros-300x300.jpg 300w, https:\/\/drersinaksu.com\/wp-content\/uploads\/2022\/10\/necmettin-ciros-1024x1024.jpg 1024w, https:\/\/drersinaksu.com\/wp-content\/uploads\/2022\/10\/necmettin-ciros-150x150.jpg 150w, https:\/\/drersinaksu.com\/wp-content\/uploads\/2022\/10\/necmettin-ciros-768x768.jpg 768w\" sizes=\"auto, (max-width: 1500px) 100vw, 1500px\" \/>\t\t\t\t\t\t\t\t\t\t\t<\/div>\n\t\t\t\t\t<\/div>\n\n\t\t<div class=\"box-text text-center dark\" style=\"background-color:rgb(0, 169, 140);\">\n\t\t\t<div class=\"box-text-inner\">\n\t\t\t\t\n<h4>Necmettin \u00c7\u0130ROS<\/h4>\n<p>Yurtd\u0131\u015f\u0131 Hasta Sorumlusu<\/p>\n\t\t\t<\/div>\n\t\t<\/div>\n\t<\/div>\n\t\n\t\t<\/div>\n\t\t\t\t\n<style>\n#col-797768641 > .col-inner {\n  border-radius: 10px;\n}\n<\/style>\n\t<\/div>\n\n\t\n<\/div>\n<div class=\"container section-title-container\" ><h3 class=\"section-title section-title-center\"><b aria-hidden=\"true\"><\/b><span class=\"section-title-main\" >Responsible for Transfer<\/span><b aria-hidden=\"true\"><\/b><\/h3><\/div>\n<div class=\"row align-center\"  id=\"row-1044292713\">\n\n\t<div id=\"col-1471736254\" class=\"col medium-4 small-11 large-4\"  data-animate=\"bounceIn\">\n\t\t\t\t<div class=\"col-inner box-shadow-2\"  >\n\t\t\t\n\t\t\t\n\t<div class=\"box has-hover asf_imagebox  has-hover box-text-bottom\" >\n\n\t\t<div class=\"box-image\" >\n\t\t\t\t\t\t<div class=\"\" >\n\t\t\t\t<img loading=\"lazy\" decoding=\"async\" width=\"1500\" height=\"1500\" src=\"https:\/\/drersinaksu.com\/wp-content\/uploads\/2022\/11\/Oguzhan-Mayasiz.jpg\" class=\"attachment-original size-original\" alt=\"\" srcset=\"https:\/\/drersinaksu.com\/wp-content\/uploads\/2022\/11\/Oguzhan-Mayasiz.jpg 1500w, https:\/\/drersinaksu.com\/wp-content\/uploads\/2022\/11\/Oguzhan-Mayasiz-300x300.jpg 300w, https:\/\/drersinaksu.com\/wp-content\/uploads\/2022\/11\/Oguzhan-Mayasiz-1024x1024.jpg 1024w, https:\/\/drersinaksu.com\/wp-content\/uploads\/2022\/11\/Oguzhan-Mayasiz-150x150.jpg 150w, https:\/\/drersinaksu.com\/wp-content\/uploads\/2022\/11\/Oguzhan-Mayasiz-768x768.jpg 768w\" sizes=\"auto, (max-width: 1500px) 100vw, 1500px\" \/>\t\t\t\t\t\t\t\t\t\t\t<\/div>\n\t\t\t\t\t<\/div>\n\n\t\t<div class=\"box-text text-center dark\" style=\"background-color:rgb(255, 161, 122);\">\n\t\t\t<div class=\"box-text-inner\">\n\t\t\t\t\n<h4>O\u011fuzhan MAYASIZ<\/h4>\n<p>Ula\u015f\u0131m Sorumlusu<\/p>\n\t\t\t<\/div>\n\t\t<\/div>\n\t<\/div>\n\t\n\t\t<\/div>\n\t\t\t\t\n<style>\n#col-1471736254 > .col-inner {\n  border-radius: 10px;\n}\n<\/style>\n\t<\/div>\n\n\t\n<\/div>\n<div class=\"container section-title-container\" ><h3 class=\"section-title section-title-center\"><b aria-hidden=\"true\"><\/b><span class=\"section-title-main\" >Production Team<\/span><b aria-hidden=\"true\"><\/b><\/h3><\/div>\n<div class=\"row align-center\"  id=\"row-1701141198\">\n\n\t<div id=\"col-2075639020\" class=\"col medium-4 small-11 large-4\"  data-animate=\"bounceIn\">\n\t\t\t\t<div class=\"col-inner box-shadow-2\"  >\n\t\t\t\n\t\t\t\n\t<div class=\"box has-hover asf_imagebox  has-hover box-text-bottom\" >\n\n\t\t<div class=\"box-image\" >\n\t\t\t\t\t\t<div class=\"\" >\n\t\t\t\t<img loading=\"lazy\" decoding=\"async\" width=\"750\" height=\"750\" src=\"https:\/\/drersinaksu.com\/wp-content\/uploads\/2021\/09\/Zeray-ULAS\u0327-SOSYAL-MEDYA-SORUMLUSU.jpg\" class=\"attachment-original size-original\" alt=\"\" srcset=\"https:\/\/drersinaksu.com\/wp-content\/uploads\/2021\/09\/Zeray-ULAS\u0327-SOSYAL-MEDYA-SORUMLUSU.jpg 750w, https:\/\/drersinaksu.com\/wp-content\/uploads\/2021\/09\/Zeray-ULAS\u0327-SOSYAL-MEDYA-SORUMLUSU-300x300.jpg 300w, https:\/\/drersinaksu.com\/wp-content\/uploads\/2021\/09\/Zeray-ULAS\u0327-SOSYAL-MEDYA-SORUMLUSU-150x150.jpg 150w\" sizes=\"auto, (max-width: 750px) 100vw, 750px\" \/>\t\t\t\t\t\t\t\t\t\t\t<\/div>\n\t\t\t\t\t<\/div>\n\n\t\t<div class=\"box-text text-center dark\" style=\"background-color:rgb(0, 169, 140);\">\n\t\t\t<div class=\"box-text-inner\">\n\t\t\t\t\n<h4>Zeray ULA\u015e<\/h4>\n<p>Sosyal Medya Ve Ekip Sorumlusu<\/p>\n\t\t\t<\/div>\n\t\t<\/div>\n\t<\/div>\n\t\n\t\t<\/div>\n\t\t\t\t\n<style>\n#col-2075639020 > .col-inner {\n  border-radius: 10px;\n}\n<\/style>\n\t<\/div>\n\n\t\n\n\t<div id=\"col-1394939869\" class=\"col medium-4 small-11 large-4\"  data-animate=\"bounceIn\">\n\t\t\t\t<div class=\"col-inner box-shadow-2\"  >\n\t\t\t\n\t\t\t\n\t<div class=\"box has-hover asf_imagebox  has-hover box-text-bottom\" >\n\n\t\t<div class=\"box-image\" >\n\t\t\t\t\t\t<div class=\"\" >\n\t\t\t\t<img loading=\"lazy\" decoding=\"async\" width=\"1500\" height=\"1500\" src=\"https:\/\/drersinaksu.com\/wp-content\/uploads\/2022\/11\/Oguzhan-Mayasiz.jpg\" class=\"attachment-original size-original\" alt=\"\" srcset=\"https:\/\/drersinaksu.com\/wp-content\/uploads\/2022\/11\/Oguzhan-Mayasiz.jpg 1500w, https:\/\/drersinaksu.com\/wp-content\/uploads\/2022\/11\/Oguzhan-Mayasiz-300x300.jpg 300w, https:\/\/drersinaksu.com\/wp-content\/uploads\/2022\/11\/Oguzhan-Mayasiz-1024x1024.jpg 1024w, https:\/\/drersinaksu.com\/wp-content\/uploads\/2022\/11\/Oguzhan-Mayasiz-150x150.jpg 150w, https:\/\/drersinaksu.com\/wp-content\/uploads\/2022\/11\/Oguzhan-Mayasiz-768x768.jpg 768w\" sizes=\"auto, (max-width: 1500px) 100vw, 1500px\" \/>\t\t\t\t\t\t\t\t\t\t\t<\/div>\n\t\t\t\t\t<\/div>\n\n\t\t<div class=\"box-text text-center dark\" style=\"background-color:rgb(0, 169, 140);\">\n\t\t\t<div class=\"box-text-inner\">\n\t\t\t\t\n<h4>O\u011fuzhan MAYASIZ<\/h4>\n<p>Sosyal Medya Sorumlusu<\/p>\n\t\t\t<\/div>\n\t\t<\/div>\n\t<\/div>\n\t\n\t\t<\/div>\n\t\t\t\t\n<style>\n#col-1394939869 > .col-inner {\n  border-radius: 10px;\n}\n<\/style>\n\t<\/div>\n\n\t\n<\/div>\n\t<div id=\"gap-669937185\" class=\"gap-element clearfix\" style=\"display:block; height:auto;\">\n\t\t\n<style>\n#gap-669937185 {\n  padding-top: 30px;\n}\n<\/style>\n\t<\/div>\n\t\n","protected":false},"excerpt":{"rendered":"","protected":false},"author":1,"featured_media":0,"parent":0,"menu_order":0,"comment_status":"closed","ping_status":"closed","template":"","meta":{"footnotes":""},"class_list":["post-980","page","type-page","status-publish","hentry"],"_links":{"self":[{"href":"https:\/\/drersinaksu.com\/en\/wp-json\/wp\/v2\/pages\/980","targetHints":{"allow":["GET"]}}],"collection":[{"href":"https:\/\/drersinaksu.com\/en\/wp-json\/wp\/v2\/pages"}],"about":[{"href":"https:\/\/drersinaksu.com\/en\/wp-json\/wp\/v2\/types\/page"}],"author":[{"embeddable":true,"href":"https:\/\/drersinaksu.com\/en\/wp-json\/wp\/v2\/users\/1"}],"replies":[{"embeddable":true,"href":"https:\/\/drersinaksu.com\/en\/wp-json\/wp\/v2\/comments?post=980"}],"version-history":[{"count":0,"href":"https:\/\/drersinaksu.com\/en\/wp-json\/wp\/v2\/pages\/980\/revisions"}],"wp:attachment":[{"href":"https:\/\/drersinaksu.com\/en\/wp-json\/wp\/v2\/media?parent=980"}],"curies":[{"name":"wp","href":"https:\/\/api.w.org\/{rel}","templated":true}]}}